{"id":508,"date":"2022-04-29T13:50:16","date_gmt":"2022-04-29T12:50:16","guid":{"rendered":"https:\/\/trnulja.com\/shop\/?page_id=508"},"modified":"2022-04-29T13:57:12","modified_gmt":"2022-04-29T12:57:12","slug":"politika-zasebnosti","status":"publish","type":"page","link":"https:\/\/trnulja.com\/shop\/politika-zasebnosti\/","title":{"rendered":"Politika zasebnosti"},"content":{"rendered":"<p>[et_pb_section fb_built=&#8221;1&#8243; _builder_version=&#8221;4.14.8&#8243; _module_preset=&#8221;default&#8221; max_width=&#8221;1180px&#8221; module_alignment=&#8221;center&#8221; custom_margin=&#8221;||||false|false&#8221; custom_padding=&#8221;50px|50px|30px|50px|false|false&#8221; locked=&#8221;off&#8221; global_colors_info=&#8221;{}&#8221; theme_builder_area=&#8221;post_content&#8221;][et_pb_row use_custom_gutter=&#8221;on&#8221; _builder_version=&#8221;4.9.2&#8243; _module_preset=&#8221;default&#8221; width=&#8221;100%&#8221; custom_margin=&#8221;0px||0px||false|false&#8221; custom_padding=&#8221;0px||0px||false|false&#8221; global_colors_info=&#8221;{}&#8221; theme_builder_area=&#8221;post_content&#8221;][et_pb_column type=&#8221;4_4&#8243; _builder_version=&#8221;4.9.2&#8243; _module_preset=&#8221;default&#8221; global_colors_info=&#8221;{}&#8221; theme_builder_area=&#8221;post_content&#8221;][et_pb_text _builder_version=&#8221;4.14.8&#8243; _module_preset=&#8221;default&#8221; text_font=&#8221;Merriweather|300|||||||&#8221; text_text_color=&#8221;#535352&#8243; text_font_size=&#8221;16px&#8221; text_line_height=&#8221;1.5em&#8221; header_font=&#8221;Open Sans||||||||&#8221; header_text_color=&#8221;#a7964c&#8221; header_font_size=&#8221;46px&#8221; background_color=&#8221;#FFFFFF&#8221; custom_margin=&#8221;||||false|false&#8221; custom_padding=&#8221;||||false|false&#8221; hover_enabled=&#8221;0&#8243; header_font_size_tablet=&#8221;46px&#8221; header_font_size_phone=&#8221;40px&#8221; header_font_size_last_edited=&#8221;on|phone&#8221; custom_css_main_element=&#8221;border-radius: 0px;||box-shadow: 0px 0px 0px 20px rgba(255,255,255,0.5); &#8221; border_color_all=&#8221;rgba(150,150,150,0.57)&#8221; global_colors_info=&#8221;{}&#8221; theme_builder_area=&#8221;post_content&#8221; sticky_enabled=&#8221;0&#8243;]<\/p>\n<h1>Politika zasebnosti<\/h1>\n<p>Politika zasebnosti in varovanja osebnih podatkov velja za vse obiskovalce spletne strani <a href=\"https:\/\/trnulja.com\/shop\/\">trnulja.com\/shop<\/a><strong><\/strong><\/p>\n<p>Ta politika velja za uporabnika, ko prvi\u010d obi\u0161\u010de spletno mesto in pri vseh kasnej\u0161ih obiskih. Z uporabo spletnega mesta in potrditvijo obvestila o pi\u0161kotkih in politike zasebnosti uporabnik potrjuje, da sprejema in se strinja z vsemi dolo\u010dbami te politike.<\/p>\n<p>Ta politika se lahko kadarkoli spremeni ali dopolni brez opozorila ali obvestila. Z uporabo spletnega mesta in potrditvijo obvestila o spremembi te politike uporabnik potrjuje, da se strinja s spremembami.<\/p>\n<p>Ponudnik vljudno prosi uporabnike, ki se ne strinjajo s to politiko ali njenimi spremembami ali dopolnitvami, da bodisi odklonijo obvestilo o pi\u0161kotkih ali zapustijo spletno mesto in ga tudi v bodo\u010de ne uporabljajo ve\u010d.<\/p>\n<p><strong>1. Podatki, ki se zbirajo o uporabnikih<\/strong><\/p>\n<p>Ponudnik v okviru statistike obiska spletnega mesta zbira IP naslove omre\u017eij, iz katerih so uporabniki dostopali do spletnega mesta, vendar pri tem ni mogo\u010da identifikacija uporabnikov.<\/p>\n<p>Ponudnik na spletnem mestu uporablja pi\u0161kotke (cookies), po katerih razpoznava uporabnike, vendar pa na ta na\u010din ni mogo\u010da identifikacija uporabnikov.<\/p>\n<p><strong>2. Obdelava podatkov<\/strong><\/p>\n<p>Ponudnik bo zbrane podatke o uporabnikih uporabljal izklju\u010dno za naslednje namene:<\/p>\n<ul>\n<li>omogo\u010danje prijave na spletnem mestu ter podeljevanje dolo\u010denih pravic in omogo\u010danje dostopa do dolo\u010denih delov spletnega mesta registriranim uporabnikom \/ strankam;<\/li>\n<li>statisti\u010dne in marketin\u0161ke analzile ter raziskave v zvezi z obiskovalci spletnega mesta; analize in raziskave lahko ponudnik po\u0161ilja ogla\u0161evalcem, vendar pri tem ne sme razkriti nobenega podatka, ki se nana\u0161a na konkretnega uporabnika;<\/li>\n<\/ul>\n<p>Lastnik spletnega mesta se obvezuje, da pridobljenih podatkov ne bo posredoval tretjim osebam (z izjemo podatkov, ki se prena\u0161ajo preko spodnjih pi\u0161kotov).\u00a0<\/p>\n<p><strong>3. Varovanje podatkov in \u010das hrambe<\/strong><\/p>\n<p>Ponudnik vse podatke o uporabnikih varuje skladno s to politiko. Ponudnik redno izvaja varnostno kopiranje podatkov, poleg tega je povezava med obiskovalci in spletnim mestom \u0161ifrirana s pomo\u010djo SSL certifikata.<\/p>\n<p>Uporabnik je seznanjen in sogla\u0161a, da lahko ponudnik podatke hrani, dokler je to nujno potrebno za dosego namena, za katerega so bili podatki zbrani, nato pa jih mora trajno izbrisati.<\/p>\n<p><strong>4. Uporaba pi\u0161kotkov<\/strong><\/p>\n<p><strong>\u2013 Kaj so pi\u0161kotki?<\/strong><\/p>\n<p>So tekstovne datoteke, ki omogo\u010dajo, da ob ponovnem obisku na spletno stran ohranite nastavitve, ki ste jih \u017ee uporabili (npr. enkratna prijava brez vnovi\u010dnega vna\u0161anja uporabni\u0161kega imena in gesla). Pi\u0161kotke uporablja ve\u010dina spletnih mest. S tem stran ponuja bolj\u0161o uporabni\u0161ko izku\u0161njo, prav tako pa s pomo\u010djo pridobljenih statisti\u010dnih podatkov, ponujamo bolj\u0161o in bolj relevantno vsebino.<\/p>\n<p>Za ve\u010djo preglednost uporabe pi\u0161kotkov, ki jih potrdite, smo te zapisali v tabelo, dodali jasen namen in trajanje. Pri tem upo\u0161tevamo zakon in predpise, predvsem Zakon o elektronskih komunikacijah (Uradni list \u0161t. 109\/2012; v nadaljevanju ZEKom-1).<\/p>\n<p><strong>\u2013 Kaj so nujni pi\u0161kotki?<\/strong><\/p>\n<p>To so tisti pi\u0161kotki, ki se morajo prenesti, da lahko stran pravilno deluje in da ima uporabnik \u010dim bolj\u0161o uporabni\u0161ko izku\u0161njo. Prvi so pi\u0161kotki, ki omogo\u010dajo pravilno funkcionalnost in delovanje strani (npr. PHPSESSID). Omogo\u010dajo zagotavljanje varnosti in u\u010dinkovitost. Drugi so pi\u0161kotki (npr. wordpress_HASH), ki zagotavljajo storitev, ki jo uporabniki izrecno zahtevajo, to je prijava in registracija.<\/p>\n<table class=\" alignleft\">\n<thead>\n<tr>\n<td><strong>IME PI\u0160KOTKA<\/strong><\/td>\n<td><strong>NAMEN<\/strong><\/td>\n<td><strong>TRAJANJE<\/strong><\/td>\n<\/tr>\n<\/thead>\n<tbody>\n<tr>\n<td>PHPSESSID<\/td>\n<td>Pi\u0161kotek omogo\u010da shranjevanje sej med posameznimi zahtevami znotraj sistema za upravljanje z vsebinami.<\/td>\n<td>Seja<\/td>\n<\/tr>\n<tr>\n<td>wordpress_HASH<\/td>\n<td>Pi\u0161kotek vsebuje podatke o avtentikaciji uporabnika, uporablja pa se v administrativnem vmesniku znotraj sistema za upravljanje z vsebinami.<\/td>\n<td>Seja<\/td>\n<\/tr>\n<tr>\n<td>wordpress_logged_in_HASH<\/td>\n<td>Pi\u0161kotek vsebuje podatke o avtentikaciji uporabnika, uporablja pa se v administrativnem vmesniku znotraj sistema za upravljanje z vsebinami.<\/td>\n<td>Seja<\/td>\n<\/tr>\n<tr>\n<td>WordPress_cookie<\/td>\n<td>Pi\u0161kotek slu\u017ei preveranju, ali brskalnik lahko sprejme pi\u0161kotke ali ne.<\/td>\n<td>Seja<\/td>\n<\/tr>\n<\/tbody>\n<\/table>\n<p><strong>\u2013 Pi\u0161kotki, za katere potrebujemo va\u0161e izrecno dovoljenje<\/strong><\/p>\n<p>To so tisti, ki nam pomagajo, da stran posodabljamo, ponujamo relevantne in uporabne informacije ter vam omogo\u010damo uporabo na\u0161e spletne strani v povezavi z dru\u017ebenimi omre\u017eji. Prvi so pi\u0161kotki vezani na spremljanje statistike. Statistika, ki jo pridobimo, ni vezana na IP ra\u010dunalnika in se zbira anonimno. Z njo lahko izbolj\u0161amo vsebine na spletni strani in pridobimo statisti\u010dne informacije, ki omogo\u010dajo, da spletno stran prilagodimo va\u0161im potrebam. Statistiko uporabljamo le za lastne namene. Drugi pi\u0161kotki so vezani na ogla\u0161evanje. Te zbiramo za lastno statistiko in za tretjo stran. Tretji pi\u0161kotki so pi\u0161kotki vezani na vti\u010dnike dru\u017ebenih omre\u017eij, npr. Facebook Like okno.<\/p>\n<table class=\" alignleft\">\n<tbody>\n<tr>\n<td width=\"106\">\u00a0<\/td>\n<td width=\"95\"><strong>Ime pi\u0161kotka<\/strong><\/td>\n<td width=\"139\"><strong>Opis<\/strong><\/td>\n<td width=\"112\"><strong>Trajanje<\/strong><\/td>\n<td width=\"313\"><strong>Izbira<\/strong><\/td>\n<\/tr>\n<tr>\n<td rowspan=\"4\" width=\"106\">Pi\u0161kotki za namen analiziranja prometa (Google Analytics)<\/td>\n<td width=\"95\">utma<\/td>\n<td rowspan=\"4\" width=\"139\">Statistika ogledov spletne strani. Podatke, ki jih pridobimo, Google ne uporablja za svoje namene.<\/td>\n<td width=\"112\">2 leti<\/td>\n<td rowspan=\"4\" width=\"313\">\u010ce \u017eelite onemogo\u010diti spremljanje va\u0161ega obiska preko Google Analytics, potem si namestite orodje Google Analytics Opt-out browser, ki ga lahko dobite na\u00a0<a href=\"https:\/\/tools.google.com\/dlpage\/gaoptout\">https:\/\/tools.google.com\/dlpage\/gaoptout<\/a>ali pa spodaj ozna\u010dite, da se ne strinjate z uporabo. Vsi pi\u0161kotki so v lasti podjetja Google.<\/td>\n<\/tr>\n<tr>\n<td width=\"95\">utmb<\/td>\n<td width=\"112\">30 minut<\/td>\n<\/tr>\n<tr>\n<td width=\"95\">utmc<\/td>\n<td width=\"112\">Do zaprtja brskalnika<\/td>\n<\/tr>\n<tr>\n<td width=\"95\">utmz<\/td>\n<td width=\"112\">6 mesecev<\/td>\n<\/tr>\n<tr>\n<td rowspan=\"2\" width=\"106\">Pi\u0161kotki vezani na vti\u010dnike dru\u017ebenih omre\u017eij, kadar so ti uporabljeni kot sledilni pi\u0161kotki<\/td>\n<td width=\"95\">fbm<\/td>\n<td rowspan=\"2\" width=\"139\">Pi\u0161kotki, uporabljeni pri Facebook Like oknu.<\/td>\n<td width=\"112\">2 leti<\/td>\n<td rowspan=\"2\" width=\"313\">\u010ce ne \u017eelite, da Facebook zbira va\u0161e pi\u0161kotke, obi\u0161\u010dite na\u0161o spletno stran, brez da ste prijavljeni na Facebook.Vsi pi\u0161kotki so v lasti podjetja Facebook.<\/td>\n<\/tr>\n<tr>\n<td width=\"95\">fbsr<\/td>\n<td width=\"112\">5 dni<\/td>\n<\/tr>\n<\/tbody>\n<\/table>\n<p>&nbsp;<\/p>\n<p><strong>5. Pravice uporabnikov<\/strong><\/p>\n<p>Kljub temu, da preko podatkov, ki jih zbiramo na spletni strani, ni mogo\u010de identificirati posameznega uporabnika, pa lahko uporabnik od ponudnika z zahtevo, ki jo po\u0161lje na na\u0161 e-mail naslov,\u00a0zahteva:<\/p>\n<p>\u2013 da mu ponudnik potrdi, ali zbira ali obdeluje podatke, ki se nana\u0161ajo na uporabnika, ter katere podatke zbira in obdeluje,<\/p>\n<p>\u2013 da ponudnik dopolni in popravi podatke, ki se nana\u0161ajo nanj,<\/p>\n<p>\u2013 da ponudnik po\u0161lje elektronsko kopijo podatkov, ki se nana\u0161ajo na uporabnika,<\/p>\n<p>\u2013 da ponudnik trajno izbri\u0161e vse podatke, ki se nana\u0161ajo na uporabnika.<\/p>\n<p>O vsaki spremembi glede zbiranja osebnih podatkov vas bomo jasno obvestili.<\/p>\n<p><strong>6. Priporo\u010dila za varovanje zasebnosti<br \/><\/strong><br \/>Priporo\u010damo vam, da za varovanje va\u0161e zasebnosti in osebnih podatkov poskrbite tudi sami. Vsak posameznik je dogovoren, da poskrbi za:<br \/>\u2013 varnost uporabni\u0161kega imena in gesel, ki naj ga ustrezno hrani ter razkrije le tistim osebam, ki jim popolnoma zaupa,<br \/>\u2013 varnost svojega elektronskega naslova,<br \/>\u2013 ter ustrezno programsko (protivirusno) za\u0161\u010dito svojega ra\u010dunalnika oziroma drugih naprav za dostop do razli\u010dnih vsebin.<\/p>\n<p>\u00a0<strong>7. Kon\u010dna dolo\u010dba<\/strong><\/p>\n<p>Neveljavnost katerekoli dolo\u010dbe te politike, ne glede na razlog neveljavnosti, ne pomeni neveljavnosti te politike kot celote. V takem primeru se neveljavna dolo\u010dba \u0161teje za nezapisano, ta politika pa velja naprej brez te dolo\u010dbe.<\/p>\n<p><strong>8. Kontakt<\/strong><\/p>\n<p>Na\u0161e kontaktne podatke lahko najdete na podstrani kontakt ali na dnu na\u0161e spletne strani.<\/p>\n<p>[\/et_pb_text][\/et_pb_column][\/et_pb_row][\/et_pb_section]<\/p>\n","protected":false},"excerpt":{"rendered":"<p>Politika zasebnosti Politika zasebnosti in varovanja osebnih podatkov velja za vse obiskovalce spletne strani trnulja.com\/shop Ta politika velja za uporabnika, ko prvi\u010d obi\u0161\u010de spletno mesto in pri vseh kasnej\u0161ih obiskih. Z uporabo spletnega mesta in potrditvijo obvestila o pi\u0161kotkih in politike zasebnosti uporabnik potrjuje, da sprejema in se strinja z vsemi dolo\u010dbami te politike. Ta [&hellip;]<\/p>\n","protected":false},"author":1,"featured_media":0,"parent":0,"menu_order":0,"comment_status":"closed","ping_status":"closed","template":"","meta":{"_et_pb_use_builder":"on","_et_pb_old_content":"","_et_gb_content_width":"","footnotes":""},"class_list":["post-508","page","type-page","status-publish","hentry"],"yoast_head":"<!-- This site is optimized with the Yoast SEO plugin v26.4 - https:\/\/yoast.com\/wordpress\/plugins\/seo\/ -->\n<title>Politika zasebnosti - Trnuljina spletna trgovina<\/title>\n<meta name=\"robots\" content=\"index, follow, max-snippet:-1, max-image-preview:large, max-video-preview:-1\" \/>\n<link rel=\"canonical\" href=\"https:\/\/trnulja.com\/shop\/politika-zasebnosti\/\" \/>\n<meta property=\"og:locale\" content=\"sl_SI\" \/>\n<meta property=\"og:type\" content=\"article\" \/>\n<meta property=\"og:title\" content=\"Politika zasebnosti - Trnuljina spletna trgovina\" \/>\n<meta property=\"og:description\" content=\"Politika zasebnosti Politika zasebnosti in varovanja osebnih podatkov velja za vse obiskovalce spletne strani trnulja.com\/shop Ta politika velja za uporabnika, ko prvi\u010d obi\u0161\u010de spletno mesto in pri vseh kasnej\u0161ih obiskih. Z uporabo spletnega mesta in potrditvijo obvestila o pi\u0161kotkih in politike zasebnosti uporabnik potrjuje, da sprejema in se strinja z vsemi dolo\u010dbami te politike. Ta [&hellip;]\" \/>\n<meta property=\"og:url\" content=\"https:\/\/trnulja.com\/shop\/politika-zasebnosti\/\" \/>\n<meta property=\"og:site_name\" content=\"Trnuljina spletna trgovina\" \/>\n<meta property=\"article:modified_time\" content=\"2022-04-29T12:57:12+00:00\" \/>\n<meta name=\"twitter:card\" content=\"summary_large_image\" \/>\n<script type=\"application\/ld+json\" class=\"yoast-schema-graph\">{\"@context\":\"https:\/\/schema.org\",\"@graph\":[{\"@type\":\"WebPage\",\"@id\":\"https:\/\/trnulja.com\/shop\/politika-zasebnosti\/\",\"url\":\"https:\/\/trnulja.com\/shop\/politika-zasebnosti\/\",\"name\":\"Politika zasebnosti - Trnuljina spletna trgovina\",\"isPartOf\":{\"@id\":\"https:\/\/trnulja.com\/shop\/#website\"},\"datePublished\":\"2022-04-29T12:50:16+00:00\",\"dateModified\":\"2022-04-29T12:57:12+00:00\",\"breadcrumb\":{\"@id\":\"https:\/\/trnulja.com\/shop\/politika-zasebnosti\/#breadcrumb\"},\"inLanguage\":\"sl-SI\",\"potentialAction\":[{\"@type\":\"ReadAction\",\"target\":[\"https:\/\/trnulja.com\/shop\/politika-zasebnosti\/\"]}]},{\"@type\":\"BreadcrumbList\",\"@id\":\"https:\/\/trnulja.com\/shop\/politika-zasebnosti\/#breadcrumb\",\"itemListElement\":[{\"@type\":\"ListItem\",\"position\":1,\"name\":\"Home\",\"item\":\"https:\/\/trnulja.com\/shop\/\"},{\"@type\":\"ListItem\",\"position\":2,\"name\":\"Politika zasebnosti\"}]},{\"@type\":\"WebSite\",\"@id\":\"https:\/\/trnulja.com\/shop\/#website\",\"url\":\"https:\/\/trnulja.com\/shop\/\",\"name\":\"Trnuljina spletna trgovina\",\"description\":\"\u0160e eno spleti\u0161\u010de WordPress\",\"potentialAction\":[{\"@type\":\"SearchAction\",\"target\":{\"@type\":\"EntryPoint\",\"urlTemplate\":\"https:\/\/trnulja.com\/shop\/?s={search_term_string}\"},\"query-input\":{\"@type\":\"PropertyValueSpecification\",\"valueRequired\":true,\"valueName\":\"search_term_string\"}}],\"inLanguage\":\"sl-SI\"}]}<\/script>\n<!-- \/ Yoast SEO plugin. -->","yoast_head_json":{"title":"Politika zasebnosti - Trnuljina spletna trgovina","robots":{"index":"index","follow":"follow","max-snippet":"max-snippet:-1","max-image-preview":"max-image-preview:large","max-video-preview":"max-video-preview:-1"},"canonical":"https:\/\/trnulja.com\/shop\/politika-zasebnosti\/","og_locale":"sl_SI","og_type":"article","og_title":"Politika zasebnosti - Trnuljina spletna trgovina","og_description":"Politika zasebnosti Politika zasebnosti in varovanja osebnih podatkov velja za vse obiskovalce spletne strani trnulja.com\/shop Ta politika velja za uporabnika, ko prvi\u010d obi\u0161\u010de spletno mesto in pri vseh kasnej\u0161ih obiskih. Z uporabo spletnega mesta in potrditvijo obvestila o pi\u0161kotkih in politike zasebnosti uporabnik potrjuje, da sprejema in se strinja z vsemi dolo\u010dbami te politike. Ta [&hellip;]","og_url":"https:\/\/trnulja.com\/shop\/politika-zasebnosti\/","og_site_name":"Trnuljina spletna trgovina","article_modified_time":"2022-04-29T12:57:12+00:00","twitter_card":"summary_large_image","schema":{"@context":"https:\/\/schema.org","@graph":[{"@type":"WebPage","@id":"https:\/\/trnulja.com\/shop\/politika-zasebnosti\/","url":"https:\/\/trnulja.com\/shop\/politika-zasebnosti\/","name":"Politika zasebnosti - Trnuljina spletna trgovina","isPartOf":{"@id":"https:\/\/trnulja.com\/shop\/#website"},"datePublished":"2022-04-29T12:50:16+00:00","dateModified":"2022-04-29T12:57:12+00:00","breadcrumb":{"@id":"https:\/\/trnulja.com\/shop\/politika-zasebnosti\/#breadcrumb"},"inLanguage":"sl-SI","potentialAction":[{"@type":"ReadAction","target":["https:\/\/trnulja.com\/shop\/politika-zasebnosti\/"]}]},{"@type":"BreadcrumbList","@id":"https:\/\/trnulja.com\/shop\/politika-zasebnosti\/#breadcrumb","itemListElement":[{"@type":"ListItem","position":1,"name":"Home","item":"https:\/\/trnulja.com\/shop\/"},{"@type":"ListItem","position":2,"name":"Politika zasebnosti"}]},{"@type":"WebSite","@id":"https:\/\/trnulja.com\/shop\/#website","url":"https:\/\/trnulja.com\/shop\/","name":"Trnuljina spletna trgovina","description":"\u0160e eno spleti\u0161\u010de WordPress","potentialAction":[{"@type":"SearchAction","target":{"@type":"EntryPoint","urlTemplate":"https:\/\/trnulja.com\/shop\/?s={search_term_string}"},"query-input":{"@type":"PropertyValueSpecification","valueRequired":true,"valueName":"search_term_string"}}],"inLanguage":"sl-SI"}]}},"_links":{"self":[{"href":"https:\/\/trnulja.com\/shop\/wp-json\/wp\/v2\/pages\/508","targetHints":{"allow":["GET"]}}],"collection":[{"href":"https:\/\/trnulja.com\/shop\/wp-json\/wp\/v2\/pages"}],"about":[{"href":"https:\/\/trnulja.com\/shop\/wp-json\/wp\/v2\/types\/page"}],"author":[{"embeddable":true,"href":"https:\/\/trnulja.com\/shop\/wp-json\/wp\/v2\/users\/1"}],"replies":[{"embeddable":true,"href":"https:\/\/trnulja.com\/shop\/wp-json\/wp\/v2\/comments?post=508"}],"version-history":[{"count":3,"href":"https:\/\/trnulja.com\/shop\/wp-json\/wp\/v2\/pages\/508\/revisions"}],"predecessor-version":[{"id":515,"href":"https:\/\/trnulja.com\/shop\/wp-json\/wp\/v2\/pages\/508\/revisions\/515"}],"wp:attachment":[{"href":"https:\/\/trnulja.com\/shop\/wp-json\/wp\/v2\/media?parent=508"}],"curies":[{"name":"wp","href":"https:\/\/api.w.org\/{rel}","templated":true}]}}