{"id":513,"date":"2022-04-29T14:00:49","date_gmt":"2022-04-29T13:00:49","guid":{"rendered":"https:\/\/trnulja.com\/shop\/?page_id=513"},"modified":"2022-04-29T14:00:56","modified_gmt":"2022-04-29T13:00:56","slug":"kontakt","status":"publish","type":"page","link":"https:\/\/trnulja.com\/shop\/kontakt\/","title":{"rendered":"Kontakt"},"content":{"rendered":"<p>[et_pb_section fb_built=&#8221;1&#8243; _builder_version=&#8221;4.14.8&#8243; _module_preset=&#8221;default&#8221; max_width=&#8221;1180px&#8221; module_alignment=&#8221;center&#8221; custom_margin=&#8221;||||false|false&#8221; custom_padding=&#8221;50px|50px|30px|50px|false|false&#8221; locked=&#8221;off&#8221; global_colors_info=&#8221;{}&#8221; theme_builder_area=&#8221;post_content&#8221;][et_pb_row use_custom_gutter=&#8221;on&#8221; _builder_version=&#8221;4.9.2&#8243; _module_preset=&#8221;default&#8221; width=&#8221;100%&#8221; custom_margin=&#8221;0px||0px||false|false&#8221; custom_padding=&#8221;0px||0px||false|false&#8221; global_colors_info=&#8221;{}&#8221; theme_builder_area=&#8221;post_content&#8221;][et_pb_column type=&#8221;4_4&#8243; _builder_version=&#8221;4.9.2&#8243; _module_preset=&#8221;default&#8221; global_colors_info=&#8221;{}&#8221; theme_builder_area=&#8221;post_content&#8221;][et_pb_text _builder_version=&#8221;4.14.8&#8243; _module_preset=&#8221;default&#8221; text_font=&#8221;Merriweather|300|||||||&#8221; text_text_color=&#8221;#535352&#8243; text_font_size=&#8221;16px&#8221; text_line_height=&#8221;1.5em&#8221; header_font=&#8221;Open Sans||||||||&#8221; header_text_color=&#8221;#a7964c&#8221; header_font_size=&#8221;46px&#8221; background_color=&#8221;#FFFFFF&#8221; custom_margin=&#8221;||||false|false&#8221; custom_padding=&#8221;||||false|false&#8221; hover_enabled=&#8221;0&#8243; header_font_size_tablet=&#8221;46px&#8221; header_font_size_phone=&#8221;40px&#8221; header_font_size_last_edited=&#8221;on|phone&#8221; custom_css_main_element=&#8221;border-radius: 0px;||box-shadow: 0px 0px 0px 20px rgba(255,255,255,0.5); &#8221; border_color_all=&#8221;rgba(150,150,150,0.57)&#8221; global_colors_info=&#8221;{}&#8221; theme_builder_area=&#8221;post_content&#8221; sticky_enabled=&#8221;0&#8243; link_text_color=&#8221;#003d83&#8243; link_font=&#8221;|600|||||||&#8221;]<\/p>\n<h1>Kontakt<\/h1>\n<p>MIHA PUPIS &#8211; NOSILEC DOPOLNILNE DEJAVNOSTI NA KMETIJI, KMETIJA TRNULJA<br \/>\u010crna vas 265<br \/>1000 Ljubljana<br \/>Slovenija<\/p>\n<p>m <a href=\"tel:0038641622062\">+386 41 622 062<\/a><br \/>t <a href=\"tel:0038614271903\">+386 1 4271 903<\/a><br \/>e <a href=\"mailto:info@trnulja.com\">info@trnulja.com<\/a><\/p>\n<p>Dav\u010dna \u0161tevilka: SI73997005<br \/>Mati\u010dna \u0161tevilka: 2356236000<br \/>TRR: <span class=\"col-12 b-attr-value\">SI56 1914 0501 1599 997 <\/span><span class=\"col-12 b-attr-value-detail\">(DBS d.d.)<\/span><\/p>\n<p>&nbsp;<\/p>\n<p>[\/et_pb_text][\/et_pb_column][\/et_pb_row][\/et_pb_section]<\/p>\n","protected":false},"excerpt":{"rendered":"<p>Kontakt MIHA PUPIS &#8211; NOSILEC DOPOLNILNE DEJAVNOSTI NA KMETIJI, KMETIJA TRNULJA\u010crna vas 2651000 LjubljanaSlovenija m +386 41 622 062t +386 1 4271 903e info@trnulja.com Dav\u010dna \u0161tevilka: SI73997005Mati\u010dna \u0161tevilka: 2356236000TRR: SI56 1914 0501 1599 997 (DBS d.d.) &nbsp;<\/p>\n","protected":false},"author":1,"featured_media":0,"parent":0,"menu_order":0,"comment_status":"closed","ping_status":"closed","template":"","meta":{"_et_pb_use_builder":"on","_et_pb_old_content":"","_et_gb_content_width":"","footnotes":""},"class_list":["post-513","page","type-page","status-publish","hentry"],"yoast_head":"<!-- This site is optimized with the Yoast SEO plugin v26.4 - https:\/\/yoast.com\/wordpress\/plugins\/seo\/ -->\n<title>Kontakt - Trnuljina spletna trgovina<\/title>\n<meta name=\"robots\" content=\"index, follow, max-snippet:-1, max-image-preview:large, max-video-preview:-1\" \/>\n<link rel=\"canonical\" href=\"https:\/\/trnulja.com\/shop\/kontakt\/\" \/>\n<meta property=\"og:locale\" content=\"sl_SI\" \/>\n<meta property=\"og:type\" content=\"article\" \/>\n<meta property=\"og:title\" content=\"Kontakt - Trnuljina spletna trgovina\" \/>\n<meta property=\"og:description\" content=\"Kontakt MIHA PUPIS - NOSILEC DOPOLNILNE DEJAVNOSTI NA KMETIJI, KMETIJA TRNULJA\u010crna vas 2651000 LjubljanaSlovenija m +386 41 622 062t +386 1 4271 903e info@trnulja.com Dav\u010dna \u0161tevilka: SI73997005Mati\u010dna \u0161tevilka: 2356236000TRR: SI56 1914 0501 1599 997 (DBS d.d.) &nbsp;\" \/>\n<meta property=\"og:url\" content=\"https:\/\/trnulja.com\/shop\/kontakt\/\" \/>\n<meta property=\"og:site_name\" content=\"Trnuljina spletna trgovina\" \/>\n<meta property=\"article:modified_time\" content=\"2022-04-29T13:00:56+00:00\" \/>\n<meta name=\"twitter:card\" content=\"summary_large_image\" \/>\n<script type=\"application\/ld+json\" class=\"yoast-schema-graph\">{\"@context\":\"https:\/\/schema.org\",\"@graph\":[{\"@type\":\"WebPage\",\"@id\":\"https:\/\/trnulja.com\/shop\/kontakt\/\",\"url\":\"https:\/\/trnulja.com\/shop\/kontakt\/\",\"name\":\"Kontakt - Trnuljina spletna trgovina\",\"isPartOf\":{\"@id\":\"https:\/\/trnulja.com\/shop\/#website\"},\"datePublished\":\"2022-04-29T13:00:49+00:00\",\"dateModified\":\"2022-04-29T13:00:56+00:00\",\"breadcrumb\":{\"@id\":\"https:\/\/trnulja.com\/shop\/kontakt\/#breadcrumb\"},\"inLanguage\":\"sl-SI\",\"potentialAction\":[{\"@type\":\"ReadAction\",\"target\":[\"https:\/\/trnulja.com\/shop\/kontakt\/\"]}]},{\"@type\":\"BreadcrumbList\",\"@id\":\"https:\/\/trnulja.com\/shop\/kontakt\/#breadcrumb\",\"itemListElement\":[{\"@type\":\"ListItem\",\"position\":1,\"name\":\"Home\",\"item\":\"https:\/\/trnulja.com\/shop\/\"},{\"@type\":\"ListItem\",\"position\":2,\"name\":\"Kontakt\"}]},{\"@type\":\"WebSite\",\"@id\":\"https:\/\/trnulja.com\/shop\/#website\",\"url\":\"https:\/\/trnulja.com\/shop\/\",\"name\":\"Trnuljina spletna trgovina\",\"description\":\"\u0160e eno spleti\u0161\u010de WordPress\",\"potentialAction\":[{\"@type\":\"SearchAction\",\"target\":{\"@type\":\"EntryPoint\",\"urlTemplate\":\"https:\/\/trnulja.com\/shop\/?s={search_term_string}\"},\"query-input\":{\"@type\":\"PropertyValueSpecification\",\"valueRequired\":true,\"valueName\":\"search_term_string\"}}],\"inLanguage\":\"sl-SI\"}]}<\/script>\n<!-- \/ Yoast SEO plugin. -->","yoast_head_json":{"title":"Kontakt - Trnuljina spletna trgovina","robots":{"index":"index","follow":"follow","max-snippet":"max-snippet:-1","max-image-preview":"max-image-preview:large","max-video-preview":"max-video-preview:-1"},"canonical":"https:\/\/trnulja.com\/shop\/kontakt\/","og_locale":"sl_SI","og_type":"article","og_title":"Kontakt - Trnuljina spletna trgovina","og_description":"Kontakt MIHA PUPIS - NOSILEC DOPOLNILNE DEJAVNOSTI NA KMETIJI, KMETIJA TRNULJA\u010crna vas 2651000 LjubljanaSlovenija m +386 41 622 062t +386 1 4271 903e info@trnulja.com Dav\u010dna \u0161tevilka: SI73997005Mati\u010dna \u0161tevilka: 2356236000TRR: SI56 1914 0501 1599 997 (DBS d.d.) &nbsp;","og_url":"https:\/\/trnulja.com\/shop\/kontakt\/","og_site_name":"Trnuljina spletna trgovina","article_modified_time":"2022-04-29T13:00:56+00:00","twitter_card":"summary_large_image","schema":{"@context":"https:\/\/schema.org","@graph":[{"@type":"WebPage","@id":"https:\/\/trnulja.com\/shop\/kontakt\/","url":"https:\/\/trnulja.com\/shop\/kontakt\/","name":"Kontakt - Trnuljina spletna trgovina","isPartOf":{"@id":"https:\/\/trnulja.com\/shop\/#website"},"datePublished":"2022-04-29T13:00:49+00:00","dateModified":"2022-04-29T13:00:56+00:00","breadcrumb":{"@id":"https:\/\/trnulja.com\/shop\/kontakt\/#breadcrumb"},"inLanguage":"sl-SI","potentialAction":[{"@type":"ReadAction","target":["https:\/\/trnulja.com\/shop\/kontakt\/"]}]},{"@type":"BreadcrumbList","@id":"https:\/\/trnulja.com\/shop\/kontakt\/#breadcrumb","itemListElement":[{"@type":"ListItem","position":1,"name":"Home","item":"https:\/\/trnulja.com\/shop\/"},{"@type":"ListItem","position":2,"name":"Kontakt"}]},{"@type":"WebSite","@id":"https:\/\/trnulja.com\/shop\/#website","url":"https:\/\/trnulja.com\/shop\/","name":"Trnuljina spletna trgovina","description":"\u0160e eno spleti\u0161\u010de WordPress","potentialAction":[{"@type":"SearchAction","target":{"@type":"EntryPoint","urlTemplate":"https:\/\/trnulja.com\/shop\/?s={search_term_string}"},"query-input":{"@type":"PropertyValueSpecification","valueRequired":true,"valueName":"search_term_string"}}],"inLanguage":"sl-SI"}]}},"_links":{"self":[{"href":"https:\/\/trnulja.com\/shop\/wp-json\/wp\/v2\/pages\/513","targetHints":{"allow":["GET"]}}],"collection":[{"href":"https:\/\/trnulja.com\/shop\/wp-json\/wp\/v2\/pages"}],"about":[{"href":"https:\/\/trnulja.com\/shop\/wp-json\/wp\/v2\/types\/page"}],"author":[{"embeddable":true,"href":"https:\/\/trnulja.com\/shop\/wp-json\/wp\/v2\/users\/1"}],"replies":[{"embeddable":true,"href":"https:\/\/trnulja.com\/shop\/wp-json\/wp\/v2\/comments?post=513"}],"version-history":[{"count":2,"href":"https:\/\/trnulja.com\/shop\/wp-json\/wp\/v2\/pages\/513\/revisions"}],"predecessor-version":[{"id":517,"href":"https:\/\/trnulja.com\/shop\/wp-json\/wp\/v2\/pages\/513\/revisions\/517"}],"wp:attachment":[{"href":"https:\/\/trnulja.com\/shop\/wp-json\/wp\/v2\/media?parent=513"}],"curies":[{"name":"wp","href":"https:\/\/api.w.org\/{rel}","templated":true}]}}