{"id":1088,"date":"2023-05-10T16:16:20","date_gmt":"2023-05-10T15:16:20","guid":{"rendered":"https:\/\/trnulja.com\/shop\/?post_type=product&#038;p=1088"},"modified":"2025-11-18T10:41:28","modified_gmt":"2025-11-18T09:41:28","slug":"ekoloski-koruzniki-v-darilnem-kozarcu-150-g","status":"publish","type":"product","link":"https:\/\/trnulja.com\/shop\/izdelek\/ekoloski-koruzniki-v-darilnem-kozarcu-150-g\/","title":{"rendered":"Ekolo\u0161ki Koruzniki v darilnem kozarcu, 150 g"},"content":{"rendered":"<p>Koruzniki so ekolo\u0161ki koruzni pi\u0161koti \u2013 skrbno zameseni, ro\u010dno oblikovani in ravno prav pe\u010deni za popoln posladek, ki se kar stopi v ustih. Pripravljamo jih po hi\u0161ni recepturi s koruzno moko iz koruze kontrolirane ekolo\u0161ke pridelave, ki raste v okolici na\u0161ega posestva na Ljubljanskem barju. V pakiranju najdete dve vrsti pi\u0161kotov: s kakavom ali brez njega.<\/p>\n<p>Koruzniki so odli\u010dna izbira za sladkanje, \u010de ste ob\u010dutljivi na gluten. Koruzna moka ja namre\u010d brez glutena, na\u0161a koruza pa je poleg tega mleta v mlinu, kjer se glutenskih \u017eit ne melje.<\/p>\n<p>Koruzniki ali ekolo\u0161ki koruzni pi\u0161koti \u0161e posebej teknejo ob skodelici toplega \u010daja ali di\u0161e\u010dem kakavu. So odli\u010dna izbira, \u010de \u017eelite kakovosten posladek za svoje otroke \u2013 doma ali na poti. Privo\u0161\u010dite si jih brez slabe vesti, saj so popolnoma ekolo\u0161ki in povsem brez dodanih konzervansov. Najvi\u0161ja kakovost koruzne moke iz na\u0161e lastne pridelave je na\u0161e zagotovilo za polnost okusa. Da bi koruzni pi\u0161koti kar najdlje ostali taki, kot morajo biti, pa jih shranjujte v suhem prostoru, za\u0161\u010ditene pred toploto in svetlobo.<\/p>\n<h3><\/h3>\n<h3>Katere hranilne snovi vsebuje ekolo\u0161ka koruzna moka in s tem koruzniki?<\/h3>\n<p>Ekolo\u0161ko koruzno moko pridobimo tako, da v na\u0161em mlinu, namenjenemu samo mletju koruze, koruzna zrna zmeljemo v fin prah. Koruzo za vse na\u0161e koruzne proizvode gojimo v okolici na\u0161ega trajnostnega posestva Trnulja popolnoma v skladu s principi ekolo\u0161ke pridelave. Moka iz ekolo\u0161ke pridelave in s tem na\u0161i koruzniki tako vsebujejo naslednja hranila:<\/p>\n<ul>\n<li>beljakovine<\/li>\n<li>ogljikovi hidrati<\/li>\n<li>prehranske vlaknine<\/li>\n<li>kar nekaj sladkorja<\/li>\n<li>vitamine skupine B (tiamin, niancin, vitamin B6)<\/li>\n<li>antioksidanti z zeaksantinom, ki ji daje rumeno barvo<\/li>\n<li>vitamin C<\/li>\n<li>magnezij<\/li>\n<li>baker in<\/li>\n<li>fosfor<\/li>\n<\/ul>\n<p>Ekolo\u0161ka koruzna moka ima nizek glikemi\u010dni indeks in primerno hranilno vrednost.<\/p>\n","protected":false},"excerpt":{"rendered":"<ul>\n<li><span style=\"font-weight: 400\">ekolo\u0161ki certificirani koruzni pi\u0161koti<\/span><\/li>\n<li><span style=\"font-weight: 400\">brez dodanih konzervansov<\/span><\/li>\n<li><span style=\"font-weight: 400\">koruzna moka mleta v mlinu, kjer se ne melje glutenskih \u017eit<\/span><\/li>\n<li><span style=\"font-weight: 400\">zagotovljena sledljivost od njive do mize<\/span><\/li>\n<\/ul>\n","protected":false},"featured_media":1089,"comment_status":"open","ping_status":"closed","template":"","meta":{"_et_pb_use_builder":"","_et_pb_old_content":"","_et_gb_content_width":""},"product_brand":[],"product_cat":[32,17],"product_tag":[],"class_list":{"0":"post-1088","1":"product","2":"type-product","3":"status-publish","4":"has-post-thumbnail","6":"product_cat-darilni-program","7":"product_cat-koruzni-proizvodi","9":"first","10":"outofstock","11":"shipping-taxable","12":"purchasable","13":"product-type-simple"},"yoast_head":"<!-- This site is optimized with the Yoast SEO plugin v26.4 - https:\/\/yoast.com\/wordpress\/plugins\/seo\/ -->\n<title>Koruzniki: ekolo\u0161ki koruzni pi\u0161koti v darilnem kozarcu - Trnulja.com<\/title>\n<meta name=\"description\" content=\"Koruzniki so ekolo\u0161ki koruzni pi\u0161koti, skrbno pripravljeni po hi\u0161ni recepturi posestva Trnulja: slastni, ekolo\u0161ki in brez dodanih konzervansov.\" \/>\n<meta name=\"robots\" content=\"index, follow, max-snippet:-1, max-image-preview:large, max-video-preview:-1\" \/>\n<link rel=\"canonical\" href=\"https:\/\/trnulja.com\/shop\/izdelek\/ekoloski-koruzniki-v-darilnem-kozarcu-150-g\/\" \/>\n<meta property=\"og:locale\" content=\"sl_SI\" \/>\n<meta property=\"og:type\" content=\"article\" \/>\n<meta property=\"og:title\" content=\"Koruzniki: ekolo\u0161ki koruzni pi\u0161koti v darilnem kozarcu - Trnulja.com\" \/>\n<meta property=\"og:description\" content=\"Koruzniki so ekolo\u0161ki koruzni pi\u0161koti, skrbno pripravljeni po hi\u0161ni recepturi posestva Trnulja: slastni, ekolo\u0161ki in brez dodanih konzervansov.\" \/>\n<meta property=\"og:url\" content=\"https:\/\/trnulja.com\/shop\/izdelek\/ekoloski-koruzniki-v-darilnem-kozarcu-150-g\/\" \/>\n<meta property=\"og:site_name\" content=\"Trnuljina spletna trgovina\" \/>\n<meta property=\"article:modified_time\" content=\"2025-11-18T09:41:28+00:00\" \/>\n<meta property=\"og:image\" content=\"https:\/\/trnulja.com\/shop\/wp-content\/uploads\/2022\/09\/koruzniki-ekoloski-koruzni-piskoti-trnulja.jpg\" \/>\n\t<meta property=\"og:image:width\" content=\"1000\" \/>\n\t<meta property=\"og:image:height\" content=\"1000\" \/>\n\t<meta property=\"og:image:type\" content=\"image\/jpeg\" \/>\n<meta name=\"twitter:card\" content=\"summary_large_image\" \/>\n<meta name=\"twitter:image\" content=\"https:\/\/trnulja.com\/shop\/wp-content\/uploads\/2022\/09\/koruzniki-ekoloski-koruzni-piskoti-trnulja.jpg\" \/>\n<meta name=\"twitter:label1\" content=\"Est. reading time\" \/>\n\t<meta name=\"twitter:data1\" content=\"2 minuti\" \/>\n<script type=\"application\/ld+json\" class=\"yoast-schema-graph\">{\"@context\":\"https:\/\/schema.org\",\"@graph\":[{\"@type\":\"WebPage\",\"@id\":\"https:\/\/trnulja.com\/shop\/izdelek\/ekoloski-koruzniki-v-darilnem-kozarcu-150-g\/\",\"url\":\"https:\/\/trnulja.com\/shop\/izdelek\/ekoloski-koruzniki-v-darilnem-kozarcu-150-g\/\",\"name\":\"Koruzniki: ekolo\u0161ki koruzni pi\u0161koti v darilnem kozarcu - Trnulja.com\",\"isPartOf\":{\"@id\":\"https:\/\/trnulja.com\/shop\/#website\"},\"primaryImageOfPage\":{\"@id\":\"https:\/\/trnulja.com\/shop\/izdelek\/ekoloski-koruzniki-v-darilnem-kozarcu-150-g\/#primaryimage\"},\"image\":{\"@id\":\"https:\/\/trnulja.com\/shop\/izdelek\/ekoloski-koruzniki-v-darilnem-kozarcu-150-g\/#primaryimage\"},\"thumbnailUrl\":\"https:\/\/trnulja.com\/shop\/wp-content\/uploads\/2023\/05\/KORUZNIKI-V-KOZARCU-scaled.jpg\",\"datePublished\":\"2023-05-10T15:16:20+00:00\",\"dateModified\":\"2025-11-18T09:41:28+00:00\",\"description\":\"Koruzniki so ekolo\u0161ki koruzni pi\u0161koti, skrbno pripravljeni po hi\u0161ni recepturi posestva Trnulja: slastni, ekolo\u0161ki in brez dodanih konzervansov.\",\"breadcrumb\":{\"@id\":\"https:\/\/trnulja.com\/shop\/izdelek\/ekoloski-koruzniki-v-darilnem-kozarcu-150-g\/#breadcrumb\"},\"inLanguage\":\"sl-SI\",\"potentialAction\":[{\"@type\":\"ReadAction\",\"target\":[\"https:\/\/trnulja.com\/shop\/izdelek\/ekoloski-koruzniki-v-darilnem-kozarcu-150-g\/\"]}]},{\"@type\":\"ImageObject\",\"inLanguage\":\"sl-SI\",\"@id\":\"https:\/\/trnulja.com\/shop\/izdelek\/ekoloski-koruzniki-v-darilnem-kozarcu-150-g\/#primaryimage\",\"url\":\"https:\/\/trnulja.com\/shop\/wp-content\/uploads\/2023\/05\/KORUZNIKI-V-KOZARCU-scaled.jpg\",\"contentUrl\":\"https:\/\/trnulja.com\/shop\/wp-content\/uploads\/2023\/05\/KORUZNIKI-V-KOZARCU-scaled.jpg\",\"width\":2560,\"height\":1707},{\"@type\":\"BreadcrumbList\",\"@id\":\"https:\/\/trnulja.com\/shop\/izdelek\/ekoloski-koruzniki-v-darilnem-kozarcu-150-g\/#breadcrumb\",\"itemListElement\":[{\"@type\":\"ListItem\",\"position\":1,\"name\":\"Home\",\"item\":\"https:\/\/trnulja.com\/shop\/\"},{\"@type\":\"ListItem\",\"position\":2,\"name\":\"Trgovina\",\"item\":\"https:\/\/trnulja.com\/shop\/?page_id=6\"},{\"@type\":\"ListItem\",\"position\":3,\"name\":\"Ekolo\u0161ki Koruzniki v darilnem kozarcu, 150 g\"}]},{\"@type\":\"WebSite\",\"@id\":\"https:\/\/trnulja.com\/shop\/#website\",\"url\":\"https:\/\/trnulja.com\/shop\/\",\"name\":\"Trnuljina spletna trgovina\",\"description\":\"\u0160e eno spleti\u0161\u010de WordPress\",\"potentialAction\":[{\"@type\":\"SearchAction\",\"target\":{\"@type\":\"EntryPoint\",\"urlTemplate\":\"https:\/\/trnulja.com\/shop\/?s={search_term_string}\"},\"query-input\":{\"@type\":\"PropertyValueSpecification\",\"valueRequired\":true,\"valueName\":\"search_term_string\"}}],\"inLanguage\":\"sl-SI\"}]}<\/script>\n<!-- \/ Yoast SEO plugin. -->","yoast_head_json":{"title":"Koruzniki: ekolo\u0161ki koruzni pi\u0161koti v darilnem kozarcu - Trnulja.com","description":"Koruzniki so ekolo\u0161ki koruzni pi\u0161koti, skrbno pripravljeni po hi\u0161ni recepturi posestva Trnulja: slastni, ekolo\u0161ki in brez dodanih konzervansov.","robots":{"index":"index","follow":"follow","max-snippet":"max-snippet:-1","max-image-preview":"max-image-preview:large","max-video-preview":"max-video-preview:-1"},"canonical":"https:\/\/trnulja.com\/shop\/izdelek\/ekoloski-koruzniki-v-darilnem-kozarcu-150-g\/","og_locale":"sl_SI","og_type":"article","og_title":"Koruzniki: ekolo\u0161ki koruzni pi\u0161koti v darilnem kozarcu - Trnulja.com","og_description":"Koruzniki so ekolo\u0161ki koruzni pi\u0161koti, skrbno pripravljeni po hi\u0161ni recepturi posestva Trnulja: slastni, ekolo\u0161ki in brez dodanih konzervansov.","og_url":"https:\/\/trnulja.com\/shop\/izdelek\/ekoloski-koruzniki-v-darilnem-kozarcu-150-g\/","og_site_name":"Trnuljina spletna trgovina","article_modified_time":"2025-11-18T09:41:28+00:00","og_image":[{"width":1000,"height":1000,"url":"https:\/\/trnulja.com\/shop\/wp-content\/uploads\/2022\/09\/koruzniki-ekoloski-koruzni-piskoti-trnulja.jpg","type":"image\/jpeg"}],"twitter_card":"summary_large_image","twitter_image":"https:\/\/trnulja.com\/shop\/wp-content\/uploads\/2022\/09\/koruzniki-ekoloski-koruzni-piskoti-trnulja.jpg","twitter_misc":{"Est. reading time":"2 minuti"},"schema":{"@context":"https:\/\/schema.org","@graph":[{"@type":"WebPage","@id":"https:\/\/trnulja.com\/shop\/izdelek\/ekoloski-koruzniki-v-darilnem-kozarcu-150-g\/","url":"https:\/\/trnulja.com\/shop\/izdelek\/ekoloski-koruzniki-v-darilnem-kozarcu-150-g\/","name":"Koruzniki: ekolo\u0161ki koruzni pi\u0161koti v darilnem kozarcu - Trnulja.com","isPartOf":{"@id":"https:\/\/trnulja.com\/shop\/#website"},"primaryImageOfPage":{"@id":"https:\/\/trnulja.com\/shop\/izdelek\/ekoloski-koruzniki-v-darilnem-kozarcu-150-g\/#primaryimage"},"image":{"@id":"https:\/\/trnulja.com\/shop\/izdelek\/ekoloski-koruzniki-v-darilnem-kozarcu-150-g\/#primaryimage"},"thumbnailUrl":"https:\/\/trnulja.com\/shop\/wp-content\/uploads\/2023\/05\/KORUZNIKI-V-KOZARCU-scaled.jpg","datePublished":"2023-05-10T15:16:20+00:00","dateModified":"2025-11-18T09:41:28+00:00","description":"Koruzniki so ekolo\u0161ki koruzni pi\u0161koti, skrbno pripravljeni po hi\u0161ni recepturi posestva Trnulja: slastni, ekolo\u0161ki in brez dodanih konzervansov.","breadcrumb":{"@id":"https:\/\/trnulja.com\/shop\/izdelek\/ekoloski-koruzniki-v-darilnem-kozarcu-150-g\/#breadcrumb"},"inLanguage":"sl-SI","potentialAction":[{"@type":"ReadAction","target":["https:\/\/trnulja.com\/shop\/izdelek\/ekoloski-koruzniki-v-darilnem-kozarcu-150-g\/"]}]},{"@type":"ImageObject","inLanguage":"sl-SI","@id":"https:\/\/trnulja.com\/shop\/izdelek\/ekoloski-koruzniki-v-darilnem-kozarcu-150-g\/#primaryimage","url":"https:\/\/trnulja.com\/shop\/wp-content\/uploads\/2023\/05\/KORUZNIKI-V-KOZARCU-scaled.jpg","contentUrl":"https:\/\/trnulja.com\/shop\/wp-content\/uploads\/2023\/05\/KORUZNIKI-V-KOZARCU-scaled.jpg","width":2560,"height":1707},{"@type":"BreadcrumbList","@id":"https:\/\/trnulja.com\/shop\/izdelek\/ekoloski-koruzniki-v-darilnem-kozarcu-150-g\/#breadcrumb","itemListElement":[{"@type":"ListItem","position":1,"name":"Home","item":"https:\/\/trnulja.com\/shop\/"},{"@type":"ListItem","position":2,"name":"Trgovina","item":"https:\/\/trnulja.com\/shop\/?page_id=6"},{"@type":"ListItem","position":3,"name":"Ekolo\u0161ki Koruzniki v darilnem kozarcu, 150 g"}]},{"@type":"WebSite","@id":"https:\/\/trnulja.com\/shop\/#website","url":"https:\/\/trnulja.com\/shop\/","name":"Trnuljina spletna trgovina","description":"\u0160e eno spleti\u0161\u010de WordPress","potentialAction":[{"@type":"SearchAction","target":{"@type":"EntryPoint","urlTemplate":"https:\/\/trnulja.com\/shop\/?s={search_term_string}"},"query-input":{"@type":"PropertyValueSpecification","valueRequired":true,"valueName":"search_term_string"}}],"inLanguage":"sl-SI"}]}},"_links":{"self":[{"href":"https:\/\/trnulja.com\/shop\/wp-json\/wp\/v2\/product\/1088","targetHints":{"allow":["GET"]}}],"collection":[{"href":"https:\/\/trnulja.com\/shop\/wp-json\/wp\/v2\/product"}],"about":[{"href":"https:\/\/trnulja.com\/shop\/wp-json\/wp\/v2\/types\/product"}],"replies":[{"embeddable":true,"href":"https:\/\/trnulja.com\/shop\/wp-json\/wp\/v2\/comments?post=1088"}],"wp:featuredmedia":[{"embeddable":true,"href":"https:\/\/trnulja.com\/shop\/wp-json\/wp\/v2\/media\/1089"}],"wp:attachment":[{"href":"https:\/\/trnulja.com\/shop\/wp-json\/wp\/v2\/media?parent=1088"}],"wp:term":[{"taxonomy":"product_brand","embeddable":true,"href":"https:\/\/trnulja.com\/shop\/wp-json\/wp\/v2\/product_brand?post=1088"},{"taxonomy":"product_cat","embeddable":true,"href":"https:\/\/trnulja.com\/shop\/wp-json\/wp\/v2\/product_cat?post=1088"},{"taxonomy":"product_tag","embeddable":true,"href":"https:\/\/trnulja.com\/shop\/wp-json\/wp\/v2\/product_tag?post=1088"}],"curies":[{"name":"wp","href":"https:\/\/api.w.org\/{rel}","templated":true}]}}