{"id":1178,"date":"2023-11-02T15:29:44","date_gmt":"2023-11-02T14:29:44","guid":{"rendered":"https:\/\/trnulja.com\/shop\/?post_type=product&#038;p=1178"},"modified":"2025-09-24T14:16:18","modified_gmt":"2025-09-24T13:16:18","slug":"darilni-bon-koliscarski-wellness","status":"publish","type":"product","link":"https:\/\/trnulja.com\/shop\/izdelek\/darilni-bon-koliscarski-wellness\/","title":{"rendered":"Darilni bon KOLI\u0160\u010cARSKI WELLNESS"},"content":{"rendered":"<p>\u201d V Trnuljini savni \u017ee prasketa ogenj, ker se segreva na drva. Mi vam zakurimo, vi pa vzdr\u017eujete ogenj in toploto po va\u0161i \u017eelji. Ker je na\u0161a savna odprta samo za vaju. Celo leto. \u201c<\/p>\n<p>PAKET VSEBUJE:<\/p>\n<p>\u2013 dobrodo\u0161lica in predstavitev lokalne zgodovine in najstarej\u0161ega kolesa na svetu z osjo, ogled replike<br \/>\n\u2013 degustacija Trnuljinih ekolo\u0161kih \u017eganj<br \/>\n\u2013 voden ogled savne in prostora za po\u010ditek z navodili za vzdr\u017eevanje ognja in pripravo kopeli<br \/>\n\u2013 ekskluzivna uporaba koli\u0161\u010darske savne 3 ure<br \/>\n\u2013 zeli\u0161\u010dna kopel z vrtni\u010dnim hidrolatom, Trnuljinim oljem in poparkom iz ro\u017emarina in sivke<br \/>\n\u2013 2x kopalni pla\u0161\u010d, 2x natika\u010di, 2x velika brisa\u010da. 2x mala brisa\u010da, 2x brisa\u010dka za roke<br \/>\n\u2013 bio zeli\u0161\u010dni Trnuljin \u010daj<br \/>\n\u2013 bio ore\u0161\u010dki lokalne pridelave in\/ali Trnuljin polentin \u010dips<br \/>\n\u2013 bio sadje, prete\u017eno od lokalnih pridelovalcev<br \/>\n\u2013 \u017eiva voda iz pipe, postre\u017eena v steklenici<br \/>\n\u2013 zasebna garderoba s prostorom za preobla\u010denje in sanitarijami<br \/>\n\u2013 darilce iz Trnuljine zakladnice bio proizvodov<\/p>\n<p><strong>\u0160tevilo oseb: 2<\/strong><br \/>\n<strong>Trajanje: 3 ure<\/strong><\/p>\n<p>Darilni bon po\u0161iljamo v e-obliki po elektronski po\u0161ti.<\/p>\n<p><strong><a href=\"https:\/\/trnulja.com\/koliscarski-wellness-za-2\/\">Ve\u010d informacij &gt;<\/a><\/strong><\/p>\n","protected":false},"excerpt":{"rendered":"<p>\u201d V Trnuljini savni \u017ee prasketa ogenj, ker se segreva na drva. Mi vam zakurimo, vi pa vzdr\u017eujete ogenj in toploto po va\u0161i \u017eelji. Ker je na\u0161a savna odprta samo za vaju. Celo leto. \u201c PAKET VSEBUJE: \u2013 dobrodo\u0161lica in predstavitev lokalne zgodovine in najstarej\u0161ega kolesa na svetu z osjo, ogled replike \u2013 degustacija Trnuljinih [&hellip;]<\/p>\n","protected":false},"featured_media":1180,"comment_status":"open","ping_status":"closed","template":"","meta":{"_et_pb_use_builder":"","_et_pb_old_content":"","_et_gb_content_width":""},"product_brand":[],"product_cat":[28,32],"product_tag":[],"class_list":{"0":"post-1178","1":"product","2":"type-product","3":"status-publish","4":"has-post-thumbnail","6":"product_cat-darilni-boni","7":"product_cat-darilni-program","9":"first","10":"instock","11":"shipping-taxable","12":"purchasable","13":"product-type-simple"},"yoast_head":"<!-- This site is optimized with the Yoast SEO plugin v26.4 - https:\/\/yoast.com\/wordpress\/plugins\/seo\/ -->\n<title>Darilni bon KOLI\u0160\u010cARSKI WELLNESS - Trnuljina spletna trgovina<\/title>\n<meta name=\"robots\" content=\"index, follow, max-snippet:-1, max-image-preview:large, max-video-preview:-1\" \/>\n<link rel=\"canonical\" href=\"https:\/\/trnulja.com\/shop\/izdelek\/darilni-bon-koliscarski-wellness\/\" \/>\n<meta property=\"og:locale\" content=\"sl_SI\" \/>\n<meta property=\"og:type\" content=\"article\" \/>\n<meta property=\"og:title\" content=\"Darilni bon KOLI\u0160\u010cARSKI WELLNESS - Trnuljina spletna trgovina\" \/>\n<meta property=\"og:description\" content=\"\u201d V Trnuljini savni \u017ee prasketa ogenj, ker se segreva na drva. Mi vam zakurimo, vi pa vzdr\u017eujete ogenj in toploto po va\u0161i \u017eelji. Ker je na\u0161a savna odprta samo za vaju. Celo leto. \u201c PAKET VSEBUJE: \u2013 dobrodo\u0161lica in predstavitev lokalne zgodovine in najstarej\u0161ega kolesa na svetu z osjo, ogled replike \u2013 degustacija Trnuljinih [&hellip;]\" \/>\n<meta property=\"og:url\" content=\"https:\/\/trnulja.com\/shop\/izdelek\/darilni-bon-koliscarski-wellness\/\" \/>\n<meta property=\"og:site_name\" content=\"Trnuljina spletna trgovina\" \/>\n<meta property=\"article:modified_time\" content=\"2025-09-24T13:16:18+00:00\" \/>\n<meta property=\"og:image\" content=\"https:\/\/trnulja.com\/shop\/wp-content\/uploads\/2023\/11\/koliscarski-wellness.jpg\" \/>\n\t<meta property=\"og:image:width\" content=\"1000\" \/>\n\t<meta property=\"og:image:height\" content=\"1000\" \/>\n\t<meta property=\"og:image:type\" content=\"image\/jpeg\" \/>\n<meta name=\"twitter:card\" content=\"summary_large_image\" \/>\n<meta name=\"twitter:label1\" content=\"Est. reading time\" \/>\n\t<meta name=\"twitter:data1\" content=\"2 minuti\" \/>\n<script type=\"application\/ld+json\" class=\"yoast-schema-graph\">{\"@context\":\"https:\/\/schema.org\",\"@graph\":[{\"@type\":\"WebPage\",\"@id\":\"https:\/\/trnulja.com\/shop\/izdelek\/darilni-bon-koliscarski-wellness\/\",\"url\":\"https:\/\/trnulja.com\/shop\/izdelek\/darilni-bon-koliscarski-wellness\/\",\"name\":\"Darilni bon KOLI\u0160\u010cARSKI WELLNESS - Trnuljina spletna trgovina\",\"isPartOf\":{\"@id\":\"https:\/\/trnulja.com\/shop\/#website\"},\"primaryImageOfPage\":{\"@id\":\"https:\/\/trnulja.com\/shop\/izdelek\/darilni-bon-koliscarski-wellness\/#primaryimage\"},\"image\":{\"@id\":\"https:\/\/trnulja.com\/shop\/izdelek\/darilni-bon-koliscarski-wellness\/#primaryimage\"},\"thumbnailUrl\":\"https:\/\/trnulja.com\/shop\/wp-content\/uploads\/2023\/11\/koliscarski-wellness.jpg\",\"datePublished\":\"2023-11-02T14:29:44+00:00\",\"dateModified\":\"2025-09-24T13:16:18+00:00\",\"breadcrumb\":{\"@id\":\"https:\/\/trnulja.com\/shop\/izdelek\/darilni-bon-koliscarski-wellness\/#breadcrumb\"},\"inLanguage\":\"sl-SI\",\"potentialAction\":[{\"@type\":\"ReadAction\",\"target\":[\"https:\/\/trnulja.com\/shop\/izdelek\/darilni-bon-koliscarski-wellness\/\"]}]},{\"@type\":\"ImageObject\",\"inLanguage\":\"sl-SI\",\"@id\":\"https:\/\/trnulja.com\/shop\/izdelek\/darilni-bon-koliscarski-wellness\/#primaryimage\",\"url\":\"https:\/\/trnulja.com\/shop\/wp-content\/uploads\/2023\/11\/koliscarski-wellness.jpg\",\"contentUrl\":\"https:\/\/trnulja.com\/shop\/wp-content\/uploads\/2023\/11\/koliscarski-wellness.jpg\",\"width\":1000,\"height\":1000},{\"@type\":\"BreadcrumbList\",\"@id\":\"https:\/\/trnulja.com\/shop\/izdelek\/darilni-bon-koliscarski-wellness\/#breadcrumb\",\"itemListElement\":[{\"@type\":\"ListItem\",\"position\":1,\"name\":\"Home\",\"item\":\"https:\/\/trnulja.com\/shop\/\"},{\"@type\":\"ListItem\",\"position\":2,\"name\":\"Trgovina\",\"item\":\"https:\/\/trnulja.com\/shop\/?page_id=6\"},{\"@type\":\"ListItem\",\"position\":3,\"name\":\"Darilni bon KOLI\u0160\u010cARSKI WELLNESS\"}]},{\"@type\":\"WebSite\",\"@id\":\"https:\/\/trnulja.com\/shop\/#website\",\"url\":\"https:\/\/trnulja.com\/shop\/\",\"name\":\"Trnuljina spletna trgovina\",\"description\":\"\u0160e eno spleti\u0161\u010de WordPress\",\"potentialAction\":[{\"@type\":\"SearchAction\",\"target\":{\"@type\":\"EntryPoint\",\"urlTemplate\":\"https:\/\/trnulja.com\/shop\/?s={search_term_string}\"},\"query-input\":{\"@type\":\"PropertyValueSpecification\",\"valueRequired\":true,\"valueName\":\"search_term_string\"}}],\"inLanguage\":\"sl-SI\"}]}<\/script>\n<!-- \/ Yoast SEO plugin. -->","yoast_head_json":{"title":"Darilni bon KOLI\u0160\u010cARSKI WELLNESS - Trnuljina spletna trgovina","robots":{"index":"index","follow":"follow","max-snippet":"max-snippet:-1","max-image-preview":"max-image-preview:large","max-video-preview":"max-video-preview:-1"},"canonical":"https:\/\/trnulja.com\/shop\/izdelek\/darilni-bon-koliscarski-wellness\/","og_locale":"sl_SI","og_type":"article","og_title":"Darilni bon KOLI\u0160\u010cARSKI WELLNESS - Trnuljina spletna trgovina","og_description":"\u201d V Trnuljini savni \u017ee prasketa ogenj, ker se segreva na drva. Mi vam zakurimo, vi pa vzdr\u017eujete ogenj in toploto po va\u0161i \u017eelji. Ker je na\u0161a savna odprta samo za vaju. Celo leto. \u201c PAKET VSEBUJE: \u2013 dobrodo\u0161lica in predstavitev lokalne zgodovine in najstarej\u0161ega kolesa na svetu z osjo, ogled replike \u2013 degustacija Trnuljinih [&hellip;]","og_url":"https:\/\/trnulja.com\/shop\/izdelek\/darilni-bon-koliscarski-wellness\/","og_site_name":"Trnuljina spletna trgovina","article_modified_time":"2025-09-24T13:16:18+00:00","og_image":[{"width":1000,"height":1000,"url":"https:\/\/trnulja.com\/shop\/wp-content\/uploads\/2023\/11\/koliscarski-wellness.jpg","type":"image\/jpeg"}],"twitter_card":"summary_large_image","twitter_misc":{"Est. reading time":"2 minuti"},"schema":{"@context":"https:\/\/schema.org","@graph":[{"@type":"WebPage","@id":"https:\/\/trnulja.com\/shop\/izdelek\/darilni-bon-koliscarski-wellness\/","url":"https:\/\/trnulja.com\/shop\/izdelek\/darilni-bon-koliscarski-wellness\/","name":"Darilni bon KOLI\u0160\u010cARSKI WELLNESS - Trnuljina spletna trgovina","isPartOf":{"@id":"https:\/\/trnulja.com\/shop\/#website"},"primaryImageOfPage":{"@id":"https:\/\/trnulja.com\/shop\/izdelek\/darilni-bon-koliscarski-wellness\/#primaryimage"},"image":{"@id":"https:\/\/trnulja.com\/shop\/izdelek\/darilni-bon-koliscarski-wellness\/#primaryimage"},"thumbnailUrl":"https:\/\/trnulja.com\/shop\/wp-content\/uploads\/2023\/11\/koliscarski-wellness.jpg","datePublished":"2023-11-02T14:29:44+00:00","dateModified":"2025-09-24T13:16:18+00:00","breadcrumb":{"@id":"https:\/\/trnulja.com\/shop\/izdelek\/darilni-bon-koliscarski-wellness\/#breadcrumb"},"inLanguage":"sl-SI","potentialAction":[{"@type":"ReadAction","target":["https:\/\/trnulja.com\/shop\/izdelek\/darilni-bon-koliscarski-wellness\/"]}]},{"@type":"ImageObject","inLanguage":"sl-SI","@id":"https:\/\/trnulja.com\/shop\/izdelek\/darilni-bon-koliscarski-wellness\/#primaryimage","url":"https:\/\/trnulja.com\/shop\/wp-content\/uploads\/2023\/11\/koliscarski-wellness.jpg","contentUrl":"https:\/\/trnulja.com\/shop\/wp-content\/uploads\/2023\/11\/koliscarski-wellness.jpg","width":1000,"height":1000},{"@type":"BreadcrumbList","@id":"https:\/\/trnulja.com\/shop\/izdelek\/darilni-bon-koliscarski-wellness\/#breadcrumb","itemListElement":[{"@type":"ListItem","position":1,"name":"Home","item":"https:\/\/trnulja.com\/shop\/"},{"@type":"ListItem","position":2,"name":"Trgovina","item":"https:\/\/trnulja.com\/shop\/?page_id=6"},{"@type":"ListItem","position":3,"name":"Darilni bon KOLI\u0160\u010cARSKI WELLNESS"}]},{"@type":"WebSite","@id":"https:\/\/trnulja.com\/shop\/#website","url":"https:\/\/trnulja.com\/shop\/","name":"Trnuljina spletna trgovina","description":"\u0160e eno spleti\u0161\u010de WordPress","potentialAction":[{"@type":"SearchAction","target":{"@type":"EntryPoint","urlTemplate":"https:\/\/trnulja.com\/shop\/?s={search_term_string}"},"query-input":{"@type":"PropertyValueSpecification","valueRequired":true,"valueName":"search_term_string"}}],"inLanguage":"sl-SI"}]}},"_links":{"self":[{"href":"https:\/\/trnulja.com\/shop\/wp-json\/wp\/v2\/product\/1178","targetHints":{"allow":["GET"]}}],"collection":[{"href":"https:\/\/trnulja.com\/shop\/wp-json\/wp\/v2\/product"}],"about":[{"href":"https:\/\/trnulja.com\/shop\/wp-json\/wp\/v2\/types\/product"}],"replies":[{"embeddable":true,"href":"https:\/\/trnulja.com\/shop\/wp-json\/wp\/v2\/comments?post=1178"}],"wp:featuredmedia":[{"embeddable":true,"href":"https:\/\/trnulja.com\/shop\/wp-json\/wp\/v2\/media\/1180"}],"wp:attachment":[{"href":"https:\/\/trnulja.com\/shop\/wp-json\/wp\/v2\/media?parent=1178"}],"wp:term":[{"taxonomy":"product_brand","embeddable":true,"href":"https:\/\/trnulja.com\/shop\/wp-json\/wp\/v2\/product_brand?post=1178"},{"taxonomy":"product_cat","embeddable":true,"href":"https:\/\/trnulja.com\/shop\/wp-json\/wp\/v2\/product_cat?post=1178"},{"taxonomy":"product_tag","embeddable":true,"href":"https:\/\/trnulja.com\/shop\/wp-json\/wp\/v2\/product_tag?post=1178"}],"curies":[{"name":"wp","href":"https:\/\/api.w.org\/{rel}","templated":true}]}}