{"id":12,"date":"2021-01-12T10:01:09","date_gmt":"2021-01-12T09:01:09","guid":{"rendered":"http:\/\/trnulja.com\/shop\/?post_type=product&#038;p=12"},"modified":"2025-11-18T11:16:42","modified_gmt":"2025-11-18T10:16:42","slug":"ekolosko-konopljino-olje-100-ml","status":"publish","type":"product","link":"https:\/\/trnulja.com\/shop\/izdelek\/ekolosko-konopljino-olje-100-ml\/","title":{"rendered":"Ekolo\u0161ko hladno stiskano konopljino olje 100 ml"},"content":{"rendered":"<p><strong>Ekolo\u0161ko konopljino olje 100 ml<\/strong> pridobivamo s hladnim stiskanjem konopljinih semen.<\/p>\n<p>Pridobiva se na razli\u010dne na\u010dine in od \u010desar je odvisna tudi njegova kakovost. Nerafinirano, ki je hladno stiskano, je temne zelenkaste barve s prijetnim okusom. Nerafinirano konopljino olje 100 ml ima veliko ve\u010d vitaminov in zdravih ma\u0161\u010dobnih kislin.<\/p>\n<p>Zato ni odve\u010d previdnost pri izbiri konopljinega olja. Izberite bio<strong> konopljino olje<\/strong>, ki je polno vitaminov in esencialnih ma\u0161\u010dobnih kislin ter zagotavlja najbolj\u0161e u\u010dinke.<\/p>\n<h3>Kaj vsebuje konopljino olje 100 ml:<\/h3>\n<ul>\n<li>linolna (omega-6) kislina (50-70%),<\/li>\n<li>alfalinolenska (omega-3) kislina (25%),<\/li>\n<li>osem esencialnih aminokislin,<\/li>\n<li>veliko vitaminov skupine B.<\/li>\n<\/ul>\n<h3>Okus in uporaba<\/h3>\n<p>Konopljino olje je prijetno ore\u0161kastega okusa in ga lahko uporabljamo v kuhinji ter za nego telesa in las. \u0160e posebaj je primerno za problemati\u010dno in ne\u010disto ko\u017eo, saj v ko\u017ei zadr\u017euje vlago in jo hrani z esencialnimi ma\u0161\u010dobnimi kislinami. Konopljino olje ko\u017eo pomirja ter ji vra\u010da elastni\u010dnost. Hkrati prepre\u010duje nastanek aken ter u\u010dinkovito pripomore k odpravljanju dermatititsa, luskavice, razpokane in suhe ko\u017ee.\u00a0 Ve\u010d o uporabi konopljinega olja, preberite v na\u0161em \u010dlanku: <a href=\"https:\/\/trnulja.com\/kako-uporabljati-konopljino-olje\/\">Uporaba konopljinega olja<\/a>.<\/p>\n<h4>Z njim lahko pripravimo okusne jedi:<\/h4>\n<ul>\n<li>solate<\/li>\n<li>hladne jedi<\/li>\n<li>omake<\/li>\n<li>namaze<\/li>\n<li>tople jedi, ki ne zahtevajo visokih temperatur<\/li>\n<\/ul>\n<p>Zaradi svojih lastnosti je <strong>konopljino olje<\/strong> edinstveno med jedilnimi olji. U\u017eivamo ga hladno, saj z njim na\u010deloma ne kuhamo. Z visokim segrevanjem olja namre\u010d uni\u010dimo njegove koristne lastnosti.<\/p>\n<h3>Kako u\u017eivamo konopljino olje 100 ml in v kak\u0161ni koli\u010dini?<\/h3>\n<p><strong>Konopljino olje <\/strong>je optimalno u\u017eivati v koli\u010dini ene do dveh jedilnih \u017elic dnevno. Najprimernej\u0161i \u010das u\u017eivanja je zjutraj na te\u0161\u010de, saj se koristne u\u010dinkovine v konopljinem olju le tako najbolje absorbirajo v telo.<\/p>\n<h3>Kak\u0161ne koristi prina\u0161a konopljino olje 100 ml?<\/h3>\n<p>Redno u\u017eivanje konopljinega olja izbolj\u0161uje ali pa celo odpravlja razne vrste indikacij, med katerimi so, po pri\u010devanju mnogih raziskav:<\/p>\n<ul>\n<li>razna vnetja<\/li>\n<li>zvi\u0161an holesterol<\/li>\n<li>bolezni srca<\/li>\n<li>ko\u017ene bolezni<\/li>\n<li>stres in slabo po\u010dutje<\/li>\n<li>revmatoidni artritis<\/li>\n<li>predmenstrualni sindrom<\/li>\n<li>akne in celo luskavico<\/li>\n<li><span style=\"background-color: var(--global--color-background);color: var(--global--color-primary);font-family: var(--global--font-secondary);font-size: var(--global--font-size-base)\">krepi tudi imunski sistem <\/span><\/li>\n<li><span style=\"background-color: var(--global--color-background);color: var(--global--color-primary);font-family: var(--global--font-secondary);font-size: var(--global--font-size-base)\">pomaga pri alergijah<\/span><\/li>\n<li><span style=\"background-color: var(--global--color-background);color: var(--global--color-primary);font-family: var(--global--font-secondary);font-size: var(--global--font-size-base)\"> ugodno vpliva na prebavo <\/span><\/li>\n<li><span style=\"background-color: var(--global--color-background);color: var(--global--color-primary);font-family: var(--global--font-secondary);font-size: var(--global--font-size-base)\">pomaga pa tudi pri prepre\u010devanju osteoporoze<\/span><\/li>\n<li>krepi in vla\u017ei lasno strukturo<\/li>\n<\/ul>\n<p>&nbsp;<\/p>\n","protected":false},"excerpt":{"rendered":"<p><strong><em>Konopljino olje 100 ml<\/em><\/strong><\/p>\n<p><strong>LASTNOSTI:<\/strong><\/p>\n<ul>\n<li>ekolo\u0161ko<\/li>\n<li>hladno stiskano<\/li>\n<li>jedilno<\/li>\n<li>nerafinirano, nefiltrirano<\/li>\n<li>izklju\u010dno za hladno u\u017eivanje<\/li>\n<li>trajnostno pridelano<\/li>\n<li>lokalna lastna pridelava in predelava<\/li>\n<\/ul>\n<p><strong>KORISTI:<\/strong><\/p>\n<ul>\n<li>pravilno razmerje omega 3 in omega 6<\/li>\n<li>bla\u017ei vnetne procese v telesu<\/li>\n<li>primerno za u\u017eivanje<\/li>\n<li>primerno za nanos na ko\u017eo za vla\u017eenje<\/li>\n<\/ul>\n","protected":false},"featured_media":572,"comment_status":"open","ping_status":"closed","template":"","meta":{"_et_pb_use_builder":"","_et_pb_old_content":"","_et_gb_content_width":""},"product_brand":[],"product_cat":[16],"product_tag":[],"class_list":{"0":"post-12","1":"product","2":"type-product","3":"status-publish","4":"has-post-thumbnail","6":"product_cat-konopljini-proizvodi","8":"first","9":"outofstock","10":"shipping-taxable","11":"purchasable","12":"product-type-simple"},"yoast_head":"<!-- This site is optimized with the Yoast SEO plugin v26.4 - https:\/\/yoast.com\/wordpress\/plugins\/seo\/ -->\n<title>Ekolo\u0161ko konopljino olje 100 ml - Trnulja.com<\/title>\n<meta name=\"description\" content=\"Ekolo\u0161ko konopljino olje 100 ml - hladno stiskano, nerafinirano, ekolo\u0161ka pridelava. Najvi\u0161ja vsebnost vitaminov ter omega 3 in 6 ma\u0161\u010dobnih kislin.\" \/>\n<meta name=\"robots\" content=\"index, follow, max-snippet:-1, max-image-preview:large, max-video-preview:-1\" \/>\n<link rel=\"canonical\" href=\"https:\/\/trnulja.com\/shop\/izdelek\/ekolosko-konopljino-olje-100-ml\/\" \/>\n<meta property=\"og:locale\" content=\"sl_SI\" \/>\n<meta property=\"og:type\" content=\"article\" \/>\n<meta property=\"og:title\" content=\"Ekolo\u0161ko konopljino olje 100 ml - Trnulja.com\" \/>\n<meta property=\"og:description\" content=\"Ekolo\u0161ko konopljino olje 100 ml - hladno stiskano, nerafinirano, ekolo\u0161ka pridelava. Najvi\u0161ja vsebnost vitaminov ter omega 3 in 6 ma\u0161\u010dobnih kislin.\" \/>\n<meta property=\"og:url\" content=\"https:\/\/trnulja.com\/shop\/izdelek\/ekolosko-konopljino-olje-100-ml\/\" \/>\n<meta property=\"og:site_name\" content=\"Trnuljina spletna trgovina\" \/>\n<meta property=\"article:modified_time\" content=\"2025-11-18T10:16:42+00:00\" \/>\n<meta property=\"og:image\" content=\"https:\/\/trnulja.com\/shop\/wp-content\/uploads\/2021\/01\/KONOPLJINO-OLJE-100ml-scaled.jpg\" \/>\n\t<meta property=\"og:image:width\" content=\"2560\" \/>\n\t<meta property=\"og:image:height\" content=\"1707\" \/>\n\t<meta property=\"og:image:type\" content=\"image\/jpeg\" \/>\n<meta name=\"twitter:card\" content=\"summary_large_image\" \/>\n<meta name=\"twitter:label1\" content=\"Est. reading time\" \/>\n\t<meta name=\"twitter:data1\" content=\"3 minute\" \/>\n<script type=\"application\/ld+json\" class=\"yoast-schema-graph\">{\"@context\":\"https:\/\/schema.org\",\"@graph\":[{\"@type\":\"WebPage\",\"@id\":\"https:\/\/trnulja.com\/shop\/izdelek\/ekolosko-konopljino-olje-100-ml\/\",\"url\":\"https:\/\/trnulja.com\/shop\/izdelek\/ekolosko-konopljino-olje-100-ml\/\",\"name\":\"Ekolo\u0161ko konopljino olje 100 ml - Trnulja.com\",\"isPartOf\":{\"@id\":\"https:\/\/trnulja.com\/shop\/#website\"},\"primaryImageOfPage\":{\"@id\":\"https:\/\/trnulja.com\/shop\/izdelek\/ekolosko-konopljino-olje-100-ml\/#primaryimage\"},\"image\":{\"@id\":\"https:\/\/trnulja.com\/shop\/izdelek\/ekolosko-konopljino-olje-100-ml\/#primaryimage\"},\"thumbnailUrl\":\"https:\/\/trnulja.com\/shop\/wp-content\/uploads\/2021\/01\/KONOPLJINO-OLJE-100ml-scaled.jpg\",\"datePublished\":\"2021-01-12T09:01:09+00:00\",\"dateModified\":\"2025-11-18T10:16:42+00:00\",\"description\":\"Ekolo\u0161ko konopljino olje 100 ml - hladno stiskano, nerafinirano, ekolo\u0161ka pridelava. Najvi\u0161ja vsebnost vitaminov ter omega 3 in 6 ma\u0161\u010dobnih kislin.\",\"breadcrumb\":{\"@id\":\"https:\/\/trnulja.com\/shop\/izdelek\/ekolosko-konopljino-olje-100-ml\/#breadcrumb\"},\"inLanguage\":\"sl-SI\",\"potentialAction\":[{\"@type\":\"ReadAction\",\"target\":[\"https:\/\/trnulja.com\/shop\/izdelek\/ekolosko-konopljino-olje-100-ml\/\"]}]},{\"@type\":\"ImageObject\",\"inLanguage\":\"sl-SI\",\"@id\":\"https:\/\/trnulja.com\/shop\/izdelek\/ekolosko-konopljino-olje-100-ml\/#primaryimage\",\"url\":\"https:\/\/trnulja.com\/shop\/wp-content\/uploads\/2021\/01\/KONOPLJINO-OLJE-100ml-scaled.jpg\",\"contentUrl\":\"https:\/\/trnulja.com\/shop\/wp-content\/uploads\/2021\/01\/KONOPLJINO-OLJE-100ml-scaled.jpg\",\"width\":2560,\"height\":1707},{\"@type\":\"BreadcrumbList\",\"@id\":\"https:\/\/trnulja.com\/shop\/izdelek\/ekolosko-konopljino-olje-100-ml\/#breadcrumb\",\"itemListElement\":[{\"@type\":\"ListItem\",\"position\":1,\"name\":\"Home\",\"item\":\"https:\/\/trnulja.com\/shop\/\"},{\"@type\":\"ListItem\",\"position\":2,\"name\":\"Trgovina\",\"item\":\"https:\/\/trnulja.com\/shop\/?page_id=6\"},{\"@type\":\"ListItem\",\"position\":3,\"name\":\"Ekolo\u0161ko hladno stiskano konopljino olje 100 ml\"}]},{\"@type\":\"WebSite\",\"@id\":\"https:\/\/trnulja.com\/shop\/#website\",\"url\":\"https:\/\/trnulja.com\/shop\/\",\"name\":\"Trnuljina spletna trgovina\",\"description\":\"\u0160e eno spleti\u0161\u010de WordPress\",\"potentialAction\":[{\"@type\":\"SearchAction\",\"target\":{\"@type\":\"EntryPoint\",\"urlTemplate\":\"https:\/\/trnulja.com\/shop\/?s={search_term_string}\"},\"query-input\":{\"@type\":\"PropertyValueSpecification\",\"valueRequired\":true,\"valueName\":\"search_term_string\"}}],\"inLanguage\":\"sl-SI\"}]}<\/script>\n<!-- \/ Yoast SEO plugin. -->","yoast_head_json":{"title":"Ekolo\u0161ko konopljino olje 100 ml - Trnulja.com","description":"Ekolo\u0161ko konopljino olje 100 ml - hladno stiskano, nerafinirano, ekolo\u0161ka pridelava. Najvi\u0161ja vsebnost vitaminov ter omega 3 in 6 ma\u0161\u010dobnih kislin.","robots":{"index":"index","follow":"follow","max-snippet":"max-snippet:-1","max-image-preview":"max-image-preview:large","max-video-preview":"max-video-preview:-1"},"canonical":"https:\/\/trnulja.com\/shop\/izdelek\/ekolosko-konopljino-olje-100-ml\/","og_locale":"sl_SI","og_type":"article","og_title":"Ekolo\u0161ko konopljino olje 100 ml - Trnulja.com","og_description":"Ekolo\u0161ko konopljino olje 100 ml - hladno stiskano, nerafinirano, ekolo\u0161ka pridelava. Najvi\u0161ja vsebnost vitaminov ter omega 3 in 6 ma\u0161\u010dobnih kislin.","og_url":"https:\/\/trnulja.com\/shop\/izdelek\/ekolosko-konopljino-olje-100-ml\/","og_site_name":"Trnuljina spletna trgovina","article_modified_time":"2025-11-18T10:16:42+00:00","og_image":[{"width":2560,"height":1707,"url":"https:\/\/trnulja.com\/shop\/wp-content\/uploads\/2021\/01\/KONOPLJINO-OLJE-100ml-scaled.jpg","type":"image\/jpeg"}],"twitter_card":"summary_large_image","twitter_misc":{"Est. reading time":"3 minute"},"schema":{"@context":"https:\/\/schema.org","@graph":[{"@type":"WebPage","@id":"https:\/\/trnulja.com\/shop\/izdelek\/ekolosko-konopljino-olje-100-ml\/","url":"https:\/\/trnulja.com\/shop\/izdelek\/ekolosko-konopljino-olje-100-ml\/","name":"Ekolo\u0161ko konopljino olje 100 ml - Trnulja.com","isPartOf":{"@id":"https:\/\/trnulja.com\/shop\/#website"},"primaryImageOfPage":{"@id":"https:\/\/trnulja.com\/shop\/izdelek\/ekolosko-konopljino-olje-100-ml\/#primaryimage"},"image":{"@id":"https:\/\/trnulja.com\/shop\/izdelek\/ekolosko-konopljino-olje-100-ml\/#primaryimage"},"thumbnailUrl":"https:\/\/trnulja.com\/shop\/wp-content\/uploads\/2021\/01\/KONOPLJINO-OLJE-100ml-scaled.jpg","datePublished":"2021-01-12T09:01:09+00:00","dateModified":"2025-11-18T10:16:42+00:00","description":"Ekolo\u0161ko konopljino olje 100 ml - hladno stiskano, nerafinirano, ekolo\u0161ka pridelava. Najvi\u0161ja vsebnost vitaminov ter omega 3 in 6 ma\u0161\u010dobnih kislin.","breadcrumb":{"@id":"https:\/\/trnulja.com\/shop\/izdelek\/ekolosko-konopljino-olje-100-ml\/#breadcrumb"},"inLanguage":"sl-SI","potentialAction":[{"@type":"ReadAction","target":["https:\/\/trnulja.com\/shop\/izdelek\/ekolosko-konopljino-olje-100-ml\/"]}]},{"@type":"ImageObject","inLanguage":"sl-SI","@id":"https:\/\/trnulja.com\/shop\/izdelek\/ekolosko-konopljino-olje-100-ml\/#primaryimage","url":"https:\/\/trnulja.com\/shop\/wp-content\/uploads\/2021\/01\/KONOPLJINO-OLJE-100ml-scaled.jpg","contentUrl":"https:\/\/trnulja.com\/shop\/wp-content\/uploads\/2021\/01\/KONOPLJINO-OLJE-100ml-scaled.jpg","width":2560,"height":1707},{"@type":"BreadcrumbList","@id":"https:\/\/trnulja.com\/shop\/izdelek\/ekolosko-konopljino-olje-100-ml\/#breadcrumb","itemListElement":[{"@type":"ListItem","position":1,"name":"Home","item":"https:\/\/trnulja.com\/shop\/"},{"@type":"ListItem","position":2,"name":"Trgovina","item":"https:\/\/trnulja.com\/shop\/?page_id=6"},{"@type":"ListItem","position":3,"name":"Ekolo\u0161ko hladno stiskano konopljino olje 100 ml"}]},{"@type":"WebSite","@id":"https:\/\/trnulja.com\/shop\/#website","url":"https:\/\/trnulja.com\/shop\/","name":"Trnuljina spletna trgovina","description":"\u0160e eno spleti\u0161\u010de WordPress","potentialAction":[{"@type":"SearchAction","target":{"@type":"EntryPoint","urlTemplate":"https:\/\/trnulja.com\/shop\/?s={search_term_string}"},"query-input":{"@type":"PropertyValueSpecification","valueRequired":true,"valueName":"search_term_string"}}],"inLanguage":"sl-SI"}]}},"_links":{"self":[{"href":"https:\/\/trnulja.com\/shop\/wp-json\/wp\/v2\/product\/12","targetHints":{"allow":["GET"]}}],"collection":[{"href":"https:\/\/trnulja.com\/shop\/wp-json\/wp\/v2\/product"}],"about":[{"href":"https:\/\/trnulja.com\/shop\/wp-json\/wp\/v2\/types\/product"}],"replies":[{"embeddable":true,"href":"https:\/\/trnulja.com\/shop\/wp-json\/wp\/v2\/comments?post=12"}],"wp:featuredmedia":[{"embeddable":true,"href":"https:\/\/trnulja.com\/shop\/wp-json\/wp\/v2\/media\/572"}],"wp:attachment":[{"href":"https:\/\/trnulja.com\/shop\/wp-json\/wp\/v2\/media?parent=12"}],"wp:term":[{"taxonomy":"product_brand","embeddable":true,"href":"https:\/\/trnulja.com\/shop\/wp-json\/wp\/v2\/product_brand?post=12"},{"taxonomy":"product_cat","embeddable":true,"href":"https:\/\/trnulja.com\/shop\/wp-json\/wp\/v2\/product_cat?post=12"},{"taxonomy":"product_tag","embeddable":true,"href":"https:\/\/trnulja.com\/shop\/wp-json\/wp\/v2\/product_tag?post=12"}],"curies":[{"name":"wp","href":"https:\/\/api.w.org\/{rel}","templated":true}]}}