{"id":1206,"date":"2023-12-05T17:02:07","date_gmt":"2023-12-05T16:02:07","guid":{"rendered":"https:\/\/trnulja.com\/shop\/?post_type=product&#038;p=1206"},"modified":"2025-09-30T12:02:51","modified_gmt":"2025-09-30T11:02:51","slug":"ekoloski-orehovi-rogljicki-v-darilnem-kozarcu-150-g-kopija","status":"publish","type":"product","link":"https:\/\/trnulja.com\/shop\/izdelek\/ekoloski-orehovi-rogljicki-v-darilnem-kozarcu-150-g-kopija\/","title":{"rendered":"Ekolo\u0161ki orehovi roglji\u010dki v darilnem kozarcu, 150 g"},"content":{"rendered":"<p>Za ekolo\u0161ke orehove roglji\u010dke uporabljamo izklju\u010dno na\u0161o ekolo\u0161ko orehovo poga\u010do.<br \/>\nEkolo\u0161ka orehova poga\u010da nastane pri hladnem stiskanju olja. S tem izlo\u010dimo olje in ostane razma\u0161\u010dena orehova poga\u010da. Gre pravzaprav za mlete ekolo\u0161ke orehe, le da poga\u010da ne vsebuje olja.<\/p>\n<h3>Ekolo\u0161ka orehova poga\u010da &#8211; uporaba<\/h3>\n<p>Ekolo\u0161ka orehova poga\u010da se uporablja enako kot zmleti orehi. Odli\u010dno se obnese v tortah, potici, roglji\u010dih, nadevu za pala\u010dinke, kot dodatek za puding ali mle\u010dni ri\u017e ter sladke prelive (npr. medeni preliv z orehi) ipd.<\/p>\n<div>Ker ne vsebuje olja, ki ni obstojno na visokih temperaturah, tudi ne povzro\u010da zgage ali prebavnih te\u017eav. Orehova poga\u010da je tako primerna za toplotno obdelavo.<\/div>\n<div><\/div>\n<h3>Kako koristni so ekolo\u0161ki orehi?<\/h3>\n<ul>\n<li>Redno u\u017eivanje manj\u0161ih koli\u010din ekolo\u0161kih orehov <strong>pomaga pri zni\u017eanju ma\u0161\u010dob in holesterola v krvi<\/strong>,\u00a0<strong>zavira nastanek sr\u010dno-\u017eilnih obolenj in deluje protivnetno<\/strong>.<\/li>\n<li>Ekolo\u0161ki orehi\u00a0<strong>spro\u0161\u010dajo in pomirjajo<\/strong>\u00a0zaradi dokaj velike vsebnosti aminokisline triptofana, ki v telesu spro\u0161\u010da hormon ugodja serotonin.<\/li>\n<li><strong>Pomagajo pri presnovi ter krepijo srce in plju\u010da<\/strong>.<\/li>\n<li>Aminokislina\u00a0<strong>arginin spodbuja nastajanje du\u0161ikovega oksida<\/strong>, ki skrbi, da\u00a0<strong>arterije ostanejo pro\u017ene in omogo\u010dajo dober pretok krvi skozi srce<\/strong>.<\/li>\n<li><strong>Zelene lupine ekolo\u0161kih orehov<\/strong>, ki jih namo\u010dimo v doma\u010de \u017eganje, so znano\u00a0<strong>doma\u010de zdravilo za \u017eelodec.<\/strong><\/li>\n<\/ul>\n<h4>Redno u\u017eivanje ekolo\u0161kih orehov za bolj\u0161i spomin<\/h4>\n<p>Ni naklju\u010dje, da so ekolo\u0161ki orehi mnogokrat pojmovani kot hrana za mo\u017egane. Raziskave nakazujejo, da alfa-linolenska kislina in polifenolne spojine, pa tudi vitamin E, pripomorejo k ohranjanju kognitivnih in motori\u010dnih funkcij, ki se s staranjem zmanj\u0161ujejo, prav tako pa naj bi zmanj\u0161evali tveganje za pojav Alzheimerjeve bolezni. Raziskave tudi ka\u017eejo, da naj bi redno u\u017eivanje orehov krepilo spominske sposobnosti in spomin, prav tako pa tudi upravljanje s pridobljenimi informacijami.<\/p>\n<div><\/div>\n<div><\/div>\n","protected":false},"excerpt":{"rendered":"<ul>\n<li>ekolo\u0161ki<\/li>\n<li>z odvzeto ma\u0161\u010dobo (ki sicer na visoki temperaturi povzro\u010da zgago)<\/li>\n<li>brez konzervansov<\/li>\n<li>trajnostno pridelano in predelano<\/li>\n<\/ul>\n","protected":false},"featured_media":1089,"comment_status":"open","ping_status":"closed","template":"","meta":{"_et_pb_use_builder":"","_et_pb_old_content":"","_et_gb_content_width":""},"product_brand":[],"product_cat":[15,32],"product_tag":[],"class_list":{"0":"post-1206","1":"product","2":"type-product","3":"status-publish","4":"has-post-thumbnail","6":"product_cat-ostalo","7":"product_cat-darilni-program","9":"first","10":"onbackorder","11":"shipping-taxable","12":"purchasable","13":"product-type-simple"},"yoast_head":"<!-- This site is optimized with the Yoast SEO plugin v26.4 - https:\/\/yoast.com\/wordpress\/plugins\/seo\/ -->\n<title>Ekolo\u0161ki orehovi roglji\u010dki v darilnem kozarcu 150 g - Trnulja.com<\/title>\n<meta name=\"description\" content=\"Ekolo\u0161ki orehovi roglji\u010dki v darilnem kozarcu 150 g - ekolo\u0161ko pridelani mleti orehi, ki jih pridobimo s hladnim stiskanjem, pri \u010demer izlo\u010dimo olje. Izjemnega okusa.\" \/>\n<meta name=\"robots\" content=\"index, follow, max-snippet:-1, max-image-preview:large, max-video-preview:-1\" \/>\n<link rel=\"canonical\" href=\"https:\/\/trnulja.com\/shop\/izdelek\/ekoloski-orehovi-rogljicki-v-darilnem-kozarcu-150-g-kopija\/\" \/>\n<meta property=\"og:locale\" content=\"sl_SI\" \/>\n<meta property=\"og:type\" content=\"article\" \/>\n<meta property=\"og:title\" content=\"Ekolo\u0161ki orehovi roglji\u010dki v darilnem kozarcu 150 g - Trnulja.com\" \/>\n<meta property=\"og:description\" content=\"Ekolo\u0161ki orehovi roglji\u010dki v darilnem kozarcu 150 g - ekolo\u0161ko pridelani mleti orehi, ki jih pridobimo s hladnim stiskanjem, pri \u010demer izlo\u010dimo olje. Izjemnega okusa.\" \/>\n<meta property=\"og:url\" content=\"https:\/\/trnulja.com\/shop\/izdelek\/ekoloski-orehovi-rogljicki-v-darilnem-kozarcu-150-g-kopija\/\" \/>\n<meta property=\"og:site_name\" content=\"Trnuljina spletna trgovina\" \/>\n<meta property=\"article:modified_time\" content=\"2025-09-30T11:02:51+00:00\" \/>\n<meta property=\"og:image\" content=\"https:\/\/trnulja.com\/shop\/wp-content\/uploads\/2023\/05\/KORUZNIKI-V-KOZARCU-scaled.jpg\" \/>\n\t<meta property=\"og:image:width\" content=\"2560\" \/>\n\t<meta property=\"og:image:height\" content=\"1707\" \/>\n\t<meta property=\"og:image:type\" content=\"image\/jpeg\" \/>\n<meta name=\"twitter:card\" content=\"summary_large_image\" \/>\n<meta name=\"twitter:label1\" content=\"Est. reading time\" \/>\n\t<meta name=\"twitter:data1\" content=\"2 minuti\" \/>\n<script type=\"application\/ld+json\" class=\"yoast-schema-graph\">{\"@context\":\"https:\/\/schema.org\",\"@graph\":[{\"@type\":\"WebPage\",\"@id\":\"https:\/\/trnulja.com\/shop\/izdelek\/ekoloski-orehovi-rogljicki-v-darilnem-kozarcu-150-g-kopija\/\",\"url\":\"https:\/\/trnulja.com\/shop\/izdelek\/ekoloski-orehovi-rogljicki-v-darilnem-kozarcu-150-g-kopija\/\",\"name\":\"Ekolo\u0161ki orehovi roglji\u010dki v darilnem kozarcu 150 g - Trnulja.com\",\"isPartOf\":{\"@id\":\"https:\/\/trnulja.com\/shop\/#website\"},\"primaryImageOfPage\":{\"@id\":\"https:\/\/trnulja.com\/shop\/izdelek\/ekoloski-orehovi-rogljicki-v-darilnem-kozarcu-150-g-kopija\/#primaryimage\"},\"image\":{\"@id\":\"https:\/\/trnulja.com\/shop\/izdelek\/ekoloski-orehovi-rogljicki-v-darilnem-kozarcu-150-g-kopija\/#primaryimage\"},\"thumbnailUrl\":\"https:\/\/trnulja.com\/shop\/wp-content\/uploads\/2023\/05\/KORUZNIKI-V-KOZARCU-scaled.jpg\",\"datePublished\":\"2023-12-05T16:02:07+00:00\",\"dateModified\":\"2025-09-30T11:02:51+00:00\",\"description\":\"Ekolo\u0161ki orehovi roglji\u010dki v darilnem kozarcu 150 g - ekolo\u0161ko pridelani mleti orehi, ki jih pridobimo s hladnim stiskanjem, pri \u010demer izlo\u010dimo olje. Izjemnega okusa.\",\"breadcrumb\":{\"@id\":\"https:\/\/trnulja.com\/shop\/izdelek\/ekoloski-orehovi-rogljicki-v-darilnem-kozarcu-150-g-kopija\/#breadcrumb\"},\"inLanguage\":\"sl-SI\",\"potentialAction\":[{\"@type\":\"ReadAction\",\"target\":[\"https:\/\/trnulja.com\/shop\/izdelek\/ekoloski-orehovi-rogljicki-v-darilnem-kozarcu-150-g-kopija\/\"]}]},{\"@type\":\"ImageObject\",\"inLanguage\":\"sl-SI\",\"@id\":\"https:\/\/trnulja.com\/shop\/izdelek\/ekoloski-orehovi-rogljicki-v-darilnem-kozarcu-150-g-kopija\/#primaryimage\",\"url\":\"https:\/\/trnulja.com\/shop\/wp-content\/uploads\/2023\/05\/KORUZNIKI-V-KOZARCU-scaled.jpg\",\"contentUrl\":\"https:\/\/trnulja.com\/shop\/wp-content\/uploads\/2023\/05\/KORUZNIKI-V-KOZARCU-scaled.jpg\",\"width\":2560,\"height\":1707},{\"@type\":\"BreadcrumbList\",\"@id\":\"https:\/\/trnulja.com\/shop\/izdelek\/ekoloski-orehovi-rogljicki-v-darilnem-kozarcu-150-g-kopija\/#breadcrumb\",\"itemListElement\":[{\"@type\":\"ListItem\",\"position\":1,\"name\":\"Home\",\"item\":\"https:\/\/trnulja.com\/shop\/\"},{\"@type\":\"ListItem\",\"position\":2,\"name\":\"Trgovina\",\"item\":\"https:\/\/trnulja.com\/shop\/?page_id=6\"},{\"@type\":\"ListItem\",\"position\":3,\"name\":\"Ekolo\u0161ki orehovi roglji\u010dki v darilnem kozarcu, 150 g\"}]},{\"@type\":\"WebSite\",\"@id\":\"https:\/\/trnulja.com\/shop\/#website\",\"url\":\"https:\/\/trnulja.com\/shop\/\",\"name\":\"Trnuljina spletna trgovina\",\"description\":\"\u0160e eno spleti\u0161\u010de WordPress\",\"potentialAction\":[{\"@type\":\"SearchAction\",\"target\":{\"@type\":\"EntryPoint\",\"urlTemplate\":\"https:\/\/trnulja.com\/shop\/?s={search_term_string}\"},\"query-input\":{\"@type\":\"PropertyValueSpecification\",\"valueRequired\":true,\"valueName\":\"search_term_string\"}}],\"inLanguage\":\"sl-SI\"}]}<\/script>\n<!-- \/ Yoast SEO plugin. -->","yoast_head_json":{"title":"Ekolo\u0161ki orehovi roglji\u010dki v darilnem kozarcu 150 g - Trnulja.com","description":"Ekolo\u0161ki orehovi roglji\u010dki v darilnem kozarcu 150 g - ekolo\u0161ko pridelani mleti orehi, ki jih pridobimo s hladnim stiskanjem, pri \u010demer izlo\u010dimo olje. Izjemnega okusa.","robots":{"index":"index","follow":"follow","max-snippet":"max-snippet:-1","max-image-preview":"max-image-preview:large","max-video-preview":"max-video-preview:-1"},"canonical":"https:\/\/trnulja.com\/shop\/izdelek\/ekoloski-orehovi-rogljicki-v-darilnem-kozarcu-150-g-kopija\/","og_locale":"sl_SI","og_type":"article","og_title":"Ekolo\u0161ki orehovi roglji\u010dki v darilnem kozarcu 150 g - Trnulja.com","og_description":"Ekolo\u0161ki orehovi roglji\u010dki v darilnem kozarcu 150 g - ekolo\u0161ko pridelani mleti orehi, ki jih pridobimo s hladnim stiskanjem, pri \u010demer izlo\u010dimo olje. Izjemnega okusa.","og_url":"https:\/\/trnulja.com\/shop\/izdelek\/ekoloski-orehovi-rogljicki-v-darilnem-kozarcu-150-g-kopija\/","og_site_name":"Trnuljina spletna trgovina","article_modified_time":"2025-09-30T11:02:51+00:00","og_image":[{"width":2560,"height":1707,"url":"https:\/\/trnulja.com\/shop\/wp-content\/uploads\/2023\/05\/KORUZNIKI-V-KOZARCU-scaled.jpg","type":"image\/jpeg"}],"twitter_card":"summary_large_image","twitter_misc":{"Est. reading time":"2 minuti"},"schema":{"@context":"https:\/\/schema.org","@graph":[{"@type":"WebPage","@id":"https:\/\/trnulja.com\/shop\/izdelek\/ekoloski-orehovi-rogljicki-v-darilnem-kozarcu-150-g-kopija\/","url":"https:\/\/trnulja.com\/shop\/izdelek\/ekoloski-orehovi-rogljicki-v-darilnem-kozarcu-150-g-kopija\/","name":"Ekolo\u0161ki orehovi roglji\u010dki v darilnem kozarcu 150 g - Trnulja.com","isPartOf":{"@id":"https:\/\/trnulja.com\/shop\/#website"},"primaryImageOfPage":{"@id":"https:\/\/trnulja.com\/shop\/izdelek\/ekoloski-orehovi-rogljicki-v-darilnem-kozarcu-150-g-kopija\/#primaryimage"},"image":{"@id":"https:\/\/trnulja.com\/shop\/izdelek\/ekoloski-orehovi-rogljicki-v-darilnem-kozarcu-150-g-kopija\/#primaryimage"},"thumbnailUrl":"https:\/\/trnulja.com\/shop\/wp-content\/uploads\/2023\/05\/KORUZNIKI-V-KOZARCU-scaled.jpg","datePublished":"2023-12-05T16:02:07+00:00","dateModified":"2025-09-30T11:02:51+00:00","description":"Ekolo\u0161ki orehovi roglji\u010dki v darilnem kozarcu 150 g - ekolo\u0161ko pridelani mleti orehi, ki jih pridobimo s hladnim stiskanjem, pri \u010demer izlo\u010dimo olje. Izjemnega okusa.","breadcrumb":{"@id":"https:\/\/trnulja.com\/shop\/izdelek\/ekoloski-orehovi-rogljicki-v-darilnem-kozarcu-150-g-kopija\/#breadcrumb"},"inLanguage":"sl-SI","potentialAction":[{"@type":"ReadAction","target":["https:\/\/trnulja.com\/shop\/izdelek\/ekoloski-orehovi-rogljicki-v-darilnem-kozarcu-150-g-kopija\/"]}]},{"@type":"ImageObject","inLanguage":"sl-SI","@id":"https:\/\/trnulja.com\/shop\/izdelek\/ekoloski-orehovi-rogljicki-v-darilnem-kozarcu-150-g-kopija\/#primaryimage","url":"https:\/\/trnulja.com\/shop\/wp-content\/uploads\/2023\/05\/KORUZNIKI-V-KOZARCU-scaled.jpg","contentUrl":"https:\/\/trnulja.com\/shop\/wp-content\/uploads\/2023\/05\/KORUZNIKI-V-KOZARCU-scaled.jpg","width":2560,"height":1707},{"@type":"BreadcrumbList","@id":"https:\/\/trnulja.com\/shop\/izdelek\/ekoloski-orehovi-rogljicki-v-darilnem-kozarcu-150-g-kopija\/#breadcrumb","itemListElement":[{"@type":"ListItem","position":1,"name":"Home","item":"https:\/\/trnulja.com\/shop\/"},{"@type":"ListItem","position":2,"name":"Trgovina","item":"https:\/\/trnulja.com\/shop\/?page_id=6"},{"@type":"ListItem","position":3,"name":"Ekolo\u0161ki orehovi roglji\u010dki v darilnem kozarcu, 150 g"}]},{"@type":"WebSite","@id":"https:\/\/trnulja.com\/shop\/#website","url":"https:\/\/trnulja.com\/shop\/","name":"Trnuljina spletna trgovina","description":"\u0160e eno spleti\u0161\u010de WordPress","potentialAction":[{"@type":"SearchAction","target":{"@type":"EntryPoint","urlTemplate":"https:\/\/trnulja.com\/shop\/?s={search_term_string}"},"query-input":{"@type":"PropertyValueSpecification","valueRequired":true,"valueName":"search_term_string"}}],"inLanguage":"sl-SI"}]}},"_links":{"self":[{"href":"https:\/\/trnulja.com\/shop\/wp-json\/wp\/v2\/product\/1206","targetHints":{"allow":["GET"]}}],"collection":[{"href":"https:\/\/trnulja.com\/shop\/wp-json\/wp\/v2\/product"}],"about":[{"href":"https:\/\/trnulja.com\/shop\/wp-json\/wp\/v2\/types\/product"}],"replies":[{"embeddable":true,"href":"https:\/\/trnulja.com\/shop\/wp-json\/wp\/v2\/comments?post=1206"}],"wp:featuredmedia":[{"embeddable":true,"href":"https:\/\/trnulja.com\/shop\/wp-json\/wp\/v2\/media\/1089"}],"wp:attachment":[{"href":"https:\/\/trnulja.com\/shop\/wp-json\/wp\/v2\/media?parent=1206"}],"wp:term":[{"taxonomy":"product_brand","embeddable":true,"href":"https:\/\/trnulja.com\/shop\/wp-json\/wp\/v2\/product_brand?post=1206"},{"taxonomy":"product_cat","embeddable":true,"href":"https:\/\/trnulja.com\/shop\/wp-json\/wp\/v2\/product_cat?post=1206"},{"taxonomy":"product_tag","embeddable":true,"href":"https:\/\/trnulja.com\/shop\/wp-json\/wp\/v2\/product_tag?post=1206"}],"curies":[{"name":"wp","href":"https:\/\/api.w.org\/{rel}","templated":true}]}}