{"id":21,"date":"2021-02-02T09:10:56","date_gmt":"2021-02-02T08:10:56","guid":{"rendered":"http:\/\/trnulja.com\/shop\/?post_type=product&#038;p=21"},"modified":"2025-02-24T14:19:29","modified_gmt":"2025-02-24T13:19:29","slug":"ekoloska-konopljina-pogaca-500-g","status":"publish","type":"product","link":"https:\/\/trnulja.com\/shop\/izdelek\/ekoloska-konopljina-pogaca-500-g\/","title":{"rendered":"Ekolo\u0161ka hladno stiskana konopljina poga\u010da 500 g"},"content":{"rendered":"<p>[et_pb_section fb_built=&#8221;1&#8243; _builder_version=&#8221;4.16&#8243; width=&#8221;100%&#8221; module_alignment=&#8221;center&#8221; custom_padding=&#8221;0px||||false|false&#8221; global_colors_info=&#8221;{}&#8221;][et_pb_row _builder_version=&#8221;4.16&#8243; background_size=&#8221;initial&#8221; background_position=&#8221;top_left&#8221; background_repeat=&#8221;repeat&#8221; width=&#8221;100%&#8221; custom_padding=&#8221;0px||0px||false|false&#8221; global_colors_info=&#8221;{}&#8221;][et_pb_column type=&#8221;4_4&#8243; _builder_version=&#8221;4.16&#8243; custom_padding=&#8221;|||&#8221; global_colors_info=&#8221;{}&#8221; custom_padding__hover=&#8221;|||&#8221;][et_pb_wc_breadcrumb _builder_version=&#8221;4.16&#8243; global_colors_info=&#8221;{}&#8221;][\/et_pb_wc_breadcrumb][et_pb_wc_cart_notice _builder_version=&#8221;4.16&#8243; title_font=&#8221;|600|||||||&#8221; title_text_color=&#8221;#FFFFFF&#8221; custom_button=&#8221;on&#8221; button_text_color=&#8221;#FFFFFF&#8221; button_bg_color=&#8221;#26396d&#8221; body_font=&#8221;|600|||||||&#8221; body_text_color=&#8221;#FFFFFF&#8221; global_colors_info=&#8221;{}&#8221;][\/et_pb_wc_cart_notice][\/et_pb_column][\/et_pb_row][et_pb_row column_structure=&#8221;1_2,1_2&#8243; _builder_version=&#8221;4.16&#8243; background_size=&#8221;initial&#8221; background_position=&#8221;top_left&#8221; background_repeat=&#8221;repeat&#8221; width=&#8221;100%&#8221; custom_padding=&#8221;0px||||false|false&#8221; global_colors_info=&#8221;{}&#8221;][et_pb_column type=&#8221;1_2&#8243; _builder_version=&#8221;4.16&#8243; custom_padding=&#8221;|||&#8221; global_colors_info=&#8221;{}&#8221; custom_padding__hover=&#8221;|||&#8221;][et_pb_wc_images _builder_version=&#8221;4.16&#8243; global_colors_info=&#8221;{}&#8221;][\/et_pb_wc_images][\/et_pb_column][et_pb_column type=&#8221;1_2&#8243; _builder_version=&#8221;4.16&#8243; custom_padding=&#8221;|||&#8221; global_colors_info=&#8221;{}&#8221; custom_padding__hover=&#8221;|||&#8221;][et_pb_wc_title _builder_version=&#8221;4.16&#8243; header_font=&#8221;Open Sans|300|||||||&#8221; header_text_color=&#8221;#26396d&#8221; header_font_size=&#8221;38px&#8221; custom_css_before=&#8221;display: block;||content: %22%22;||border-top: 2px solid #d3d3d3;||width: 90px;||margin-bottom:20px;&#8221; global_colors_info=&#8221;{}&#8221;][\/et_pb_wc_title][et_pb_wc_rating disabled_on=&#8221;on|on|on&#8221; _builder_version=&#8221;4.16&#8243; disabled=&#8221;on&#8221; global_colors_info=&#8221;{}&#8221;][\/et_pb_wc_rating][et_pb_wc_price _builder_version=&#8221;4.16&#8243; body_font=&#8221;Merriweather|700|||||||&#8221; body_text_color=&#8221;#575755&#8243; body_font_size=&#8221;28px&#8221; global_colors_info=&#8221;{}&#8221;][\/et_pb_wc_price][et_pb_wc_description _builder_version=&#8221;4.16&#8243; body_font=&#8221;Merriweather||||||||&#8221; body_text_color=&#8221;#575755&#8243; body_font_size=&#8221;15px&#8221; body_line_height=&#8221;1.8em&#8221; global_colors_info=&#8221;{}&#8221;][\/et_pb_wc_description][et_pb_wc_add_to_cart show_stock=&#8221;off&#8221; _builder_version=&#8221;4.16&#8243; fields_background_color=&#8221;#FFFFFF&#8221; fields_text_color=&#8221;#535352&#8243; fields_focus_background_color=&#8221;#d3d3d3&#8243; fields_custom_margin=&#8221;||||false|false&#8221; fields_custom_padding=&#8221;||||true|true&#8221; fields_font=&#8221;Open Sans|600|||||||&#8221; fields_font_size=&#8221;21px&#8221; border_radii_fields=&#8221;on|0px|0px|0px|0px&#8221; border_width_all_fields=&#8221;1px&#8221; border_color_all_fields=&#8221;#a3a3a3&#8243; global_colors_info=&#8221;{}&#8221;][\/et_pb_wc_add_to_cart][et_pb_wc_meta _builder_version=&#8221;4.16&#8243; global_colors_info=&#8221;{}&#8221;][\/et_pb_wc_meta][\/et_pb_column][\/et_pb_row][et_pb_row _builder_version=&#8221;4.16&#8243; background_size=&#8221;initial&#8221; background_position=&#8221;top_left&#8221; background_repeat=&#8221;repeat&#8221; width=&#8221;100%&#8221; global_colors_info=&#8221;{}&#8221;][et_pb_column type=&#8221;4_4&#8243; _builder_version=&#8221;4.16&#8243; custom_padding=&#8221;|||&#8221; global_colors_info=&#8221;{}&#8221; custom_padding__hover=&#8221;|||&#8221;][et_pb_wc_tabs active_tab_background_color=&#8221;#a08d38&#8243; inactive_tab_background_color=&#8221;#FFFFFF&#8221; active_tab_text_color=&#8221;#FFFFFF&#8221; _builder_version=&#8221;4.16&#8243; tab_text_color=&#8221;#707070&#8243; body_font=&#8221;Merriweather||||||||&#8221; body_font_size=&#8221;15px&#8221; body_line_height=&#8221;1.8em&#8221; tab_font=&#8221;Open Sans|300||on|||||&#8221; tab_font_size=&#8221;22px&#8221; body_link_text_color=&#8221;#000000&#8243; body_link_font_size=&#8221;15px&#8221; global_colors_info=&#8221;{}&#8221;]\t\t\t\t\t[\/et_pb_wc_tabs][et_pb_wc_upsells _builder_version=&#8221;4.16&#8243; global_colors_info=&#8221;{}&#8221;][\/et_pb_wc_upsells][et_pb_wc_related_products icon_hover_color=&#8221;#a08d38&#8243; hover_overlay_color=&#8221;rgba(255,255,255,0.35)&#8221; hover_icon=&#8221;&#x55;||divi||400&#8243; _builder_version=&#8221;4.16&#8243; title_font=&#8221;Open Sans|300||on|||||&#8221; title_text_align=&#8221;center&#8221; title_text_color=&#8221;#c96338&#8243; title_font_size=&#8221;36px&#8221; product_title_font=&#8221;Merriweather|700|||||||&#8221; product_title_text_color=&#8221;#26396D&#8221; product_title_font_size=&#8221;20px&#8221; price_font=&#8221;Merriweather|700|||||||&#8221; price_text_color=&#8221;#575755&#8243; price_font_size=&#8221;18px&#8221; custom_padding=&#8221;50px||||false|false&#8221; custom_css_before=&#8221;display: block;||margin-left:auto;||margin-right:auto;||content: %22%22;||border-top: 2px solid #d3d3d3;||width: 90px;||margin-bottom:20px;&#8221; custom_css_product=&#8221;-webkit-box-shadow: 0px 0px 30px 0px rgba(0,0,0,0.3);||-moz-box-shadow: 0px 0px 30px 0px rgba(0,0,0,0.3);||box-shadow: 0px 0px 30px 0px rgba(0,0,0,0.3);||padding-bottom:15px !important;&#8221; custom_css_title=&#8221;padding-left:15px !important;&#8221; custom_css_price=&#8221;padding-left:15px !important;&#8221; border_width_all_image=&#8221;10px&#8221; border_color_all_image=&#8221;#FFFFFF&#8221; global_colors_info=&#8221;{}&#8221;][\/et_pb_wc_related_products][\/et_pb_column][\/et_pb_row][et_pb_row column_structure=&#8221;1_3,1_3,1_3&#8243; use_custom_gutter=&#8221;on&#8221; make_equal=&#8221;on&#8221; _builder_version=&#8221;4.16&#8243; _module_preset=&#8221;default&#8221; width=&#8221;100%&#8221; custom_margin=&#8221;0px||0px||false|false&#8221; custom_padding=&#8221;0px||0px||false|false&#8221; locked=&#8221;off&#8221; global_colors_info=&#8221;{}&#8221;][et_pb_column type=&#8221;1_3&#8243; _builder_version=&#8221;4.16&#8243; _module_preset=&#8221;default&#8221; custom_padding=&#8221;|15px|||false|false&#8221; global_colors_info=&#8221;{}&#8221;][et_pb_text _builder_version=&#8221;4.16&#8243; _module_preset=&#8221;default&#8221; text_font=&#8221;Open Sans||||||||&#8221; text_text_color=&#8221;#FFFFFF&#8221; text_font_size=&#8221;15px&#8221; header_2_font=&#8221;Merriweather|700|||||||&#8221; header_2_text_color=&#8221;#FFFFFF&#8221; custom_padding=&#8221;20px|20px|20px|20px|false|false&#8221; custom_css_main_element=&#8221;background: rgb(116,160,104);||background: radial-gradient(circle, rgba(116,160,104,1) 30%, rgba(69,102,60,1) 75%);&#8221; box_shadow_style=&#8221;preset1&#8243; box_shadow_vertical=&#8221;0px&#8221; box_shadow_blur=&#8221;20px&#8221; box_shadow_color=&#8221;rgba(0,0,0,0.4)&#8221; global_colors_info=&#8221;{}&#8221;]<\/p>\n<h2>100% ekolo\u0161ko<\/h2>\n<p>Na\u0161i proizvodi prihajajo iz kontrolirane certificirane ekolo\u0161ke pridelave na podlagi dolgoletnih izku\u0161enj &#8211; smo tudi prvo trajnostno posestvo v Sloveniji.<\/p>\n<p>[\/et_pb_text][\/et_pb_column][et_pb_column type=&#8221;1_3&#8243; _builder_version=&#8221;4.16&#8243; _module_preset=&#8221;default&#8221; custom_padding=&#8221;|15px||15px|false|false&#8221; global_colors_info=&#8221;{}&#8221;][et_pb_text _builder_version=&#8221;4.16&#8243; _module_preset=&#8221;default&#8221; text_font=&#8221;Open Sans||||||||&#8221; text_text_color=&#8221;#FFFFFF&#8221; text_font_size=&#8221;15px&#8221; header_2_font=&#8221;Merriweather|700|||||||&#8221; header_2_text_color=&#8221;#FFFFFF&#8221; custom_padding=&#8221;20px|20px|20px|20px|false|false&#8221; custom_css_main_element=&#8221;background: rgb(225,176,139);||background: radial-gradient(circle, rgba(225,176,139,1) 30%, rgba(184,99,63,1) 75%);&#8221; box_shadow_style=&#8221;preset1&#8243; box_shadow_vertical=&#8221;0px&#8221; box_shadow_blur=&#8221;20px&#8221; box_shadow_color=&#8221;rgba(0,0,0,0.4)&#8221; global_colors_info=&#8221;{}&#8221;]<\/p>\n<h2>Vedno aktualno<\/h2>\n<p>V spletni trgovini boste vedno na\u0161li aktualno in sve\u017eo ponudbo. Vsako naro\u010dilo skrbno pripravimo posebej za vas.<\/p>\n<p>[\/et_pb_text][\/et_pb_column][et_pb_column type=&#8221;1_3&#8243; _builder_version=&#8221;4.16&#8243; _module_preset=&#8221;default&#8221; custom_padding=&#8221;|||15px|false|false&#8221; global_colors_info=&#8221;{}&#8221;][et_pb_text _builder_version=&#8221;4.16&#8243; _module_preset=&#8221;default&#8221; text_font=&#8221;Open Sans||||||||&#8221; text_text_color=&#8221;#FFFFFF&#8221; text_font_size=&#8221;15px&#8221; header_2_font=&#8221;Merriweather|700|||||||&#8221; header_2_text_color=&#8221;#FFFFFF&#8221; custom_padding=&#8221;20px|20px|20px|20px|false|false&#8221; custom_css_main_element=&#8221;background: rgb(201,174,134);||background: radial-gradient(circle, rgba(201,174,134,1) 30%, rgba(134,116,93,1) 75%);&#8221; box_shadow_style=&#8221;preset1&#8243; box_shadow_vertical=&#8221;0px&#8221; box_shadow_blur=&#8221;20px&#8221; box_shadow_color=&#8221;rgba(0,0,0,0.4)&#8221; global_colors_info=&#8221;{}&#8221;]<\/p>\n<h2>Enostavno in varno<\/h2>\n<p>Naro\u010dilo preko na\u0161e spletne strani je hitro, varno in enostavno. Ob naro\u010dilu nad XX \u20ac vam nudimo tudi brezpla\u010dno po\u0161tnino.<\/p>\n<p>[\/et_pb_text][\/et_pb_column][\/et_pb_row][\/et_pb_section]<\/p>\n","protected":false},"excerpt":{"rendered":"<p><strong>Konopljina poga\u010da<\/strong> (polnozrnati otrobi) nastane pri hladnem stiskanju konopljinih semen.<\/p>\n<ul>\n<li>100% naravno iz certificirane ekolo\u0161ke pridelave<\/li>\n<li>primerna za \u0161portnike in aktivne ljudi, saj vsebuje veliko beljakovin<\/li>\n<li>primerno za vegetarjance in vegane<\/li>\n<li>lahko je tudi popolna hrana za hi\u0161ne ljubljen\u010dke<\/li>\n<li>ugodno vpliva na rast in bujnost las ter nohtov<\/li>\n<li>daje veliko energije<\/li>\n<\/ul>\n","protected":false},"featured_media":338,"comment_status":"open","ping_status":"closed","template":"","meta":{"_et_pb_use_builder":"on","_et_pb_old_content":"Konopljina poga\u010da ali konopljini proteini so stranski produkt pri hladnem stiskanju olja, v katerem ohranimo vse organolepti\u010dne in druge lastnosti.\r\n<h3>Kaj vsebuje konopljina poga\u010da?<\/h3>\r\n<strong>Konopljina poga\u010da <\/strong>vsebuje veliko beljakovin in prehranskih<strong>\u00a0<\/strong>vlaknin. Zato jo \u0161e posebno radi u\u017eivajo \u0161portniki, saj daje energijo in poskrbi za u\u010dinkovito in hitro regeneracijo po vadbah. Prav tako so primerni za vse, ki se borite z odve\u010dno telesno te\u017eo ter za\u00a0vegetarjance in vegane.\r\n\r\nVlaknine so obvezen del na\u0161e zdrave prehrane. Pomagajo uravnavati prebavo, prepre\u010dujejo zaprtje ter iz telesa pa pomagajo odstraniti prese\u017eke toksinov in bakterij. Konopljini proteini vsebujejo 90% netopnih in 10% topnih vlaknin. Netopne vlaknine pomagajo ohranjati zdrav prebavni sistem, medtem, ko topne vlaknine pomagajo pri uravnavanju ravni krvnega sladkorja in holesterola LDL.\r\n\r\n<strong>Ena \u017elica na\u0161ih konopljinih proteinov spremeni obi\u010dajen zajtrk, malico ali ve\u010derjo v visoko hranljiv obrok.<\/strong>\r\n\r\nKonopljina poga\u010da je polnovredno kakovostno \u017eivilo, 100% naravnega in ekolo\u0161kega izvora, brez dodanega sladkorja, konzervansov, umetnih barvil, soli,..\r\n\r\nPovsem enostavno lahko konopljino poga\u010do dodamo v razne napitke, jogurte, juhe, lahko pa jo uporabimo tudi kot dodatek pri peki peciva ali kruha.\r\n\r\nVsebuje:\r\n<ul>\r\n \t<li>beljakovine,<\/li>\r\n \t<li>nenasi\u010dene ma\u0161\u010dobne kisline (Omega 3),<\/li>\r\n \t<li>vlaknine,<\/li>\r\n \t<li>minerale,<\/li>\r\n \t<li>vitamine,<\/li>\r\n \t<li>esencialne aminokisline,<\/li>\r\n \t<li>antioksidante in<\/li>\r\n \t<li>aminokisline.<\/li>\r\n<\/ul>\r\n<h3>Kako nam konopljina poga\u010da koristi?<\/h3>\r\nKonopljino poga\u010do oz. proteine visoko cenijo \u0161portniki, saj odli\u010dno pripomore pri regeneraciji mi\u0161i\u010dne mase ter pozitivno vplivajo na bolj\u0161o vzdr\u017eljivost telesa.\r\nKonopljina poga\u010da je primerna tudi za vse ostale aktivne ljudi, saj:\r\n<ul>\r\n \t<li>zagotovi energijo za \u010dez celoten dan,<\/li>\r\n \t<li>pripomore pri razstrupljanju telesa,<\/li>\r\n \t<li>pripomere k urejanju prebave,<\/li>\r\n \t<li>krepi imunski sistem,<\/li>\r\n \t<li>odli\u010dno pomaga pri izgorevanju ma\u0161\u010dob,<\/li>\r\n \t<li>prepre\u010duje shranjevanje ma\u0161\u010dob,<\/li>\r\n \t<li>pripomore k sijo\u010di in \u010disti ko\u017ei,<\/li>\r\n \t<li>izbolj\u0161uje koncentracijo in spomin ter delovanje mo\u017eganov,<\/li>\r\n \t<li>pripomore pri uravnavanju sladkorja v krvi,<\/li>\r\n \t<li>pripomore pri delovanju kemijskih procesov v mo\u017eganih, skrbi za zdrave \u017eivce,<\/li>\r\n \t<li>omogo\u010da hitrej\u0161e okrevanje, krepljenje mi\u0161ic, vezi, sklepov, organov, \u017eleze, nohtov, las, telesnih teko\u010din,..<\/li>\r\n<\/ul>\r\n<h3>Priporo\u010den dnevni vnos<\/h3>\r\n<ul>\r\n \t<li>\u00a02 \u017elici (20 g) dnevno (ali ve\u010d za \u0161portno bolj aktivne)<\/li>\r\n<\/ul>","_et_gb_content_width":""},"product_brand":[],"product_cat":[16],"product_tag":[],"class_list":{"0":"post-21","1":"product","2":"type-product","3":"status-publish","4":"has-post-thumbnail","6":"product_cat-konopljini-proizvodi","8":"first","9":"outofstock","10":"shipping-taxable","11":"purchasable","12":"product-type-simple"},"yoast_head":"<!-- This site is optimized with the Yoast SEO plugin v26.4 - https:\/\/yoast.com\/wordpress\/plugins\/seo\/ -->\n<title>Ekolo\u0161ka konopljina poga\u010da 500 g - Trnulja.com<\/title>\n<meta name=\"description\" content=\"Ekolo\u0161ka konopljina poga\u010da iz certificirane ekolo\u0161ke pridelave. 100% naravno, brez dodatkov. Visoka vsebnost beljakovin in vlaknin.\" \/>\n<meta name=\"robots\" content=\"index, follow, max-snippet:-1, max-image-preview:large, max-video-preview:-1\" \/>\n<link rel=\"canonical\" href=\"https:\/\/trnulja.com\/shop\/izdelek\/ekoloska-konopljina-pogaca-500-g\/\" \/>\n<meta property=\"og:locale\" content=\"sl_SI\" \/>\n<meta property=\"og:type\" content=\"article\" \/>\n<meta property=\"og:title\" content=\"Ekolo\u0161ka konopljina poga\u010da 500 g - Trnulja.com\" \/>\n<meta property=\"og:description\" content=\"Ekolo\u0161ka konopljina poga\u010da iz certificirane ekolo\u0161ke pridelave. 100% naravno, brez dodatkov. Visoka vsebnost beljakovin in vlaknin.\" \/>\n<meta property=\"og:url\" content=\"https:\/\/trnulja.com\/shop\/izdelek\/ekoloska-konopljina-pogaca-500-g\/\" \/>\n<meta property=\"og:site_name\" content=\"Trnuljina spletna trgovina\" \/>\n<meta property=\"article:modified_time\" content=\"2025-02-24T13:19:29+00:00\" \/>\n<meta property=\"og:image\" content=\"https:\/\/trnulja.com\/shop\/wp-content\/uploads\/2021\/02\/konopljina-pogaca-web.jpg\" \/>\n\t<meta property=\"og:image:width\" content=\"1000\" \/>\n\t<meta property=\"og:image:height\" content=\"1000\" \/>\n\t<meta property=\"og:image:type\" content=\"image\/jpeg\" \/>\n<meta name=\"twitter:card\" content=\"summary_large_image\" \/>\n<meta name=\"twitter:label1\" content=\"Est. reading time\" \/>\n\t<meta name=\"twitter:data1\" content=\"1 minuta\" \/>\n<script type=\"application\/ld+json\" class=\"yoast-schema-graph\">{\"@context\":\"https:\/\/schema.org\",\"@graph\":[{\"@type\":\"WebPage\",\"@id\":\"https:\/\/trnulja.com\/shop\/izdelek\/ekoloska-konopljina-pogaca-500-g\/\",\"url\":\"https:\/\/trnulja.com\/shop\/izdelek\/ekoloska-konopljina-pogaca-500-g\/\",\"name\":\"Ekolo\u0161ka konopljina poga\u010da 500 g - Trnulja.com\",\"isPartOf\":{\"@id\":\"https:\/\/trnulja.com\/shop\/#website\"},\"primaryImageOfPage\":{\"@id\":\"https:\/\/trnulja.com\/shop\/izdelek\/ekoloska-konopljina-pogaca-500-g\/#primaryimage\"},\"image\":{\"@id\":\"https:\/\/trnulja.com\/shop\/izdelek\/ekoloska-konopljina-pogaca-500-g\/#primaryimage\"},\"thumbnailUrl\":\"https:\/\/trnulja.com\/shop\/wp-content\/uploads\/2021\/02\/konopljina-pogaca-web.jpg\",\"datePublished\":\"2021-02-02T08:10:56+00:00\",\"dateModified\":\"2025-02-24T13:19:29+00:00\",\"description\":\"Ekolo\u0161ka konopljina poga\u010da iz certificirane ekolo\u0161ke pridelave. 100% naravno, brez dodatkov. Visoka vsebnost beljakovin in vlaknin.\",\"breadcrumb\":{\"@id\":\"https:\/\/trnulja.com\/shop\/izdelek\/ekoloska-konopljina-pogaca-500-g\/#breadcrumb\"},\"inLanguage\":\"sl-SI\",\"potentialAction\":[{\"@type\":\"ReadAction\",\"target\":[\"https:\/\/trnulja.com\/shop\/izdelek\/ekoloska-konopljina-pogaca-500-g\/\"]}]},{\"@type\":\"ImageObject\",\"inLanguage\":\"sl-SI\",\"@id\":\"https:\/\/trnulja.com\/shop\/izdelek\/ekoloska-konopljina-pogaca-500-g\/#primaryimage\",\"url\":\"https:\/\/trnulja.com\/shop\/wp-content\/uploads\/2021\/02\/konopljina-pogaca-web.jpg\",\"contentUrl\":\"https:\/\/trnulja.com\/shop\/wp-content\/uploads\/2021\/02\/konopljina-pogaca-web.jpg\",\"width\":1000,\"height\":1000},{\"@type\":\"BreadcrumbList\",\"@id\":\"https:\/\/trnulja.com\/shop\/izdelek\/ekoloska-konopljina-pogaca-500-g\/#breadcrumb\",\"itemListElement\":[{\"@type\":\"ListItem\",\"position\":1,\"name\":\"Home\",\"item\":\"https:\/\/trnulja.com\/shop\/\"},{\"@type\":\"ListItem\",\"position\":2,\"name\":\"Trgovina\",\"item\":\"https:\/\/trnulja.com\/shop\/?page_id=6\"},{\"@type\":\"ListItem\",\"position\":3,\"name\":\"Ekolo\u0161ka hladno stiskana konopljina poga\u010da 500 g\"}]},{\"@type\":\"WebSite\",\"@id\":\"https:\/\/trnulja.com\/shop\/#website\",\"url\":\"https:\/\/trnulja.com\/shop\/\",\"name\":\"Trnuljina spletna trgovina\",\"description\":\"\u0160e eno spleti\u0161\u010de WordPress\",\"potentialAction\":[{\"@type\":\"SearchAction\",\"target\":{\"@type\":\"EntryPoint\",\"urlTemplate\":\"https:\/\/trnulja.com\/shop\/?s={search_term_string}\"},\"query-input\":{\"@type\":\"PropertyValueSpecification\",\"valueRequired\":true,\"valueName\":\"search_term_string\"}}],\"inLanguage\":\"sl-SI\"}]}<\/script>\n<!-- \/ Yoast SEO plugin. -->","yoast_head_json":{"title":"Ekolo\u0161ka konopljina poga\u010da 500 g - Trnulja.com","description":"Ekolo\u0161ka konopljina poga\u010da iz certificirane ekolo\u0161ke pridelave. 100% naravno, brez dodatkov. Visoka vsebnost beljakovin in vlaknin.","robots":{"index":"index","follow":"follow","max-snippet":"max-snippet:-1","max-image-preview":"max-image-preview:large","max-video-preview":"max-video-preview:-1"},"canonical":"https:\/\/trnulja.com\/shop\/izdelek\/ekoloska-konopljina-pogaca-500-g\/","og_locale":"sl_SI","og_type":"article","og_title":"Ekolo\u0161ka konopljina poga\u010da 500 g - Trnulja.com","og_description":"Ekolo\u0161ka konopljina poga\u010da iz certificirane ekolo\u0161ke pridelave. 100% naravno, brez dodatkov. Visoka vsebnost beljakovin in vlaknin.","og_url":"https:\/\/trnulja.com\/shop\/izdelek\/ekoloska-konopljina-pogaca-500-g\/","og_site_name":"Trnuljina spletna trgovina","article_modified_time":"2025-02-24T13:19:29+00:00","og_image":[{"width":1000,"height":1000,"url":"https:\/\/trnulja.com\/shop\/wp-content\/uploads\/2021\/02\/konopljina-pogaca-web.jpg","type":"image\/jpeg"}],"twitter_card":"summary_large_image","twitter_misc":{"Est. reading time":"1 minuta"},"schema":{"@context":"https:\/\/schema.org","@graph":[{"@type":"WebPage","@id":"https:\/\/trnulja.com\/shop\/izdelek\/ekoloska-konopljina-pogaca-500-g\/","url":"https:\/\/trnulja.com\/shop\/izdelek\/ekoloska-konopljina-pogaca-500-g\/","name":"Ekolo\u0161ka konopljina poga\u010da 500 g - Trnulja.com","isPartOf":{"@id":"https:\/\/trnulja.com\/shop\/#website"},"primaryImageOfPage":{"@id":"https:\/\/trnulja.com\/shop\/izdelek\/ekoloska-konopljina-pogaca-500-g\/#primaryimage"},"image":{"@id":"https:\/\/trnulja.com\/shop\/izdelek\/ekoloska-konopljina-pogaca-500-g\/#primaryimage"},"thumbnailUrl":"https:\/\/trnulja.com\/shop\/wp-content\/uploads\/2021\/02\/konopljina-pogaca-web.jpg","datePublished":"2021-02-02T08:10:56+00:00","dateModified":"2025-02-24T13:19:29+00:00","description":"Ekolo\u0161ka konopljina poga\u010da iz certificirane ekolo\u0161ke pridelave. 100% naravno, brez dodatkov. Visoka vsebnost beljakovin in vlaknin.","breadcrumb":{"@id":"https:\/\/trnulja.com\/shop\/izdelek\/ekoloska-konopljina-pogaca-500-g\/#breadcrumb"},"inLanguage":"sl-SI","potentialAction":[{"@type":"ReadAction","target":["https:\/\/trnulja.com\/shop\/izdelek\/ekoloska-konopljina-pogaca-500-g\/"]}]},{"@type":"ImageObject","inLanguage":"sl-SI","@id":"https:\/\/trnulja.com\/shop\/izdelek\/ekoloska-konopljina-pogaca-500-g\/#primaryimage","url":"https:\/\/trnulja.com\/shop\/wp-content\/uploads\/2021\/02\/konopljina-pogaca-web.jpg","contentUrl":"https:\/\/trnulja.com\/shop\/wp-content\/uploads\/2021\/02\/konopljina-pogaca-web.jpg","width":1000,"height":1000},{"@type":"BreadcrumbList","@id":"https:\/\/trnulja.com\/shop\/izdelek\/ekoloska-konopljina-pogaca-500-g\/#breadcrumb","itemListElement":[{"@type":"ListItem","position":1,"name":"Home","item":"https:\/\/trnulja.com\/shop\/"},{"@type":"ListItem","position":2,"name":"Trgovina","item":"https:\/\/trnulja.com\/shop\/?page_id=6"},{"@type":"ListItem","position":3,"name":"Ekolo\u0161ka hladno stiskana konopljina poga\u010da 500 g"}]},{"@type":"WebSite","@id":"https:\/\/trnulja.com\/shop\/#website","url":"https:\/\/trnulja.com\/shop\/","name":"Trnuljina spletna trgovina","description":"\u0160e eno spleti\u0161\u010de WordPress","potentialAction":[{"@type":"SearchAction","target":{"@type":"EntryPoint","urlTemplate":"https:\/\/trnulja.com\/shop\/?s={search_term_string}"},"query-input":{"@type":"PropertyValueSpecification","valueRequired":true,"valueName":"search_term_string"}}],"inLanguage":"sl-SI"}]}},"_links":{"self":[{"href":"https:\/\/trnulja.com\/shop\/wp-json\/wp\/v2\/product\/21","targetHints":{"allow":["GET"]}}],"collection":[{"href":"https:\/\/trnulja.com\/shop\/wp-json\/wp\/v2\/product"}],"about":[{"href":"https:\/\/trnulja.com\/shop\/wp-json\/wp\/v2\/types\/product"}],"replies":[{"embeddable":true,"href":"https:\/\/trnulja.com\/shop\/wp-json\/wp\/v2\/comments?post=21"}],"wp:featuredmedia":[{"embeddable":true,"href":"https:\/\/trnulja.com\/shop\/wp-json\/wp\/v2\/media\/338"}],"wp:attachment":[{"href":"https:\/\/trnulja.com\/shop\/wp-json\/wp\/v2\/media?parent=21"}],"wp:term":[{"taxonomy":"product_brand","embeddable":true,"href":"https:\/\/trnulja.com\/shop\/wp-json\/wp\/v2\/product_brand?post=21"},{"taxonomy":"product_cat","embeddable":true,"href":"https:\/\/trnulja.com\/shop\/wp-json\/wp\/v2\/product_cat?post=21"},{"taxonomy":"product_tag","embeddable":true,"href":"https:\/\/trnulja.com\/shop\/wp-json\/wp\/v2\/product_tag?post=21"}],"curies":[{"name":"wp","href":"https:\/\/api.w.org\/{rel}","templated":true}]}}