{"id":31,"date":"2021-07-13T10:31:59","date_gmt":"2021-07-13T09:31:59","guid":{"rendered":"http:\/\/trnulja.com\/shop\/?post_type=product&#038;p=31"},"modified":"2025-04-09T14:36:57","modified_gmt":"2025-04-09T13:36:57","slug":"orehovo-olje-250-ml","status":"publish","type":"product","link":"https:\/\/trnulja.com\/shop\/izdelek\/orehovo-olje-250-ml\/","title":{"rendered":"Ekolo\u0161ko hladno stiskano orehovo olje 250 ml"},"content":{"rendered":"<h3>Ekolo\u0161ko orehovo olje v prehrani<\/h3>\n<p>Ekolo\u0161ko orehovo olje 250 ml je gosto, blagega in prijetnega okusa.<\/p>\n<p>Ekolo\u0161ko orehovo olje se v prehrani uporablja hladno, kar pomeni, da se ga ne pe\u010de ali cvre, saj je ob\u010dutljivo za oksidacijo in s kuhanjem dobi rahlo grenak okus. Kljub temu je samo po sebi odli\u010den dodatek za solate, razli\u010dne \u017eitne jedi na primer za kosmi\u010de za zajtrk. Dodajajo ga tudi k makaronom in sladicam, na primer pe\u010denim breskvam. Hrani da rahel okus po orehih.<\/p>\n<h3>Ekolo\u0161ko orehovo olje 250 ml &#8211; lastnosti in koristi<\/h3>\n<p>Ekolo\u0161ko orehovo olje ima \u0161tevilne pozitivne u\u010dinke:<\/p>\n<ul>\n<li>Ekolo\u0161ko olje je bogat vir nenasi\u010denih ma\u0161\u010dob.<\/li>\n<li>Ekolo\u0161ko orehovo olje uravnava raven \u017eelod\u010dne kisline. Uspe\u0161no \u010disti strupe, saj se ti v stiku z oljem nalo\u017eijo in se z ostalimi lugi izlo\u010dijo z urinom.<\/li>\n<li>Ekolo\u0161ko olje vsebuje vitamin E, ki je naravni antioksidant in prepre\u010duje staranje \u017eil in kuperozo ko\u017ee (pokanje \u017eil). Vsebuje tudi vitamin A in C.<\/li>\n<li>\u0160\u010diti pred boleznimi srca in o\u017eilja, pred mo\u017egansko in sr\u010dno kapjo.<\/li>\n<li>Nadzoruje tudi raven krvnega sladkorja.<\/li>\n<li>Omega-3 ma\u0161\u010dobne kisline so pomembna sestavina membrane mo\u017eganskih celic, ki skrbijo za prena\u0161anje \u017eiv\u010dnih signalov, potrebnih za razmi\u0161ljanje, u\u010denje in spomin. Zato redno u\u017eivanje ekolo\u0161kega orehovega olja izbolj\u0161uje spomin in zmanj\u0161a pozabljivost.<\/li>\n<li>Ekolo\u0161ko olje spodbuja tudi tvorbo melatonina v krvi, hormona, ki je odgovoren za dober spanec<\/li>\n<li>Ekolo\u0161ko orehovo olje pomaga tudi pri zmanj\u0161evanju stresa, depresije in aksioznosti.<\/li>\n<li>Ugodno vpliva na obnavljanje ko\u017ee in las.<\/li>\n<\/ul>\n<p>&nbsp;<\/p>\n<h3><\/h3>\n<p>&nbsp;<\/p>\n","protected":false},"excerpt":{"rendered":"<p>Ekolo\u0161ko orehovo olje v prehrani Ekolo\u0161ko orehovo olje 250 ml je gosto, blagega in prijetnega okusa. Ekolo\u0161ko orehovo olje se v prehrani uporablja hladno, kar pomeni, da se ga ne pe\u010de ali cvre, saj je ob\u010dutljivo za oksidacijo in s kuhanjem dobi rahlo grenak okus. Kljub temu je samo po sebi odli\u010den dodatek za solate, [&hellip;]<\/p>\n","protected":false},"featured_media":373,"comment_status":"open","ping_status":"closed","template":"","meta":{"_et_pb_use_builder":"","_et_pb_old_content":"","_et_gb_content_width":""},"product_brand":[],"product_cat":[15],"product_tag":[],"class_list":{"0":"post-31","1":"product","2":"type-product","3":"status-publish","4":"has-post-thumbnail","6":"product_cat-ostalo","8":"first","9":"outofstock","10":"shipping-taxable","11":"purchasable","12":"product-type-simple"},"yoast_head":"<!-- This site is optimized with the Yoast SEO plugin v26.4 - https:\/\/yoast.com\/wordpress\/plugins\/seo\/ -->\n<title>Ekolo\u0161ko orehovo olje 250 ml - Trnulja.com<\/title>\n<meta name=\"description\" content=\"EKolo\u0161ko orehovo olje 250 ml - ekolo\u0161ka in lokalna pridelava. Zelo okusno in polno vitaminov se lepo poda k raznim jedem. Zmanj\u0161uje stres, obnovi ko\u017eo.\" \/>\n<meta name=\"robots\" content=\"index, follow, max-snippet:-1, max-image-preview:large, max-video-preview:-1\" \/>\n<link rel=\"canonical\" href=\"https:\/\/trnulja.com\/shop\/izdelek\/orehovo-olje-250-ml\/\" \/>\n<meta property=\"og:locale\" content=\"sl_SI\" \/>\n<meta property=\"og:type\" content=\"article\" \/>\n<meta property=\"og:title\" content=\"Ekolo\u0161ko orehovo olje 250 ml - Trnulja.com\" \/>\n<meta property=\"og:description\" content=\"EKolo\u0161ko orehovo olje 250 ml - ekolo\u0161ka in lokalna pridelava. Zelo okusno in polno vitaminov se lepo poda k raznim jedem. Zmanj\u0161uje stres, obnovi ko\u017eo.\" \/>\n<meta property=\"og:url\" content=\"https:\/\/trnulja.com\/shop\/izdelek\/orehovo-olje-250-ml\/\" \/>\n<meta property=\"og:site_name\" content=\"Trnuljina spletna trgovina\" \/>\n<meta property=\"article:modified_time\" content=\"2025-04-09T13:36:57+00:00\" \/>\n<meta property=\"og:image\" content=\"https:\/\/trnulja.com\/shop\/wp-content\/uploads\/2021\/02\/orehovo-olje-web.jpg\" \/>\n\t<meta property=\"og:image:width\" content=\"1000\" \/>\n\t<meta property=\"og:image:height\" content=\"1000\" \/>\n\t<meta property=\"og:image:type\" content=\"image\/jpeg\" \/>\n<meta name=\"twitter:card\" content=\"summary_large_image\" \/>\n<meta name=\"twitter:label1\" content=\"Est. reading time\" \/>\n\t<meta name=\"twitter:data1\" content=\"2 minuti\" \/>\n<script type=\"application\/ld+json\" class=\"yoast-schema-graph\">{\"@context\":\"https:\/\/schema.org\",\"@graph\":[{\"@type\":\"WebPage\",\"@id\":\"https:\/\/trnulja.com\/shop\/izdelek\/orehovo-olje-250-ml\/\",\"url\":\"https:\/\/trnulja.com\/shop\/izdelek\/orehovo-olje-250-ml\/\",\"name\":\"Ekolo\u0161ko orehovo olje 250 ml - Trnulja.com\",\"isPartOf\":{\"@id\":\"https:\/\/trnulja.com\/shop\/#website\"},\"primaryImageOfPage\":{\"@id\":\"https:\/\/trnulja.com\/shop\/izdelek\/orehovo-olje-250-ml\/#primaryimage\"},\"image\":{\"@id\":\"https:\/\/trnulja.com\/shop\/izdelek\/orehovo-olje-250-ml\/#primaryimage\"},\"thumbnailUrl\":\"https:\/\/trnulja.com\/shop\/wp-content\/uploads\/2021\/02\/orehovo-olje-web.jpg\",\"datePublished\":\"2021-07-13T09:31:59+00:00\",\"dateModified\":\"2025-04-09T13:36:57+00:00\",\"description\":\"EKolo\u0161ko orehovo olje 250 ml - ekolo\u0161ka in lokalna pridelava. Zelo okusno in polno vitaminov se lepo poda k raznim jedem. Zmanj\u0161uje stres, obnovi ko\u017eo.\",\"breadcrumb\":{\"@id\":\"https:\/\/trnulja.com\/shop\/izdelek\/orehovo-olje-250-ml\/#breadcrumb\"},\"inLanguage\":\"sl-SI\",\"potentialAction\":[{\"@type\":\"ReadAction\",\"target\":[\"https:\/\/trnulja.com\/shop\/izdelek\/orehovo-olje-250-ml\/\"]}]},{\"@type\":\"ImageObject\",\"inLanguage\":\"sl-SI\",\"@id\":\"https:\/\/trnulja.com\/shop\/izdelek\/orehovo-olje-250-ml\/#primaryimage\",\"url\":\"https:\/\/trnulja.com\/shop\/wp-content\/uploads\/2021\/02\/orehovo-olje-web.jpg\",\"contentUrl\":\"https:\/\/trnulja.com\/shop\/wp-content\/uploads\/2021\/02\/orehovo-olje-web.jpg\",\"width\":1000,\"height\":1000},{\"@type\":\"BreadcrumbList\",\"@id\":\"https:\/\/trnulja.com\/shop\/izdelek\/orehovo-olje-250-ml\/#breadcrumb\",\"itemListElement\":[{\"@type\":\"ListItem\",\"position\":1,\"name\":\"Home\",\"item\":\"https:\/\/trnulja.com\/shop\/\"},{\"@type\":\"ListItem\",\"position\":2,\"name\":\"Trgovina\",\"item\":\"https:\/\/trnulja.com\/shop\/?page_id=6\"},{\"@type\":\"ListItem\",\"position\":3,\"name\":\"Ekolo\u0161ko hladno stiskano orehovo olje 250 ml\"}]},{\"@type\":\"WebSite\",\"@id\":\"https:\/\/trnulja.com\/shop\/#website\",\"url\":\"https:\/\/trnulja.com\/shop\/\",\"name\":\"Trnuljina spletna trgovina\",\"description\":\"\u0160e eno spleti\u0161\u010de WordPress\",\"potentialAction\":[{\"@type\":\"SearchAction\",\"target\":{\"@type\":\"EntryPoint\",\"urlTemplate\":\"https:\/\/trnulja.com\/shop\/?s={search_term_string}\"},\"query-input\":{\"@type\":\"PropertyValueSpecification\",\"valueRequired\":true,\"valueName\":\"search_term_string\"}}],\"inLanguage\":\"sl-SI\"}]}<\/script>\n<!-- \/ Yoast SEO plugin. -->","yoast_head_json":{"title":"Ekolo\u0161ko orehovo olje 250 ml - Trnulja.com","description":"EKolo\u0161ko orehovo olje 250 ml - ekolo\u0161ka in lokalna pridelava. Zelo okusno in polno vitaminov se lepo poda k raznim jedem. Zmanj\u0161uje stres, obnovi ko\u017eo.","robots":{"index":"index","follow":"follow","max-snippet":"max-snippet:-1","max-image-preview":"max-image-preview:large","max-video-preview":"max-video-preview:-1"},"canonical":"https:\/\/trnulja.com\/shop\/izdelek\/orehovo-olje-250-ml\/","og_locale":"sl_SI","og_type":"article","og_title":"Ekolo\u0161ko orehovo olje 250 ml - Trnulja.com","og_description":"EKolo\u0161ko orehovo olje 250 ml - ekolo\u0161ka in lokalna pridelava. Zelo okusno in polno vitaminov se lepo poda k raznim jedem. Zmanj\u0161uje stres, obnovi ko\u017eo.","og_url":"https:\/\/trnulja.com\/shop\/izdelek\/orehovo-olje-250-ml\/","og_site_name":"Trnuljina spletna trgovina","article_modified_time":"2025-04-09T13:36:57+00:00","og_image":[{"width":1000,"height":1000,"url":"https:\/\/trnulja.com\/shop\/wp-content\/uploads\/2021\/02\/orehovo-olje-web.jpg","type":"image\/jpeg"}],"twitter_card":"summary_large_image","twitter_misc":{"Est. reading time":"2 minuti"},"schema":{"@context":"https:\/\/schema.org","@graph":[{"@type":"WebPage","@id":"https:\/\/trnulja.com\/shop\/izdelek\/orehovo-olje-250-ml\/","url":"https:\/\/trnulja.com\/shop\/izdelek\/orehovo-olje-250-ml\/","name":"Ekolo\u0161ko orehovo olje 250 ml - Trnulja.com","isPartOf":{"@id":"https:\/\/trnulja.com\/shop\/#website"},"primaryImageOfPage":{"@id":"https:\/\/trnulja.com\/shop\/izdelek\/orehovo-olje-250-ml\/#primaryimage"},"image":{"@id":"https:\/\/trnulja.com\/shop\/izdelek\/orehovo-olje-250-ml\/#primaryimage"},"thumbnailUrl":"https:\/\/trnulja.com\/shop\/wp-content\/uploads\/2021\/02\/orehovo-olje-web.jpg","datePublished":"2021-07-13T09:31:59+00:00","dateModified":"2025-04-09T13:36:57+00:00","description":"EKolo\u0161ko orehovo olje 250 ml - ekolo\u0161ka in lokalna pridelava. Zelo okusno in polno vitaminov se lepo poda k raznim jedem. Zmanj\u0161uje stres, obnovi ko\u017eo.","breadcrumb":{"@id":"https:\/\/trnulja.com\/shop\/izdelek\/orehovo-olje-250-ml\/#breadcrumb"},"inLanguage":"sl-SI","potentialAction":[{"@type":"ReadAction","target":["https:\/\/trnulja.com\/shop\/izdelek\/orehovo-olje-250-ml\/"]}]},{"@type":"ImageObject","inLanguage":"sl-SI","@id":"https:\/\/trnulja.com\/shop\/izdelek\/orehovo-olje-250-ml\/#primaryimage","url":"https:\/\/trnulja.com\/shop\/wp-content\/uploads\/2021\/02\/orehovo-olje-web.jpg","contentUrl":"https:\/\/trnulja.com\/shop\/wp-content\/uploads\/2021\/02\/orehovo-olje-web.jpg","width":1000,"height":1000},{"@type":"BreadcrumbList","@id":"https:\/\/trnulja.com\/shop\/izdelek\/orehovo-olje-250-ml\/#breadcrumb","itemListElement":[{"@type":"ListItem","position":1,"name":"Home","item":"https:\/\/trnulja.com\/shop\/"},{"@type":"ListItem","position":2,"name":"Trgovina","item":"https:\/\/trnulja.com\/shop\/?page_id=6"},{"@type":"ListItem","position":3,"name":"Ekolo\u0161ko hladno stiskano orehovo olje 250 ml"}]},{"@type":"WebSite","@id":"https:\/\/trnulja.com\/shop\/#website","url":"https:\/\/trnulja.com\/shop\/","name":"Trnuljina spletna trgovina","description":"\u0160e eno spleti\u0161\u010de WordPress","potentialAction":[{"@type":"SearchAction","target":{"@type":"EntryPoint","urlTemplate":"https:\/\/trnulja.com\/shop\/?s={search_term_string}"},"query-input":{"@type":"PropertyValueSpecification","valueRequired":true,"valueName":"search_term_string"}}],"inLanguage":"sl-SI"}]}},"_links":{"self":[{"href":"https:\/\/trnulja.com\/shop\/wp-json\/wp\/v2\/product\/31","targetHints":{"allow":["GET"]}}],"collection":[{"href":"https:\/\/trnulja.com\/shop\/wp-json\/wp\/v2\/product"}],"about":[{"href":"https:\/\/trnulja.com\/shop\/wp-json\/wp\/v2\/types\/product"}],"replies":[{"embeddable":true,"href":"https:\/\/trnulja.com\/shop\/wp-json\/wp\/v2\/comments?post=31"}],"wp:featuredmedia":[{"embeddable":true,"href":"https:\/\/trnulja.com\/shop\/wp-json\/wp\/v2\/media\/373"}],"wp:attachment":[{"href":"https:\/\/trnulja.com\/shop\/wp-json\/wp\/v2\/media?parent=31"}],"wp:term":[{"taxonomy":"product_brand","embeddable":true,"href":"https:\/\/trnulja.com\/shop\/wp-json\/wp\/v2\/product_brand?post=31"},{"taxonomy":"product_cat","embeddable":true,"href":"https:\/\/trnulja.com\/shop\/wp-json\/wp\/v2\/product_cat?post=31"},{"taxonomy":"product_tag","embeddable":true,"href":"https:\/\/trnulja.com\/shop\/wp-json\/wp\/v2\/product_tag?post=31"}],"curies":[{"name":"wp","href":"https:\/\/api.w.org\/{rel}","templated":true}]}}