{"id":575,"date":"2022-09-04T15:28:15","date_gmt":"2022-09-04T14:28:15","guid":{"rendered":"https:\/\/trnulja.com\/shop\/?post_type=product&#038;p=575"},"modified":"2025-10-31T16:07:56","modified_gmt":"2025-10-31T15:07:56","slug":"sojino-olje-250-ml","status":"publish","type":"product","link":"https:\/\/trnulja.com\/shop\/izdelek\/sojino-olje-250-ml\/","title":{"rendered":"Ekolo\u0161ko hladno stiskano sojino olje, 250 ml"},"content":{"rendered":"<p>Sojino olje pridobivamo s hladnim stiskanjem zrn soje iz na\u0161e trajnostne pridelave. Ta stro\u010dnica je na na\u0161em posestvu v okolici Ljubljane pridelana popolnoma ekolo\u0161ko, kar potrjuje tudi certifikat kakovosti. Ponosni smo, da je pri na\u0161i soji sledljivost od njive do mize popolnoma jasna ter jo pridelujemo v celoti brez gensko spremenjenih organizmov (brez GSO).<\/p>\n<h3><\/h3>\n<h3>Okus in uporaba<\/h3>\n<p>Sojino olje je vsestransko in preprosto za uporabo. Ima ne\u017een in nevtralen okus, ki se poda v katero koli jed. \u0160e posebej primerno je v paru s kisom in \u0161\u010depcem soli kot preprost solatni preliv.<\/p>\n<p>Ker prenese visoke temperature in ima visoko dimno to\u010dko, ga lahko uporabljate tudi za pe\u010denje in du\u0161enje. Pravzaprav je uporabno kot nadomestilo za katero koli rastlinsko olje v va\u0161ih najljub\u0161ih receptih.<\/p>\n<p>Sojino olje je uporabno tudi v kozmetiki, saj na naraven na\u010din vla\u017ei lase in ko\u017eo. Uporablja se ga lahko tudi kot nosilno olje za razred\u010devanje eteri\u010dnih olj.<\/p>\n<h3><\/h3>\n<h3>Kaj vsebuje sojino olje?<\/h3>\n<p>Sojino olje je vir vitaminov K in E. V njem se nahajajo esencialne ve\u010dkrat nenasi\u010dene (omega-3 in omega-6) in nasi\u010dene ma\u0161\u010dobne kisline. Je zanimiva me\u0161anica razli\u010dnih ma\u0161\u010dobnih kislin z naslednjimi okvirnimi dele\u017ei:<br \/>\nlinolna kislina (48\u201358 %),<br \/>\noleinska kislina (17\u201330 %),<br \/>\npalmitinska kislina (9\u201313 %),<br \/>\nlinolenska kilsina (4\u201311 %),<br \/>\nstearinska kislina (2,5\u20135 %).<\/p>\n<h3><\/h3>\n<h3>Kak\u0161ne so koristi uporabe sojinega olja?<\/h3>\n<p>Sojino olje vsebuje predvsem ve\u010dkrat nenasi\u010dene ma\u0161\u010dobne kisline, ki jih strokovnjaki povezujejo z ni\u017ejimi ravnmi holesterola.<\/p>\n<p>V samo eni jedilni \u017elici sojinega olja se nahaja tudi okoli 25 mcg vitamina K, kar predstavlja 20 % priporo\u010denega dnevnega vnosa. Vitamin K je sicer najbolj znan po tem, da prepre\u010duje strjevanje krvi, ima pa pomembno vlogo tudi pri ohranjanju kostne gostote.<\/p>\n<p>Poleg tega je blagodejno za ko\u017eo, in to ne samo kot sestavina kozmeti\u010dnih pripravkov. V njem se namre\u010d nahaja vitamin E, ki deluje protivnetno in je pomemben za zdravje ko\u017ee.<\/p>\n","protected":false},"excerpt":{"rendered":"<p>LASTNOSTI<\/p>\n<ul>\n<li>ekolo\u0161ko certificirano<\/li>\n<li>hladno stiskano<\/li>\n<li>nerafinirano, nefiltrirano<\/li>\n<li>popolnoma brez GSO<\/li>\n<li>za kuhanje in za hladno u\u017eivanje<\/li>\n<li>lokalna lastna pridelava in predelava<\/li>\n<li>trajnostno pridelano iz ekolo\u0161ke soje,<\/li>\n<li>zagotovljena sledljivost od njive do mize<\/li>\n<\/ul>\n<p>KORISTI<\/p>\n<ul>\n<li>\u0161iroko uporabno v najrazli\u010dnej\u0161ih jedeh<\/li>\n<li>lahko zni\u017euje raven holesterola<\/li>\n<li>prispeva k lep\u0161i ko\u017ei<\/li>\n<li>lahko prepre\u010duje izgubljanje kostne mase<\/li>\n<li>je vir omega-3-ma\u0161\u010dobnih kislin<\/li>\n<\/ul>\n","protected":false},"featured_media":576,"comment_status":"open","ping_status":"closed","template":"","meta":{"_et_pb_use_builder":"off","_et_pb_old_content":"Sojino olje pridobivamo s hladnim stiskanjem zrn soje iz na\u0161e trajnostne pridelave. Ta stro\u010dnica je na na\u0161em posestvu v okolici Ljubljane pridelana popolnoma ekolo\u0161ko, kar potrjuje tudi certifikat kakovosti. Ponosni smo, da je pri na\u0161i soji sledljivost od njive do mize popolnoma jasna ter jo pridelujemo v celoti brez gensko spremenjenih organizmov (brez GSO).\r\n<h3>Okus in uporaba<\/h3>\r\nSojino olje je vsestransko in preprosto za uporabo. Ima ne\u017een in nevtralen okus, ki se poda v katero koli jed. \u0160e posebej primerno je v paru s kisom in \u0161\u010depcem soli kot preprost solatni preliv.\r\n\r\nKer prenese visoke temperature in ima visoko dimno to\u010dko, ga lahko uporabljate tudi za pe\u010denje in du\u0161enje. Pravzaprav je uporabno kot nadomestilo za katero koli rastlinsko olje v va\u0161ih najljub\u0161ih receptih.\r\n\r\nSojino olje je uporabno tudi v kozmetiki, saj na naraven na\u010din vla\u017ei lase in ko\u017eo. Uporablja se ga lahko tudi kot nosilno olje za razred\u010devanje eteri\u010dnih olj.\r\n<h3>Kaj vsebuje sojino olje?<\/h3>\r\nSojino olje je vir vitaminov K in E. V njem se nahajajo esencialne ve\u010dkrat nenasi\u010dene (omega-3 in omega-6) in nasi\u010dene ma\u0161\u010dobne kisline. Je zanimiva me\u0161anica razli\u010dnih ma\u0161\u010dobnih kislin z naslednjimi okvirnimi dele\u017ei:\r\nlinolna kislina (48\u201358 %),\r\noleinska kislina (17\u201330 %),\r\npalmitinska kislina (9\u201313 %),\r\nlinolenska kilsina (4\u201311 %),\r\nstearinska kislina (2,5\u20135 %).\r\n<h3>Kak\u0161ne koristi prina\u0161a sojino olje?<\/h3>\r\nSojino olje vsebuje predvsem ve\u010dkrat nenasi\u010dene ma\u0161\u010dobne kisline, ki jih strokovnjaki povezujejo z ni\u017ejimi ravnmi holesterola.\r\n\r\nV samo eni jedilni \u017elici sojinega olja se nahaja tudi okoli 25 mcg vitamina K, kar predstavlja 20 % priporo\u010denega dnevnega vnosa. Vitamin K je sicer najbolj znan po tem, da prepre\u010duje strjevanje krvi, ima pa pomembno vlogo tudi pri ohranjanju kostne gostote.\r\n\r\nSojino olje je blagodejno za ko\u017eo, in to ne samo kot sestavina kozmeti\u010dnih pripravkov. V njem se namre\u010d nahaja vitamin E, ki deluje protivnetno in je pomemben za zdravje ko\u017ee.","_et_gb_content_width":""},"product_brand":[],"product_cat":[18],"product_tag":[],"class_list":{"0":"post-575","1":"product","2":"type-product","3":"status-publish","4":"has-post-thumbnail","6":"product_cat-sojini-proizvodi","8":"first","9":"outofstock","10":"shipping-taxable","11":"purchasable","12":"product-type-simple"},"yoast_head":"<!-- This site is optimized with the Yoast SEO plugin v26.4 - https:\/\/yoast.com\/wordpress\/plugins\/seo\/ -->\n<title>Sojino olje: hladno stiskano in ekolo\u0161ko - Trnulja.com<\/title>\n<meta name=\"description\" content=\"Ekolo\u0161ko sojino olje s posestva Trnulja: hladno stiskano, nerafinirano, nefiltrirano, popolnoma brez GSO. Preverite njegove koristi.\" \/>\n<meta name=\"robots\" content=\"index, follow, max-snippet:-1, max-image-preview:large, max-video-preview:-1\" \/>\n<link rel=\"canonical\" href=\"https:\/\/trnulja.com\/shop\/izdelek\/sojino-olje-250-ml\/\" \/>\n<meta property=\"og:locale\" content=\"sl_SI\" \/>\n<meta property=\"og:type\" content=\"article\" \/>\n<meta property=\"og:title\" content=\"Sojino olje: hladno stiskano in ekolo\u0161ko - Trnulja.com\" \/>\n<meta property=\"og:description\" content=\"Ekolo\u0161ko sojino olje s posestva Trnulja: hladno stiskano, nerafinirano, nefiltrirano, popolnoma brez GSO. Preverite njegove koristi.\" \/>\n<meta property=\"og:url\" content=\"https:\/\/trnulja.com\/shop\/izdelek\/sojino-olje-250-ml\/\" \/>\n<meta property=\"og:site_name\" content=\"Trnuljina spletna trgovina\" \/>\n<meta property=\"article:modified_time\" content=\"2025-10-31T15:07:56+00:00\" \/>\n<meta property=\"og:image\" content=\"https:\/\/trnulja.com\/shop\/wp-content\/uploads\/2022\/09\/SOJINO-OLJE-250ml-scaled.jpg\" \/>\n\t<meta property=\"og:image:width\" content=\"2560\" \/>\n\t<meta property=\"og:image:height\" content=\"1707\" \/>\n\t<meta property=\"og:image:type\" content=\"image\/jpeg\" \/>\n<meta name=\"twitter:card\" content=\"summary_large_image\" \/>\n<meta name=\"twitter:label1\" content=\"Est. reading time\" \/>\n\t<meta name=\"twitter:data1\" content=\"2 minuti\" \/>\n<script type=\"application\/ld+json\" class=\"yoast-schema-graph\">{\"@context\":\"https:\/\/schema.org\",\"@graph\":[{\"@type\":\"WebPage\",\"@id\":\"https:\/\/trnulja.com\/shop\/izdelek\/sojino-olje-250-ml\/\",\"url\":\"https:\/\/trnulja.com\/shop\/izdelek\/sojino-olje-250-ml\/\",\"name\":\"Sojino olje: hladno stiskano in ekolo\u0161ko - Trnulja.com\",\"isPartOf\":{\"@id\":\"https:\/\/trnulja.com\/shop\/#website\"},\"primaryImageOfPage\":{\"@id\":\"https:\/\/trnulja.com\/shop\/izdelek\/sojino-olje-250-ml\/#primaryimage\"},\"image\":{\"@id\":\"https:\/\/trnulja.com\/shop\/izdelek\/sojino-olje-250-ml\/#primaryimage\"},\"thumbnailUrl\":\"https:\/\/trnulja.com\/shop\/wp-content\/uploads\/2022\/09\/SOJINO-OLJE-250ml-scaled.jpg\",\"datePublished\":\"2022-09-04T14:28:15+00:00\",\"dateModified\":\"2025-10-31T15:07:56+00:00\",\"description\":\"Ekolo\u0161ko sojino olje s posestva Trnulja: hladno stiskano, nerafinirano, nefiltrirano, popolnoma brez GSO. Preverite njegove koristi.\",\"breadcrumb\":{\"@id\":\"https:\/\/trnulja.com\/shop\/izdelek\/sojino-olje-250-ml\/#breadcrumb\"},\"inLanguage\":\"sl-SI\",\"potentialAction\":[{\"@type\":\"ReadAction\",\"target\":[\"https:\/\/trnulja.com\/shop\/izdelek\/sojino-olje-250-ml\/\"]}]},{\"@type\":\"ImageObject\",\"inLanguage\":\"sl-SI\",\"@id\":\"https:\/\/trnulja.com\/shop\/izdelek\/sojino-olje-250-ml\/#primaryimage\",\"url\":\"https:\/\/trnulja.com\/shop\/wp-content\/uploads\/2022\/09\/SOJINO-OLJE-250ml-scaled.jpg\",\"contentUrl\":\"https:\/\/trnulja.com\/shop\/wp-content\/uploads\/2022\/09\/SOJINO-OLJE-250ml-scaled.jpg\",\"width\":2560,\"height\":1707},{\"@type\":\"BreadcrumbList\",\"@id\":\"https:\/\/trnulja.com\/shop\/izdelek\/sojino-olje-250-ml\/#breadcrumb\",\"itemListElement\":[{\"@type\":\"ListItem\",\"position\":1,\"name\":\"Home\",\"item\":\"https:\/\/trnulja.com\/shop\/\"},{\"@type\":\"ListItem\",\"position\":2,\"name\":\"Trgovina\",\"item\":\"https:\/\/trnulja.com\/shop\/?page_id=6\"},{\"@type\":\"ListItem\",\"position\":3,\"name\":\"Ekolo\u0161ko hladno stiskano sojino olje, 250 ml\"}]},{\"@type\":\"WebSite\",\"@id\":\"https:\/\/trnulja.com\/shop\/#website\",\"url\":\"https:\/\/trnulja.com\/shop\/\",\"name\":\"Trnuljina spletna trgovina\",\"description\":\"\u0160e eno spleti\u0161\u010de WordPress\",\"potentialAction\":[{\"@type\":\"SearchAction\",\"target\":{\"@type\":\"EntryPoint\",\"urlTemplate\":\"https:\/\/trnulja.com\/shop\/?s={search_term_string}\"},\"query-input\":{\"@type\":\"PropertyValueSpecification\",\"valueRequired\":true,\"valueName\":\"search_term_string\"}}],\"inLanguage\":\"sl-SI\"}]}<\/script>\n<!-- \/ Yoast SEO plugin. -->","yoast_head_json":{"title":"Sojino olje: hladno stiskano in ekolo\u0161ko - Trnulja.com","description":"Ekolo\u0161ko sojino olje s posestva Trnulja: hladno stiskano, nerafinirano, nefiltrirano, popolnoma brez GSO. Preverite njegove koristi.","robots":{"index":"index","follow":"follow","max-snippet":"max-snippet:-1","max-image-preview":"max-image-preview:large","max-video-preview":"max-video-preview:-1"},"canonical":"https:\/\/trnulja.com\/shop\/izdelek\/sojino-olje-250-ml\/","og_locale":"sl_SI","og_type":"article","og_title":"Sojino olje: hladno stiskano in ekolo\u0161ko - Trnulja.com","og_description":"Ekolo\u0161ko sojino olje s posestva Trnulja: hladno stiskano, nerafinirano, nefiltrirano, popolnoma brez GSO. Preverite njegove koristi.","og_url":"https:\/\/trnulja.com\/shop\/izdelek\/sojino-olje-250-ml\/","og_site_name":"Trnuljina spletna trgovina","article_modified_time":"2025-10-31T15:07:56+00:00","og_image":[{"width":2560,"height":1707,"url":"https:\/\/trnulja.com\/shop\/wp-content\/uploads\/2022\/09\/SOJINO-OLJE-250ml-scaled.jpg","type":"image\/jpeg"}],"twitter_card":"summary_large_image","twitter_misc":{"Est. reading time":"2 minuti"},"schema":{"@context":"https:\/\/schema.org","@graph":[{"@type":"WebPage","@id":"https:\/\/trnulja.com\/shop\/izdelek\/sojino-olje-250-ml\/","url":"https:\/\/trnulja.com\/shop\/izdelek\/sojino-olje-250-ml\/","name":"Sojino olje: hladno stiskano in ekolo\u0161ko - Trnulja.com","isPartOf":{"@id":"https:\/\/trnulja.com\/shop\/#website"},"primaryImageOfPage":{"@id":"https:\/\/trnulja.com\/shop\/izdelek\/sojino-olje-250-ml\/#primaryimage"},"image":{"@id":"https:\/\/trnulja.com\/shop\/izdelek\/sojino-olje-250-ml\/#primaryimage"},"thumbnailUrl":"https:\/\/trnulja.com\/shop\/wp-content\/uploads\/2022\/09\/SOJINO-OLJE-250ml-scaled.jpg","datePublished":"2022-09-04T14:28:15+00:00","dateModified":"2025-10-31T15:07:56+00:00","description":"Ekolo\u0161ko sojino olje s posestva Trnulja: hladno stiskano, nerafinirano, nefiltrirano, popolnoma brez GSO. Preverite njegove koristi.","breadcrumb":{"@id":"https:\/\/trnulja.com\/shop\/izdelek\/sojino-olje-250-ml\/#breadcrumb"},"inLanguage":"sl-SI","potentialAction":[{"@type":"ReadAction","target":["https:\/\/trnulja.com\/shop\/izdelek\/sojino-olje-250-ml\/"]}]},{"@type":"ImageObject","inLanguage":"sl-SI","@id":"https:\/\/trnulja.com\/shop\/izdelek\/sojino-olje-250-ml\/#primaryimage","url":"https:\/\/trnulja.com\/shop\/wp-content\/uploads\/2022\/09\/SOJINO-OLJE-250ml-scaled.jpg","contentUrl":"https:\/\/trnulja.com\/shop\/wp-content\/uploads\/2022\/09\/SOJINO-OLJE-250ml-scaled.jpg","width":2560,"height":1707},{"@type":"BreadcrumbList","@id":"https:\/\/trnulja.com\/shop\/izdelek\/sojino-olje-250-ml\/#breadcrumb","itemListElement":[{"@type":"ListItem","position":1,"name":"Home","item":"https:\/\/trnulja.com\/shop\/"},{"@type":"ListItem","position":2,"name":"Trgovina","item":"https:\/\/trnulja.com\/shop\/?page_id=6"},{"@type":"ListItem","position":3,"name":"Ekolo\u0161ko hladno stiskano sojino olje, 250 ml"}]},{"@type":"WebSite","@id":"https:\/\/trnulja.com\/shop\/#website","url":"https:\/\/trnulja.com\/shop\/","name":"Trnuljina spletna trgovina","description":"\u0160e eno spleti\u0161\u010de WordPress","potentialAction":[{"@type":"SearchAction","target":{"@type":"EntryPoint","urlTemplate":"https:\/\/trnulja.com\/shop\/?s={search_term_string}"},"query-input":{"@type":"PropertyValueSpecification","valueRequired":true,"valueName":"search_term_string"}}],"inLanguage":"sl-SI"}]}},"_links":{"self":[{"href":"https:\/\/trnulja.com\/shop\/wp-json\/wp\/v2\/product\/575","targetHints":{"allow":["GET"]}}],"collection":[{"href":"https:\/\/trnulja.com\/shop\/wp-json\/wp\/v2\/product"}],"about":[{"href":"https:\/\/trnulja.com\/shop\/wp-json\/wp\/v2\/types\/product"}],"replies":[{"embeddable":true,"href":"https:\/\/trnulja.com\/shop\/wp-json\/wp\/v2\/comments?post=575"}],"wp:featuredmedia":[{"embeddable":true,"href":"https:\/\/trnulja.com\/shop\/wp-json\/wp\/v2\/media\/576"}],"wp:attachment":[{"href":"https:\/\/trnulja.com\/shop\/wp-json\/wp\/v2\/media?parent=575"}],"wp:term":[{"taxonomy":"product_brand","embeddable":true,"href":"https:\/\/trnulja.com\/shop\/wp-json\/wp\/v2\/product_brand?post=575"},{"taxonomy":"product_cat","embeddable":true,"href":"https:\/\/trnulja.com\/shop\/wp-json\/wp\/v2\/product_cat?post=575"},{"taxonomy":"product_tag","embeddable":true,"href":"https:\/\/trnulja.com\/shop\/wp-json\/wp\/v2\/product_tag?post=575"}],"curies":[{"name":"wp","href":"https:\/\/api.w.org\/{rel}","templated":true}]}}