{"id":577,"date":"2022-09-04T15:41:30","date_gmt":"2022-09-04T14:41:30","guid":{"rendered":"https:\/\/trnulja.com\/shop\/?post_type=product&#038;p=577"},"modified":"2025-02-24T14:23:45","modified_gmt":"2025-02-24T13:23:45","slug":"ogrscicno-olje-250-ml","status":"publish","type":"product","link":"https:\/\/trnulja.com\/shop\/izdelek\/ogrscicno-olje-250-ml\/","title":{"rendered":"Ekolo\u0161ko hladno stiskano ogr\u0161\u010di\u010dno olje 250 ml"},"content":{"rendered":"<h3>Ekolo\u0161ko ogr\u0161\u010di\u010dno olje<\/h3>\n<p>Ekolo\u0161ko ogr\u0161\u010di\u010dno olje 250 ml je blagega in prijetnega okusa.<\/p>\n<p>Oljna ogr\u0161\u010dica je tretja najpomembnej\u0161a oljnica na svetu in drugi najpomembnej\u0161i vir rastlinskih beljakovin. Seme vsebuje 40-50 % olja, 15-20 % beljakovin ter \u0161tevilne minerale in vitamine. Oljna ogr\u0161\u010dica ima zelo malo nenasi\u010denih ma\u0161\u010dobnih kislin, le 6-8 % od skupne vrednosti ma\u0161\u010dobnih kislin, kar je manj kot pri drugih rastlinskih oljih. Prehrana, ki vsebuje veliko nasi\u010denih ma\u0161\u010dobnih kislin je namre\u010d zelo \u0161kodljiva in nekoristna za \u010dlove\u0161ki organizem, saj lahko povzro\u010di nastanek razli\u010dnih sr\u010dnih bolezni.<\/p>\n<p>Ekolo\u0161ko olje oljne ogr\u0161\u010dice vsebuje:<\/p>\n<p>ugodne ma\u0161\u010dobne kisline,<br \/>\nzelo malo nasi\u010denih ma\u0161\u010dob in veliko enkrat nasi\u010denih ma\u0161\u010dobnih kislin (60,6 %, oleinska \u2013 omega 9) ter ve\u010dkrat nasi\u010denih ma\u0161\u010dobnih kislin (31,3 %, linolna \u2013 omega 6 in alfa \u2013 linolenska kislina \u2013 omega 3),<br \/>\nveliko vitamina E v obliki tokoferolov,<br \/>\nfolne kisline, sterole in karotenoidne snovi.<br \/>\nRazmerje omega 6 in omega 3 (esencialne ma\u0161\u010dobne kisline) je 2:1 kar je \u010dlove\u0161ko telo najbolj ugodno. Esencialne ma\u0161\u010dobne kisline imajo odlo\u010dilno vlogo za normalno delovanje celi\u010dnih membran.<\/p>\n<p>Ekolo\u0161ko olje oljne ogr\u0161\u010dice ima \u0161tevilne koristi za organizem, kot so:<\/p>\n<p>pomaga zni\u017eevati povi\u0161ano raven holesterola,<br \/>\nzni\u017ea pove\u010dano raven ma\u0161\u010dobe v krvi,<br \/>\nzni\u017euje trigliceride,<br \/>\nposledi\u010dno zmanj\u0161uje nastanek sr\u010dno \u017eilnih bolezni,<br \/>\nizbolj\u0161uje presnovo in<br \/>\nkrepi imunski sistem.<\/p>\n<p>Ekolo\u0161ko olje oljne ogr\u0161\u010dice postaja vedno bolj priznano in iskano po celem svetu. Je veliko bolj koristno in obstojnej\u0161e od drugih olj, saj obstoji na zelo visokih temperaturah. Nadomesti lahko vsa druga manj kakovostna olja.<\/p>\n","protected":false},"excerpt":{"rendered":"<p>Ekolo\u0161ko ogr\u0161\u010di\u010dno olje Ekolo\u0161ko ogr\u0161\u010di\u010dno olje 250 ml je blagega in prijetnega okusa. Oljna ogr\u0161\u010dica je tretja najpomembnej\u0161a oljnica na svetu in drugi najpomembnej\u0161i vir rastlinskih beljakovin. Seme vsebuje 40-50 % olja, 15-20 % beljakovin ter \u0161tevilne minerale in vitamine. Oljna ogr\u0161\u010dica ima zelo malo nenasi\u010denih ma\u0161\u010dobnih kislin, le 6-8 % od skupne vrednosti ma\u0161\u010dobnih [&hellip;]<\/p>\n","protected":false},"featured_media":578,"comment_status":"open","ping_status":"closed","template":"","meta":{"_et_pb_use_builder":"","_et_pb_old_content":"","_et_gb_content_width":""},"product_brand":[],"product_cat":[15],"product_tag":[],"class_list":{"0":"post-577","1":"product","2":"type-product","3":"status-publish","4":"has-post-thumbnail","6":"product_cat-ostalo","8":"first","9":"outofstock","10":"shipping-taxable","11":"purchasable","12":"product-type-simple"},"yoast_head":"<!-- This site is optimized with the Yoast SEO plugin v26.4 - https:\/\/yoast.com\/wordpress\/plugins\/seo\/ -->\n<title>Ekolo\u0161ko ogr\u0161\u010di\u010dno olje 250 ml - Trnulja.com<\/title>\n<meta name=\"description\" content=\"EKolo\u0161ko ogr\u0161\u010di\u010dno olje 250 ml - ekolo\u0161ka in lokalna pridelava.\" \/>\n<meta name=\"robots\" content=\"index, follow, max-snippet:-1, max-image-preview:large, max-video-preview:-1\" \/>\n<link rel=\"canonical\" href=\"https:\/\/trnulja.com\/shop\/izdelek\/ogrscicno-olje-250-ml\/\" \/>\n<meta property=\"og:locale\" content=\"sl_SI\" \/>\n<meta property=\"og:type\" content=\"article\" \/>\n<meta property=\"og:title\" content=\"Ekolo\u0161ko ogr\u0161\u010di\u010dno olje 250 ml - Trnulja.com\" \/>\n<meta property=\"og:description\" content=\"EKolo\u0161ko ogr\u0161\u010di\u010dno olje 250 ml - ekolo\u0161ka in lokalna pridelava.\" \/>\n<meta property=\"og:url\" content=\"https:\/\/trnulja.com\/shop\/izdelek\/ogrscicno-olje-250-ml\/\" \/>\n<meta property=\"og:site_name\" content=\"Trnuljina spletna trgovina\" \/>\n<meta property=\"article:modified_time\" content=\"2025-02-24T13:23:45+00:00\" \/>\n<meta property=\"og:image\" content=\"https:\/\/trnulja.com\/shop\/wp-content\/uploads\/2022\/09\/OGRSCICNO-OLJE-250ml-scaled.jpg\" \/>\n\t<meta property=\"og:image:width\" content=\"2560\" \/>\n\t<meta property=\"og:image:height\" content=\"1707\" \/>\n\t<meta property=\"og:image:type\" content=\"image\/jpeg\" \/>\n<meta name=\"twitter:card\" content=\"summary_large_image\" \/>\n<meta name=\"twitter:label1\" content=\"Est. reading time\" \/>\n\t<meta name=\"twitter:data1\" content=\"2 minuti\" \/>\n<script type=\"application\/ld+json\" class=\"yoast-schema-graph\">{\"@context\":\"https:\/\/schema.org\",\"@graph\":[{\"@type\":\"WebPage\",\"@id\":\"https:\/\/trnulja.com\/shop\/izdelek\/ogrscicno-olje-250-ml\/\",\"url\":\"https:\/\/trnulja.com\/shop\/izdelek\/ogrscicno-olje-250-ml\/\",\"name\":\"Ekolo\u0161ko ogr\u0161\u010di\u010dno olje 250 ml - Trnulja.com\",\"isPartOf\":{\"@id\":\"https:\/\/trnulja.com\/shop\/#website\"},\"primaryImageOfPage\":{\"@id\":\"https:\/\/trnulja.com\/shop\/izdelek\/ogrscicno-olje-250-ml\/#primaryimage\"},\"image\":{\"@id\":\"https:\/\/trnulja.com\/shop\/izdelek\/ogrscicno-olje-250-ml\/#primaryimage\"},\"thumbnailUrl\":\"https:\/\/trnulja.com\/shop\/wp-content\/uploads\/2022\/09\/OGRSCICNO-OLJE-250ml-scaled.jpg\",\"datePublished\":\"2022-09-04T14:41:30+00:00\",\"dateModified\":\"2025-02-24T13:23:45+00:00\",\"description\":\"EKolo\u0161ko ogr\u0161\u010di\u010dno olje 250 ml - ekolo\u0161ka in lokalna pridelava.\",\"breadcrumb\":{\"@id\":\"https:\/\/trnulja.com\/shop\/izdelek\/ogrscicno-olje-250-ml\/#breadcrumb\"},\"inLanguage\":\"sl-SI\",\"potentialAction\":[{\"@type\":\"ReadAction\",\"target\":[\"https:\/\/trnulja.com\/shop\/izdelek\/ogrscicno-olje-250-ml\/\"]}]},{\"@type\":\"ImageObject\",\"inLanguage\":\"sl-SI\",\"@id\":\"https:\/\/trnulja.com\/shop\/izdelek\/ogrscicno-olje-250-ml\/#primaryimage\",\"url\":\"https:\/\/trnulja.com\/shop\/wp-content\/uploads\/2022\/09\/OGRSCICNO-OLJE-250ml-scaled.jpg\",\"contentUrl\":\"https:\/\/trnulja.com\/shop\/wp-content\/uploads\/2022\/09\/OGRSCICNO-OLJE-250ml-scaled.jpg\",\"width\":2560,\"height\":1707},{\"@type\":\"BreadcrumbList\",\"@id\":\"https:\/\/trnulja.com\/shop\/izdelek\/ogrscicno-olje-250-ml\/#breadcrumb\",\"itemListElement\":[{\"@type\":\"ListItem\",\"position\":1,\"name\":\"Home\",\"item\":\"https:\/\/trnulja.com\/shop\/\"},{\"@type\":\"ListItem\",\"position\":2,\"name\":\"Trgovina\",\"item\":\"https:\/\/trnulja.com\/shop\/?page_id=6\"},{\"@type\":\"ListItem\",\"position\":3,\"name\":\"Ekolo\u0161ko hladno stiskano ogr\u0161\u010di\u010dno olje 250 ml\"}]},{\"@type\":\"WebSite\",\"@id\":\"https:\/\/trnulja.com\/shop\/#website\",\"url\":\"https:\/\/trnulja.com\/shop\/\",\"name\":\"Trnuljina spletna trgovina\",\"description\":\"\u0160e eno spleti\u0161\u010de WordPress\",\"potentialAction\":[{\"@type\":\"SearchAction\",\"target\":{\"@type\":\"EntryPoint\",\"urlTemplate\":\"https:\/\/trnulja.com\/shop\/?s={search_term_string}\"},\"query-input\":{\"@type\":\"PropertyValueSpecification\",\"valueRequired\":true,\"valueName\":\"search_term_string\"}}],\"inLanguage\":\"sl-SI\"}]}<\/script>\n<!-- \/ Yoast SEO plugin. -->","yoast_head_json":{"title":"Ekolo\u0161ko ogr\u0161\u010di\u010dno olje 250 ml - Trnulja.com","description":"EKolo\u0161ko ogr\u0161\u010di\u010dno olje 250 ml - ekolo\u0161ka in lokalna pridelava.","robots":{"index":"index","follow":"follow","max-snippet":"max-snippet:-1","max-image-preview":"max-image-preview:large","max-video-preview":"max-video-preview:-1"},"canonical":"https:\/\/trnulja.com\/shop\/izdelek\/ogrscicno-olje-250-ml\/","og_locale":"sl_SI","og_type":"article","og_title":"Ekolo\u0161ko ogr\u0161\u010di\u010dno olje 250 ml - Trnulja.com","og_description":"EKolo\u0161ko ogr\u0161\u010di\u010dno olje 250 ml - ekolo\u0161ka in lokalna pridelava.","og_url":"https:\/\/trnulja.com\/shop\/izdelek\/ogrscicno-olje-250-ml\/","og_site_name":"Trnuljina spletna trgovina","article_modified_time":"2025-02-24T13:23:45+00:00","og_image":[{"width":2560,"height":1707,"url":"https:\/\/trnulja.com\/shop\/wp-content\/uploads\/2022\/09\/OGRSCICNO-OLJE-250ml-scaled.jpg","type":"image\/jpeg"}],"twitter_card":"summary_large_image","twitter_misc":{"Est. reading time":"2 minuti"},"schema":{"@context":"https:\/\/schema.org","@graph":[{"@type":"WebPage","@id":"https:\/\/trnulja.com\/shop\/izdelek\/ogrscicno-olje-250-ml\/","url":"https:\/\/trnulja.com\/shop\/izdelek\/ogrscicno-olje-250-ml\/","name":"Ekolo\u0161ko ogr\u0161\u010di\u010dno olje 250 ml - Trnulja.com","isPartOf":{"@id":"https:\/\/trnulja.com\/shop\/#website"},"primaryImageOfPage":{"@id":"https:\/\/trnulja.com\/shop\/izdelek\/ogrscicno-olje-250-ml\/#primaryimage"},"image":{"@id":"https:\/\/trnulja.com\/shop\/izdelek\/ogrscicno-olje-250-ml\/#primaryimage"},"thumbnailUrl":"https:\/\/trnulja.com\/shop\/wp-content\/uploads\/2022\/09\/OGRSCICNO-OLJE-250ml-scaled.jpg","datePublished":"2022-09-04T14:41:30+00:00","dateModified":"2025-02-24T13:23:45+00:00","description":"EKolo\u0161ko ogr\u0161\u010di\u010dno olje 250 ml - ekolo\u0161ka in lokalna pridelava.","breadcrumb":{"@id":"https:\/\/trnulja.com\/shop\/izdelek\/ogrscicno-olje-250-ml\/#breadcrumb"},"inLanguage":"sl-SI","potentialAction":[{"@type":"ReadAction","target":["https:\/\/trnulja.com\/shop\/izdelek\/ogrscicno-olje-250-ml\/"]}]},{"@type":"ImageObject","inLanguage":"sl-SI","@id":"https:\/\/trnulja.com\/shop\/izdelek\/ogrscicno-olje-250-ml\/#primaryimage","url":"https:\/\/trnulja.com\/shop\/wp-content\/uploads\/2022\/09\/OGRSCICNO-OLJE-250ml-scaled.jpg","contentUrl":"https:\/\/trnulja.com\/shop\/wp-content\/uploads\/2022\/09\/OGRSCICNO-OLJE-250ml-scaled.jpg","width":2560,"height":1707},{"@type":"BreadcrumbList","@id":"https:\/\/trnulja.com\/shop\/izdelek\/ogrscicno-olje-250-ml\/#breadcrumb","itemListElement":[{"@type":"ListItem","position":1,"name":"Home","item":"https:\/\/trnulja.com\/shop\/"},{"@type":"ListItem","position":2,"name":"Trgovina","item":"https:\/\/trnulja.com\/shop\/?page_id=6"},{"@type":"ListItem","position":3,"name":"Ekolo\u0161ko hladno stiskano ogr\u0161\u010di\u010dno olje 250 ml"}]},{"@type":"WebSite","@id":"https:\/\/trnulja.com\/shop\/#website","url":"https:\/\/trnulja.com\/shop\/","name":"Trnuljina spletna trgovina","description":"\u0160e eno spleti\u0161\u010de WordPress","potentialAction":[{"@type":"SearchAction","target":{"@type":"EntryPoint","urlTemplate":"https:\/\/trnulja.com\/shop\/?s={search_term_string}"},"query-input":{"@type":"PropertyValueSpecification","valueRequired":true,"valueName":"search_term_string"}}],"inLanguage":"sl-SI"}]}},"_links":{"self":[{"href":"https:\/\/trnulja.com\/shop\/wp-json\/wp\/v2\/product\/577","targetHints":{"allow":["GET"]}}],"collection":[{"href":"https:\/\/trnulja.com\/shop\/wp-json\/wp\/v2\/product"}],"about":[{"href":"https:\/\/trnulja.com\/shop\/wp-json\/wp\/v2\/types\/product"}],"replies":[{"embeddable":true,"href":"https:\/\/trnulja.com\/shop\/wp-json\/wp\/v2\/comments?post=577"}],"wp:featuredmedia":[{"embeddable":true,"href":"https:\/\/trnulja.com\/shop\/wp-json\/wp\/v2\/media\/578"}],"wp:attachment":[{"href":"https:\/\/trnulja.com\/shop\/wp-json\/wp\/v2\/media?parent=577"}],"wp:term":[{"taxonomy":"product_brand","embeddable":true,"href":"https:\/\/trnulja.com\/shop\/wp-json\/wp\/v2\/product_brand?post=577"},{"taxonomy":"product_cat","embeddable":true,"href":"https:\/\/trnulja.com\/shop\/wp-json\/wp\/v2\/product_cat?post=577"},{"taxonomy":"product_tag","embeddable":true,"href":"https:\/\/trnulja.com\/shop\/wp-json\/wp\/v2\/product_tag?post=577"}],"curies":[{"name":"wp","href":"https:\/\/api.w.org\/{rel}","templated":true}]}}