{"id":582,"date":"2022-09-05T11:36:21","date_gmt":"2022-09-05T10:36:21","guid":{"rendered":"https:\/\/trnulja.com\/shop\/?post_type=product&#038;p=582"},"modified":"2025-10-31T16:06:49","modified_gmt":"2025-10-31T15:06:49","slug":"sojino-olje-500-ml","status":"publish","type":"product","link":"https:\/\/trnulja.com\/shop\/izdelek\/sojino-olje-500-ml\/","title":{"rendered":"Ekolo\u0161ko hladno stiskano sojino olje, 500 ml"},"content":{"rendered":"<p>Sojino olje na\u0161e blagovne znamke Trnulja nastane s hladnim stiskanjem zrn soje iz na\u0161e trajnostne pridelave. Soja na njivah na\u0161ega posestva v okolici Ljubljane raste popolnoma naravno, brez pesticidov in v celoti brez gensko spemenjenih organizmov (brez GSO). Visoko kakovost na\u0161ega olja pa potrjuje tudi ekolo\u0161ki certifikat kakovosti, ki ga prejmejo izklju\u010dno \u017eivila ekolo\u0161ke pridelave in predelave. Dr\u017eimo se slogana \u201cod njive do mize\u201d, kar pomeni, da je sledljivost na\u0161ega olja popolnoma transparentna.<\/p>\n<h3><\/h3>\n<h3>Okus in uporaba sojinega olja<\/h3>\n<p>Kakovostno sojino olje lahko u\u017eivate hladno kot vsako rastlinsko olje ali ga uporabite za pe\u010denje in du\u0161enje, saj prenese visoke temperature in ima visoko dimno to\u010dko. Je rumenkaste barve in ne\u017enega, nevtralnega okusa kot nala\u0161\u010d za solate, saj je \u010dudovito v paru s kisom in \u0161\u010depcem soli za okusen solatni preliv. Uporabno je tudi v kozmetiki, saj je idealno za vla\u017eenje las in ko\u017ee. Uporablja se ga lahko tudi kot nosilno olje za razred\u010devanje eteri\u010dnih olj.<\/p>\n<h4>Aromati\u010den recept za okusen solatni preliv<\/h4>\n<ul>\n<li>pol skodelice sve\u017eega limoninega soka<\/li>\n<li>pol skodelice nerafiniranega in nefiltriranega sojinega olja<\/li>\n<li>1 sesekljan strok \u010desna<\/li>\n<li>origano<\/li>\n<li>timijan<\/li>\n<li>bazilika<\/li>\n<li>peter\u0161ilj<\/li>\n<li>drobnjak<\/li>\n<li>sol<\/li>\n<li>pehtran<\/li>\n<\/ul>\n<p>Najprej v stekleni posodi s pokrovom dobro preme\u0161ajte limonin sok, sojino olje in sesekljan \u010desen. Dodajte \u0161e vse druge sestavine v koli\u010dinah po okusu. Postavite v hladilnik za ve\u010d ur, da se arome dobro prepojijo. Preliv prelijte po najljub\u0161i solati.<\/p>\n<h3><\/h3>\n<h3>Kaj vsebuje sojino olje in kak\u0161ne so njegove koristi?<\/h3>\n<p>Sojino olje je izredno hranilno jedilno olje, saj vsebuje visok dele\u017e beljakovin in ve\u010dkrat nenasi\u010denih ma\u0161\u010dobnih kislin (omega-3 in omega-6). Ve\u010dkrat nenasi\u010dene ma\u0161\u010dobne kisline, ki se nahajajo v sojinem olju, strokovnjaki povezujejo z ni\u017ejimi ravnmi holesterola.<\/p>\n<p>Sojino olje je poleg tega tudi vir vitamina K, ki je izredno pomemben za delovanje telesa. \u010ce zau\u017eijete eno jedilno \u017elico sojinega olja, v telo vnesete okoli 25 mcg vitamina K, kar predstavlja 20 % priporo\u010denega dnevnega vnosa. Vitamin K je sicer najbolj znan po tem, da prepre\u010duje strjevanje krvi, pomembno vlogo pa ima tudi pri ohranjanju kostne gostote.<\/p>\n<p>Sojino olje je znano tudi po tem, da vsebuje vitamin E, zato je blagodejno za ko\u017eo. Deluje namre\u010d protivnetno in ko\u017ei koristi tako kot sestavina kozmeti\u010dnih pripravkov kot tudi od znotraj z u\u017eivanjem.<\/p>\n","protected":false},"excerpt":{"rendered":"<p>LASTNOSTI<\/p>\n<ul>\n<li>ekolo\u0161ko certificirano<\/li>\n<li>hladno stiskano<\/li>\n<li>nerafinirano, nefiltrirano<\/li>\n<li>popolnoma brez GSO<\/li>\n<li>za kuhanje in za hladno u\u017eivanje<\/li>\n<li>lokalna lastna pridelava in predelava<\/li>\n<li>trajnostno pridelano iz ekolo\u0161ke soje<\/li>\n<li>zagotovljena sledljivost od njive do mize<\/li>\n<\/ul>\n<p>KORISTI<\/p>\n<ul>\n<li>\u0161iroko uporabno v najrazli\u010dnej\u0161ih jedeh<\/li>\n<li>lahko zni\u017euje raven holesterola<\/li>\n<li>prispeva k lep\u0161i ko\u017ei<\/li>\n<li>lahko prepre\u010duje izgubljanje kostne mase<\/li>\n<li>je vir omega-3-ma\u0161\u010dobnih kislin<\/li>\n<\/ul>\n","protected":false},"featured_media":583,"comment_status":"open","ping_status":"closed","template":"","meta":{"_et_pb_use_builder":"off","_et_pb_old_content":"Sojino olje na\u0161e blagovne znamke Trnulja nastane s hladnim stiskanjem zrn soje iz na\u0161e trajnostne pridelave. Soja na njivah na\u0161ega posestva v okolici Ljubljane raste popolnoma naravno, brez pesticidov in v celoti brez gensko spemenjenih organizmov (brez GSO).\r\n\r\nVisoko kakovost na\u0161ega olja pa potrjuje tudi ekolo\u0161ki certifikat kakovosti, ki ga prejmejo izklju\u010dno \u017eivila ekolo\u0161ke pridelave in predelave. Dr\u017eimo se slogana \u201cod njive do mize\u201d, kar pomeni, da je sledljivost na\u0161ega olja popolnoma transparentna.\r\n<h3>Okus in uporaba sojinega olja<\/h3>\r\nKakovostno sojino olje lahko u\u017eivate hladno kot vsako rastlinsko olje ali ga uporabite za pe\u010denje in du\u0161enje, saj prenese visoke temperature in ima visoko dimno to\u010dko.\r\n\r\nJe rumenkaste barve in ne\u017enega, nevtralnega okusa kot nala\u0161\u010d za solate, saj je \u010dudovito v paru s kisom in \u0161\u010depcem soli za okusen solatni preliv.\r\n\r\nSojino olje je uporabno tudi v kozmetiki, saj je idealno za vla\u017eenje las in ko\u017ee. Uporablja se ga lahko tudi kot nosilno olje za razred\u010devanje eteri\u010dnih olj.\r\n<h4>Aromati\u010den recept za okusen solatni preliv<\/h4>\r\n<ul>\r\n \t<li>pol skodelice sve\u017eega limoninega soka<\/li>\r\n \t<li>pol skodelice nerafiniranega in nefiltriranega sojinega olja<\/li>\r\n \t<li>1 sesekljan strok \u010desna<\/li>\r\n \t<li>origano<\/li>\r\n \t<li>timijan<\/li>\r\n \t<li>bazilika<\/li>\r\n \t<li>peter\u0161ilj<\/li>\r\n \t<li>drobnjak<\/li>\r\n \t<li>sol<\/li>\r\n \t<li>pehtran<\/li>\r\n<\/ul>\r\nNajprej v stekleni posodi s pokrovom dobro preme\u0161ajte limonin sok, sojino olje in sesekljan \u010desen. Dodajte \u0161e vse druge sestavine v koli\u010dinah po okusu. Postavite v hladilnik za ve\u010d ur, da se arome dobro prepojijo. Preliv prelijte po najljub\u0161i solati.\r\n<h3>Kaj vsebuje sojino olje in kak\u0161ne so njegove koristi?<\/h3>\r\nSojino olje je izredno hranilno jedilno olje, saj vsebuje visok dele\u017e beljakovin in ve\u010dkrat nenasi\u010denih ma\u0161\u010dobnih kislin (omega-3 in omega-6). Ve\u010dkrat nenasi\u010dene ma\u0161\u010dobne kisline, ki se nahajajo v sojinem olju, strokovnjaki povezujejo z ni\u017ejimi ravnmi holesterola.\r\n\r\nSojino olje je poleg tega tudi vir vitamina K, ki je izredno pomemben za delovanje telesa. \u010ce zau\u017eijete eno jedilno \u017elico sojinega olja, v telo vnesete okoli 25 mcg vitamina K, kar predstavlja 20 % priporo\u010denega dnevnega vnosa. Vitamin K je sicer najbolj znan po tem, da prepre\u010duje strjevanje krvi, pomembno vlogo pa ima tudi pri ohranjanju kostne gostote.\r\n\r\nSojino olje je znano tudi po tem, da vsebuje vitamin E, zato je blagodejno za ko\u017eo. Deluje namre\u010d protivnetno in ko\u017ei koristi tako kot sestavina kozmeti\u010dnih pripravkov kot tudi od znotraj z u\u017eivanjem.","_et_gb_content_width":""},"product_brand":[],"product_cat":[18],"product_tag":[],"class_list":{"0":"post-582","1":"product","2":"type-product","3":"status-publish","4":"has-post-thumbnail","6":"product_cat-sojini-proizvodi","8":"first","9":"outofstock","10":"shipping-taxable","11":"purchasable","12":"product-type-simple"},"yoast_head":"<!-- This site is optimized with the Yoast SEO plugin v26.4 - https:\/\/yoast.com\/wordpress\/plugins\/seo\/ -->\n<title>Sojino olje: ekolo\u0161ko pridelano in predelano - Trnulja.com<\/title>\n<meta name=\"description\" content=\"Ekolo\u0161ko sojino olje s posestva Trnulja: hladno stiskano, nerafinirano, nefiltrirano, popolnoma brez GSO. Preverite njegove koristi.\" \/>\n<meta name=\"robots\" content=\"index, follow, max-snippet:-1, max-image-preview:large, max-video-preview:-1\" \/>\n<link rel=\"canonical\" href=\"https:\/\/trnulja.com\/shop\/izdelek\/sojino-olje-500-ml\/\" \/>\n<meta property=\"og:locale\" content=\"sl_SI\" \/>\n<meta property=\"og:type\" content=\"article\" \/>\n<meta property=\"og:title\" content=\"Sojino olje: ekolo\u0161ko pridelano in predelano - Trnulja.com\" \/>\n<meta property=\"og:description\" content=\"Ekolo\u0161ko sojino olje s posestva Trnulja: hladno stiskano, nerafinirano, nefiltrirano, popolnoma brez GSO. Preverite njegove koristi.\" \/>\n<meta property=\"og:url\" content=\"https:\/\/trnulja.com\/shop\/izdelek\/sojino-olje-500-ml\/\" \/>\n<meta property=\"og:site_name\" content=\"Trnuljina spletna trgovina\" \/>\n<meta property=\"article:modified_time\" content=\"2025-10-31T15:06:49+00:00\" \/>\n<meta property=\"og:image\" content=\"https:\/\/trnulja.com\/shop\/wp-content\/uploads\/2022\/09\/SOJINO-OLJE-500ml-scaled.jpg\" \/>\n\t<meta property=\"og:image:width\" content=\"2560\" \/>\n\t<meta property=\"og:image:height\" content=\"1707\" \/>\n\t<meta property=\"og:image:type\" content=\"image\/jpeg\" \/>\n<meta name=\"twitter:card\" content=\"summary_large_image\" \/>\n<meta name=\"twitter:label1\" content=\"Est. reading time\" \/>\n\t<meta name=\"twitter:data1\" content=\"3 minute\" \/>\n<script type=\"application\/ld+json\" class=\"yoast-schema-graph\">{\"@context\":\"https:\/\/schema.org\",\"@graph\":[{\"@type\":\"WebPage\",\"@id\":\"https:\/\/trnulja.com\/shop\/izdelek\/sojino-olje-500-ml\/\",\"url\":\"https:\/\/trnulja.com\/shop\/izdelek\/sojino-olje-500-ml\/\",\"name\":\"Sojino olje: ekolo\u0161ko pridelano in predelano - Trnulja.com\",\"isPartOf\":{\"@id\":\"https:\/\/trnulja.com\/shop\/#website\"},\"primaryImageOfPage\":{\"@id\":\"https:\/\/trnulja.com\/shop\/izdelek\/sojino-olje-500-ml\/#primaryimage\"},\"image\":{\"@id\":\"https:\/\/trnulja.com\/shop\/izdelek\/sojino-olje-500-ml\/#primaryimage\"},\"thumbnailUrl\":\"https:\/\/trnulja.com\/shop\/wp-content\/uploads\/2022\/09\/SOJINO-OLJE-500ml-scaled.jpg\",\"datePublished\":\"2022-09-05T10:36:21+00:00\",\"dateModified\":\"2025-10-31T15:06:49+00:00\",\"description\":\"Ekolo\u0161ko sojino olje s posestva Trnulja: hladno stiskano, nerafinirano, nefiltrirano, popolnoma brez GSO. Preverite njegove koristi.\",\"breadcrumb\":{\"@id\":\"https:\/\/trnulja.com\/shop\/izdelek\/sojino-olje-500-ml\/#breadcrumb\"},\"inLanguage\":\"sl-SI\",\"potentialAction\":[{\"@type\":\"ReadAction\",\"target\":[\"https:\/\/trnulja.com\/shop\/izdelek\/sojino-olje-500-ml\/\"]}]},{\"@type\":\"ImageObject\",\"inLanguage\":\"sl-SI\",\"@id\":\"https:\/\/trnulja.com\/shop\/izdelek\/sojino-olje-500-ml\/#primaryimage\",\"url\":\"https:\/\/trnulja.com\/shop\/wp-content\/uploads\/2022\/09\/SOJINO-OLJE-500ml-scaled.jpg\",\"contentUrl\":\"https:\/\/trnulja.com\/shop\/wp-content\/uploads\/2022\/09\/SOJINO-OLJE-500ml-scaled.jpg\",\"width\":2560,\"height\":1707},{\"@type\":\"BreadcrumbList\",\"@id\":\"https:\/\/trnulja.com\/shop\/izdelek\/sojino-olje-500-ml\/#breadcrumb\",\"itemListElement\":[{\"@type\":\"ListItem\",\"position\":1,\"name\":\"Home\",\"item\":\"https:\/\/trnulja.com\/shop\/\"},{\"@type\":\"ListItem\",\"position\":2,\"name\":\"Trgovina\",\"item\":\"https:\/\/trnulja.com\/shop\/?page_id=6\"},{\"@type\":\"ListItem\",\"position\":3,\"name\":\"Ekolo\u0161ko hladno stiskano sojino olje, 500 ml\"}]},{\"@type\":\"WebSite\",\"@id\":\"https:\/\/trnulja.com\/shop\/#website\",\"url\":\"https:\/\/trnulja.com\/shop\/\",\"name\":\"Trnuljina spletna trgovina\",\"description\":\"\u0160e eno spleti\u0161\u010de WordPress\",\"potentialAction\":[{\"@type\":\"SearchAction\",\"target\":{\"@type\":\"EntryPoint\",\"urlTemplate\":\"https:\/\/trnulja.com\/shop\/?s={search_term_string}\"},\"query-input\":{\"@type\":\"PropertyValueSpecification\",\"valueRequired\":true,\"valueName\":\"search_term_string\"}}],\"inLanguage\":\"sl-SI\"}]}<\/script>\n<!-- \/ Yoast SEO plugin. -->","yoast_head_json":{"title":"Sojino olje: ekolo\u0161ko pridelano in predelano - Trnulja.com","description":"Ekolo\u0161ko sojino olje s posestva Trnulja: hladno stiskano, nerafinirano, nefiltrirano, popolnoma brez GSO. Preverite njegove koristi.","robots":{"index":"index","follow":"follow","max-snippet":"max-snippet:-1","max-image-preview":"max-image-preview:large","max-video-preview":"max-video-preview:-1"},"canonical":"https:\/\/trnulja.com\/shop\/izdelek\/sojino-olje-500-ml\/","og_locale":"sl_SI","og_type":"article","og_title":"Sojino olje: ekolo\u0161ko pridelano in predelano - Trnulja.com","og_description":"Ekolo\u0161ko sojino olje s posestva Trnulja: hladno stiskano, nerafinirano, nefiltrirano, popolnoma brez GSO. Preverite njegove koristi.","og_url":"https:\/\/trnulja.com\/shop\/izdelek\/sojino-olje-500-ml\/","og_site_name":"Trnuljina spletna trgovina","article_modified_time":"2025-10-31T15:06:49+00:00","og_image":[{"width":2560,"height":1707,"url":"https:\/\/trnulja.com\/shop\/wp-content\/uploads\/2022\/09\/SOJINO-OLJE-500ml-scaled.jpg","type":"image\/jpeg"}],"twitter_card":"summary_large_image","twitter_misc":{"Est. reading time":"3 minute"},"schema":{"@context":"https:\/\/schema.org","@graph":[{"@type":"WebPage","@id":"https:\/\/trnulja.com\/shop\/izdelek\/sojino-olje-500-ml\/","url":"https:\/\/trnulja.com\/shop\/izdelek\/sojino-olje-500-ml\/","name":"Sojino olje: ekolo\u0161ko pridelano in predelano - Trnulja.com","isPartOf":{"@id":"https:\/\/trnulja.com\/shop\/#website"},"primaryImageOfPage":{"@id":"https:\/\/trnulja.com\/shop\/izdelek\/sojino-olje-500-ml\/#primaryimage"},"image":{"@id":"https:\/\/trnulja.com\/shop\/izdelek\/sojino-olje-500-ml\/#primaryimage"},"thumbnailUrl":"https:\/\/trnulja.com\/shop\/wp-content\/uploads\/2022\/09\/SOJINO-OLJE-500ml-scaled.jpg","datePublished":"2022-09-05T10:36:21+00:00","dateModified":"2025-10-31T15:06:49+00:00","description":"Ekolo\u0161ko sojino olje s posestva Trnulja: hladno stiskano, nerafinirano, nefiltrirano, popolnoma brez GSO. Preverite njegove koristi.","breadcrumb":{"@id":"https:\/\/trnulja.com\/shop\/izdelek\/sojino-olje-500-ml\/#breadcrumb"},"inLanguage":"sl-SI","potentialAction":[{"@type":"ReadAction","target":["https:\/\/trnulja.com\/shop\/izdelek\/sojino-olje-500-ml\/"]}]},{"@type":"ImageObject","inLanguage":"sl-SI","@id":"https:\/\/trnulja.com\/shop\/izdelek\/sojino-olje-500-ml\/#primaryimage","url":"https:\/\/trnulja.com\/shop\/wp-content\/uploads\/2022\/09\/SOJINO-OLJE-500ml-scaled.jpg","contentUrl":"https:\/\/trnulja.com\/shop\/wp-content\/uploads\/2022\/09\/SOJINO-OLJE-500ml-scaled.jpg","width":2560,"height":1707},{"@type":"BreadcrumbList","@id":"https:\/\/trnulja.com\/shop\/izdelek\/sojino-olje-500-ml\/#breadcrumb","itemListElement":[{"@type":"ListItem","position":1,"name":"Home","item":"https:\/\/trnulja.com\/shop\/"},{"@type":"ListItem","position":2,"name":"Trgovina","item":"https:\/\/trnulja.com\/shop\/?page_id=6"},{"@type":"ListItem","position":3,"name":"Ekolo\u0161ko hladno stiskano sojino olje, 500 ml"}]},{"@type":"WebSite","@id":"https:\/\/trnulja.com\/shop\/#website","url":"https:\/\/trnulja.com\/shop\/","name":"Trnuljina spletna trgovina","description":"\u0160e eno spleti\u0161\u010de WordPress","potentialAction":[{"@type":"SearchAction","target":{"@type":"EntryPoint","urlTemplate":"https:\/\/trnulja.com\/shop\/?s={search_term_string}"},"query-input":{"@type":"PropertyValueSpecification","valueRequired":true,"valueName":"search_term_string"}}],"inLanguage":"sl-SI"}]}},"_links":{"self":[{"href":"https:\/\/trnulja.com\/shop\/wp-json\/wp\/v2\/product\/582","targetHints":{"allow":["GET"]}}],"collection":[{"href":"https:\/\/trnulja.com\/shop\/wp-json\/wp\/v2\/product"}],"about":[{"href":"https:\/\/trnulja.com\/shop\/wp-json\/wp\/v2\/types\/product"}],"replies":[{"embeddable":true,"href":"https:\/\/trnulja.com\/shop\/wp-json\/wp\/v2\/comments?post=582"}],"wp:featuredmedia":[{"embeddable":true,"href":"https:\/\/trnulja.com\/shop\/wp-json\/wp\/v2\/media\/583"}],"wp:attachment":[{"href":"https:\/\/trnulja.com\/shop\/wp-json\/wp\/v2\/media?parent=582"}],"wp:term":[{"taxonomy":"product_brand","embeddable":true,"href":"https:\/\/trnulja.com\/shop\/wp-json\/wp\/v2\/product_brand?post=582"},{"taxonomy":"product_cat","embeddable":true,"href":"https:\/\/trnulja.com\/shop\/wp-json\/wp\/v2\/product_cat?post=582"},{"taxonomy":"product_tag","embeddable":true,"href":"https:\/\/trnulja.com\/shop\/wp-json\/wp\/v2\/product_tag?post=582"}],"curies":[{"name":"wp","href":"https:\/\/api.w.org\/{rel}","templated":true}]}}