{"id":595,"date":"2022-09-05T12:48:43","date_gmt":"2022-09-05T11:48:43","guid":{"rendered":"https:\/\/trnulja.com\/shop\/?post_type=product&#038;p=595"},"modified":"2025-04-18T18:54:11","modified_gmt":"2025-04-18T17:54:11","slug":"mandljevo-olje-100-ml","status":"publish","type":"product","link":"https:\/\/trnulja.com\/shop\/izdelek\/mandljevo-olje-100-ml\/","title":{"rendered":"Ekolo\u0161ko hladno stiskano mandljevo olje 100 ml"},"content":{"rendered":"<h3>Ekolo\u0161ko hladno stiskano mandljevo olje v prehrani<\/h3>\n<p>Ekolo\u0161ko hladno stiskano mandljevo olje 100 ml je gosto, blagega in prijetnega okusa.<\/p>\n<p>Ekolo\u0161ko mandljevo olje se v prehrani uporablja hladno, kar pomeni, da se ga ne pe\u010de ali cvre, saj je ob\u010dutljivo za oksidacijo in s kuhanjem dobi rahlo grenak okus. Kljub temu je samo po sebi odli\u010den dodatek za razli\u010dne \u017eitne jedi na primer za kosmi\u010de za zajtrk. Dodajajo ga tudi k sladicam. Hrani da rahel okus po mandljih.<\/p>\n","protected":false},"excerpt":{"rendered":"<ul>\n<li>ekolo\u0161ko<\/li>\n<li>hladno stiskano<\/li>\n<li>jedilno<\/li>\n<li>nerafinirano, nefiltrirano<\/li>\n<li>trajnostno pridelano<\/li>\n<li>lokalna lastna pridelava in predelava<\/li>\n<li>brez dodanih konzervansov<\/li>\n<li>zelo okusno<\/li>\n<li>bogato z vitamini<\/li>\n<li>zmanj\u0161uje stres<\/li>\n<\/ul>\n","protected":false},"featured_media":596,"comment_status":"open","ping_status":"closed","template":"","meta":{"_et_pb_use_builder":"","_et_pb_old_content":"","_et_gb_content_width":""},"product_brand":[],"product_cat":[15],"product_tag":[],"class_list":{"0":"post-595","1":"product","2":"type-product","3":"status-publish","4":"has-post-thumbnail","6":"product_cat-ostalo","8":"first","9":"outofstock","10":"shipping-taxable","11":"purchasable","12":"product-type-simple"},"yoast_head":"<!-- This site is optimized with the Yoast SEO plugin v26.4 - https:\/\/yoast.com\/wordpress\/plugins\/seo\/ -->\n<title>Ekolo\u0161ko hladno stiskano mandljevo olje 100 ml - Trnulja.com<\/title>\n<meta name=\"description\" content=\"Mandljevo olje 100 ml - ekolo\u0161ka in lokalna pridelava. Zelo okusno in polno vitaminov se lepo poda k hladnim jedem. Zmanj\u0161uje stres, obnovi ko\u017eo.\" \/>\n<meta name=\"robots\" content=\"index, follow, max-snippet:-1, max-image-preview:large, max-video-preview:-1\" \/>\n<link rel=\"canonical\" href=\"https:\/\/trnulja.com\/shop\/izdelek\/mandljevo-olje-100-ml\/\" \/>\n<meta property=\"og:locale\" content=\"sl_SI\" \/>\n<meta property=\"og:type\" content=\"article\" \/>\n<meta property=\"og:title\" content=\"Ekolo\u0161ko hladno stiskano mandljevo olje 100 ml - Trnulja.com\" \/>\n<meta property=\"og:description\" content=\"Mandljevo olje 100 ml - ekolo\u0161ka in lokalna pridelava. Zelo okusno in polno vitaminov se lepo poda k hladnim jedem. Zmanj\u0161uje stres, obnovi ko\u017eo.\" \/>\n<meta property=\"og:url\" content=\"https:\/\/trnulja.com\/shop\/izdelek\/mandljevo-olje-100-ml\/\" \/>\n<meta property=\"og:site_name\" content=\"Trnuljina spletna trgovina\" \/>\n<meta property=\"article:modified_time\" content=\"2025-04-18T17:54:11+00:00\" \/>\n<meta property=\"og:image\" content=\"https:\/\/trnulja.com\/shop\/wp-content\/uploads\/2022\/09\/MANDLJEVO-OLJE-100ml-scaled.jpg\" \/>\n\t<meta property=\"og:image:width\" content=\"2560\" \/>\n\t<meta property=\"og:image:height\" content=\"1707\" \/>\n\t<meta property=\"og:image:type\" content=\"image\/jpeg\" \/>\n<meta name=\"twitter:card\" content=\"summary_large_image\" \/>\n<meta name=\"twitter:label1\" content=\"Est. reading time\" \/>\n\t<meta name=\"twitter:data1\" content=\"1 minuta\" \/>\n<script type=\"application\/ld+json\" class=\"yoast-schema-graph\">{\"@context\":\"https:\/\/schema.org\",\"@graph\":[{\"@type\":\"WebPage\",\"@id\":\"https:\/\/trnulja.com\/shop\/izdelek\/mandljevo-olje-100-ml\/\",\"url\":\"https:\/\/trnulja.com\/shop\/izdelek\/mandljevo-olje-100-ml\/\",\"name\":\"Ekolo\u0161ko hladno stiskano mandljevo olje 100 ml - Trnulja.com\",\"isPartOf\":{\"@id\":\"https:\/\/trnulja.com\/shop\/#website\"},\"primaryImageOfPage\":{\"@id\":\"https:\/\/trnulja.com\/shop\/izdelek\/mandljevo-olje-100-ml\/#primaryimage\"},\"image\":{\"@id\":\"https:\/\/trnulja.com\/shop\/izdelek\/mandljevo-olje-100-ml\/#primaryimage\"},\"thumbnailUrl\":\"https:\/\/trnulja.com\/shop\/wp-content\/uploads\/2022\/09\/MANDLJEVO-OLJE-100ml-scaled.jpg\",\"datePublished\":\"2022-09-05T11:48:43+00:00\",\"dateModified\":\"2025-04-18T17:54:11+00:00\",\"description\":\"Mandljevo olje 100 ml - ekolo\u0161ka in lokalna pridelava. Zelo okusno in polno vitaminov se lepo poda k hladnim jedem. Zmanj\u0161uje stres, obnovi ko\u017eo.\",\"breadcrumb\":{\"@id\":\"https:\/\/trnulja.com\/shop\/izdelek\/mandljevo-olje-100-ml\/#breadcrumb\"},\"inLanguage\":\"sl-SI\",\"potentialAction\":[{\"@type\":\"ReadAction\",\"target\":[\"https:\/\/trnulja.com\/shop\/izdelek\/mandljevo-olje-100-ml\/\"]}]},{\"@type\":\"ImageObject\",\"inLanguage\":\"sl-SI\",\"@id\":\"https:\/\/trnulja.com\/shop\/izdelek\/mandljevo-olje-100-ml\/#primaryimage\",\"url\":\"https:\/\/trnulja.com\/shop\/wp-content\/uploads\/2022\/09\/MANDLJEVO-OLJE-100ml-scaled.jpg\",\"contentUrl\":\"https:\/\/trnulja.com\/shop\/wp-content\/uploads\/2022\/09\/MANDLJEVO-OLJE-100ml-scaled.jpg\",\"width\":2560,\"height\":1707},{\"@type\":\"BreadcrumbList\",\"@id\":\"https:\/\/trnulja.com\/shop\/izdelek\/mandljevo-olje-100-ml\/#breadcrumb\",\"itemListElement\":[{\"@type\":\"ListItem\",\"position\":1,\"name\":\"Home\",\"item\":\"https:\/\/trnulja.com\/shop\/\"},{\"@type\":\"ListItem\",\"position\":2,\"name\":\"Trgovina\",\"item\":\"https:\/\/trnulja.com\/shop\/?page_id=6\"},{\"@type\":\"ListItem\",\"position\":3,\"name\":\"Ekolo\u0161ko hladno stiskano mandljevo olje 100 ml\"}]},{\"@type\":\"WebSite\",\"@id\":\"https:\/\/trnulja.com\/shop\/#website\",\"url\":\"https:\/\/trnulja.com\/shop\/\",\"name\":\"Trnuljina spletna trgovina\",\"description\":\"\u0160e eno spleti\u0161\u010de WordPress\",\"potentialAction\":[{\"@type\":\"SearchAction\",\"target\":{\"@type\":\"EntryPoint\",\"urlTemplate\":\"https:\/\/trnulja.com\/shop\/?s={search_term_string}\"},\"query-input\":{\"@type\":\"PropertyValueSpecification\",\"valueRequired\":true,\"valueName\":\"search_term_string\"}}],\"inLanguage\":\"sl-SI\"}]}<\/script>\n<!-- \/ Yoast SEO plugin. -->","yoast_head_json":{"title":"Ekolo\u0161ko hladno stiskano mandljevo olje 100 ml - Trnulja.com","description":"Mandljevo olje 100 ml - ekolo\u0161ka in lokalna pridelava. Zelo okusno in polno vitaminov se lepo poda k hladnim jedem. Zmanj\u0161uje stres, obnovi ko\u017eo.","robots":{"index":"index","follow":"follow","max-snippet":"max-snippet:-1","max-image-preview":"max-image-preview:large","max-video-preview":"max-video-preview:-1"},"canonical":"https:\/\/trnulja.com\/shop\/izdelek\/mandljevo-olje-100-ml\/","og_locale":"sl_SI","og_type":"article","og_title":"Ekolo\u0161ko hladno stiskano mandljevo olje 100 ml - Trnulja.com","og_description":"Mandljevo olje 100 ml - ekolo\u0161ka in lokalna pridelava. Zelo okusno in polno vitaminov se lepo poda k hladnim jedem. Zmanj\u0161uje stres, obnovi ko\u017eo.","og_url":"https:\/\/trnulja.com\/shop\/izdelek\/mandljevo-olje-100-ml\/","og_site_name":"Trnuljina spletna trgovina","article_modified_time":"2025-04-18T17:54:11+00:00","og_image":[{"width":2560,"height":1707,"url":"https:\/\/trnulja.com\/shop\/wp-content\/uploads\/2022\/09\/MANDLJEVO-OLJE-100ml-scaled.jpg","type":"image\/jpeg"}],"twitter_card":"summary_large_image","twitter_misc":{"Est. reading time":"1 minuta"},"schema":{"@context":"https:\/\/schema.org","@graph":[{"@type":"WebPage","@id":"https:\/\/trnulja.com\/shop\/izdelek\/mandljevo-olje-100-ml\/","url":"https:\/\/trnulja.com\/shop\/izdelek\/mandljevo-olje-100-ml\/","name":"Ekolo\u0161ko hladno stiskano mandljevo olje 100 ml - Trnulja.com","isPartOf":{"@id":"https:\/\/trnulja.com\/shop\/#website"},"primaryImageOfPage":{"@id":"https:\/\/trnulja.com\/shop\/izdelek\/mandljevo-olje-100-ml\/#primaryimage"},"image":{"@id":"https:\/\/trnulja.com\/shop\/izdelek\/mandljevo-olje-100-ml\/#primaryimage"},"thumbnailUrl":"https:\/\/trnulja.com\/shop\/wp-content\/uploads\/2022\/09\/MANDLJEVO-OLJE-100ml-scaled.jpg","datePublished":"2022-09-05T11:48:43+00:00","dateModified":"2025-04-18T17:54:11+00:00","description":"Mandljevo olje 100 ml - ekolo\u0161ka in lokalna pridelava. Zelo okusno in polno vitaminov se lepo poda k hladnim jedem. Zmanj\u0161uje stres, obnovi ko\u017eo.","breadcrumb":{"@id":"https:\/\/trnulja.com\/shop\/izdelek\/mandljevo-olje-100-ml\/#breadcrumb"},"inLanguage":"sl-SI","potentialAction":[{"@type":"ReadAction","target":["https:\/\/trnulja.com\/shop\/izdelek\/mandljevo-olje-100-ml\/"]}]},{"@type":"ImageObject","inLanguage":"sl-SI","@id":"https:\/\/trnulja.com\/shop\/izdelek\/mandljevo-olje-100-ml\/#primaryimage","url":"https:\/\/trnulja.com\/shop\/wp-content\/uploads\/2022\/09\/MANDLJEVO-OLJE-100ml-scaled.jpg","contentUrl":"https:\/\/trnulja.com\/shop\/wp-content\/uploads\/2022\/09\/MANDLJEVO-OLJE-100ml-scaled.jpg","width":2560,"height":1707},{"@type":"BreadcrumbList","@id":"https:\/\/trnulja.com\/shop\/izdelek\/mandljevo-olje-100-ml\/#breadcrumb","itemListElement":[{"@type":"ListItem","position":1,"name":"Home","item":"https:\/\/trnulja.com\/shop\/"},{"@type":"ListItem","position":2,"name":"Trgovina","item":"https:\/\/trnulja.com\/shop\/?page_id=6"},{"@type":"ListItem","position":3,"name":"Ekolo\u0161ko hladno stiskano mandljevo olje 100 ml"}]},{"@type":"WebSite","@id":"https:\/\/trnulja.com\/shop\/#website","url":"https:\/\/trnulja.com\/shop\/","name":"Trnuljina spletna trgovina","description":"\u0160e eno spleti\u0161\u010de WordPress","potentialAction":[{"@type":"SearchAction","target":{"@type":"EntryPoint","urlTemplate":"https:\/\/trnulja.com\/shop\/?s={search_term_string}"},"query-input":{"@type":"PropertyValueSpecification","valueRequired":true,"valueName":"search_term_string"}}],"inLanguage":"sl-SI"}]}},"_links":{"self":[{"href":"https:\/\/trnulja.com\/shop\/wp-json\/wp\/v2\/product\/595","targetHints":{"allow":["GET"]}}],"collection":[{"href":"https:\/\/trnulja.com\/shop\/wp-json\/wp\/v2\/product"}],"about":[{"href":"https:\/\/trnulja.com\/shop\/wp-json\/wp\/v2\/types\/product"}],"replies":[{"embeddable":true,"href":"https:\/\/trnulja.com\/shop\/wp-json\/wp\/v2\/comments?post=595"}],"wp:featuredmedia":[{"embeddable":true,"href":"https:\/\/trnulja.com\/shop\/wp-json\/wp\/v2\/media\/596"}],"wp:attachment":[{"href":"https:\/\/trnulja.com\/shop\/wp-json\/wp\/v2\/media?parent=595"}],"wp:term":[{"taxonomy":"product_brand","embeddable":true,"href":"https:\/\/trnulja.com\/shop\/wp-json\/wp\/v2\/product_brand?post=595"},{"taxonomy":"product_cat","embeddable":true,"href":"https:\/\/trnulja.com\/shop\/wp-json\/wp\/v2\/product_cat?post=595"},{"taxonomy":"product_tag","embeddable":true,"href":"https:\/\/trnulja.com\/shop\/wp-json\/wp\/v2\/product_tag?post=595"}],"curies":[{"name":"wp","href":"https:\/\/api.w.org\/{rel}","templated":true}]}}