{"id":898,"date":"2023-01-23T09:25:17","date_gmt":"2023-01-23T08:25:17","guid":{"rendered":"https:\/\/trnulja.com\/shop\/?post_type=product&#038;p=898"},"modified":"2025-11-18T10:52:18","modified_gmt":"2025-11-18T09:52:18","slug":"ekolosko-hladno-stiskano-soncnicno-olje-250-ml","status":"publish","type":"product","link":"https:\/\/trnulja.com\/shop\/izdelek\/ekolosko-hladno-stiskano-soncnicno-olje-250-ml\/","title":{"rendered":"Ekolo\u0161ko hladno stiskano son\u010dni\u010dno olje, 250 ml"},"content":{"rendered":"<p><!--more--><\/p>\n<p><span style=\"font-weight: 400\">Na na\u0161em posestvu je najlep\u0161e v toplem delu leta, ko vse raste in zori. A prav posebna pa\u0161a za o\u010di so \u010dudovite son\u010dnice, ki s svojimi glavami vztrajno i\u0161\u010dejo sonce. Vsa ta energija, ki jo posrkajo, se skladi\u0161\u010di v son\u010dni\u010dnih semenih, ki jih na Trnulji predelamo v hladno stiskano son\u010dni\u010dno olje.<\/span><\/p>\n<p><span style=\"font-weight: 400\">A samo lep izgled son\u010dnic ni dovolj za kakovostno olje. Na\u0161e son\u010dnice rastejo povsem v sozvo\u010dju z naravo, \u010disto brez \u0161kropiv ali gensko spremenjenih organizmov. Pri pridelavi upo\u0161tevamo naravne zakonitosti in modrosti na\u0161ih prednikov ter kmetujemo ekolo\u0161ko. Dokaz za to so certifikati o kontrolirani ekolo\u0161ki pridelavi, ki jih je na\u0161e hladno stiskano son\u010dni\u010dno olje prejelo.<\/span><\/p>\n<p>&nbsp;<\/p>\n<h2><b>Kako son\u010dni\u010dna semena stisnemo v son\u010dni\u010dno olje?<\/b><\/h2>\n<p><span style=\"font-weight: 400\">A kaj pomeni, da je na\u0161e son\u010dni\u010dno olje hladno stiskano? Pravzaprav je vse jasno \u017ee iz samega imena izdelka. Pri hladno stiskanem olju med predelavo temperatura nikoli ne prese\u017ee 40 stopinj Celzija.<\/span><\/p>\n<p><span style=\"font-weight: 400\">Tako pridobimo naravno, nerafinirano olje, pri \u010demer so postopki predelave zgolj mehanski, dodajanju kemi\u010dnih sredstev oz. konzervansov se strogo izogibamo. Na ta na\u010din nastane son\u010dni\u010dno olje, bogato z aromami in antioksidanti, ki prepre\u010dujejo, da bi olje postalo \u017earko ter na\u0161e celice varujejo pred oksidacijskimi procesi.<\/span><\/p>\n<p>&nbsp;<\/p>\n<h2><b>Kako se son\u010dni\u010dno olje obnese v kulinariki?<\/b><\/h2>\n<p><span style=\"font-weight: 400\">Stavimo, da son\u010dni\u010dno olje pri kuhi precej uporabljate. Ste preverili, ali je hladno stiskano, kot je Trnuljino? Tako je najbolj aromati\u010dno, z okusom, ki spominja na son\u010dni\u010dna semena. Priporo\u010damo vam, da ga uporabljate predvsem v hladnih jedeh, npr. v solatnih prelivih. Ni\u010d pa ne bo narobe, \u010de ga mo\u010dno segrejete. A pozor: s tem boste izgubili nekaj arome in hranilnih snovi.<\/span><\/p>\n<p>&nbsp;<\/p>\n<h2><b>Kako hladno stiskano son\u010dni\u010dno olje uporabiti pri negi ko\u017ee?<\/b><\/h2>\n<p><span style=\"font-weight: 400\">Son\u010dni\u010dno olje je pogosta sestavina kozmeti\u010dnih izdelkov, saj je lahko, nemastno in ne ma\u0161i por. Vitamin E ter oleinska in linolna kislina v njem so glavni razlogi za izjemen vla\u017eilen u\u010dinek. Poleg tega prvi kot antioksidant lovi proste radikale in zavira prehitro staranje ko\u017ee, obe ma\u0161\u010dobni kislini pa podpirata naravno pregrado ko\u017ee v boju proti izgubljanju vlage.\u00a0<\/span><\/p>\n<p><span style=\"font-weight: 400\">Za nego ko\u017ee s son\u010dni\u010dnim oljem v bistvu ne potrebujete kozmeti\u010dnih preparatov, ki ga vsebujejo. Uporabljate lahko kar ekolo\u0161ko in hladno stiskano son\u010dni\u010dno olje, kakr\u0161no je na\u0161e s Trnulje. Za navla\u017eitev ko\u017ee ali masa\u017eo v dlan kapnite nekaj kapljic ter ne\u017eno masirajte, dokler ga ko\u017ea v celoti ne vpije.<\/span><\/p>\n<p><span style=\"font-weight: 400\">Na\u0161e son\u010dni\u010dno olje lahko uporabljate tudi kot bazno olje za me\u0161anje z eteri\u010dnimi olji, saj je precej nevtralnega vonja ter tako \u0161e poudarite njegove dobre lastnosti.<\/span><\/p>\n<p>&nbsp;<\/p>\n<p><i><span style=\"font-weight: 400\">Prave koristi son\u010dni\u010dnega olja boste ob\u010dutili samo, \u010de izberete ekolo\u0161ki izdelek, pripravljen s hladnim stiskanjem. Za nove dimenzije okusa in blagodejen ob\u010dutek na ko\u017ei preizkusite hladno stiskano son\u010dni\u010dno olje posestva Trnulja. Preverite tudi na\u0161e hladno stiskano son\u010dni\u010dno olje v <a href=\"https:\/\/trnulja.com\/shop\/izdelek\/ekolosko-hladno-stiskano-soncnicno-olje-750-ml\/\">750-ml stekleni\u010dki<\/a> in <a href=\"https:\/\/trnulja.com\/shop\/izdelek\/ekolosko-hladno-stiskano-soncnicno-olje-500-ml\/\">500-ml stekleni\u010dki<\/a>.<\/span><\/i><\/p>\n","protected":false},"excerpt":{"rendered":"<ul>\n<li>ekolo\u0161ko<\/li>\n<li>hladno stiskano<\/li>\n<li>jedilno<\/li>\n<li>nerafinirano, nefiltrirano<\/li>\n<li>trajnostno pridelano<\/li>\n<li>lokalna lastna pridelava in predelava<\/li>\n<li>brez dodanih konzervansov<\/li>\n<li>zelo okusno<\/li>\n<li>bogato z vitamini<\/li>\n<li>zmanj\u0161uje stres<\/li>\n<\/ul>\n","protected":false},"featured_media":899,"comment_status":"open","ping_status":"closed","template":"","meta":{"_et_pb_use_builder":"","_et_pb_old_content":"","_et_gb_content_width":""},"product_brand":[],"product_cat":[15],"product_tag":[],"class_list":{"0":"post-898","1":"product","2":"type-product","3":"status-publish","4":"has-post-thumbnail","6":"product_cat-ostalo","8":"first","9":"outofstock","10":"shipping-taxable","11":"purchasable","12":"product-type-simple"},"yoast_head":"<!-- This site is optimized with the Yoast SEO plugin v26.4 - https:\/\/yoast.com\/wordpress\/plugins\/seo\/ -->\n<title>Hladno stiskano son\u010dni\u010dno olje 250 ml - Trnulja.com<\/title>\n<meta name=\"description\" content=\"Trnuljino hladno stiskano son\u010dni\u010dno olje je ekolo\u0161ko, nerafinirano ter popolnoma trajnostno pridelano. Preizkusite ga na ko\u017ei ali v jedeh!\" \/>\n<meta name=\"robots\" content=\"index, follow, max-snippet:-1, max-image-preview:large, max-video-preview:-1\" \/>\n<link rel=\"canonical\" href=\"https:\/\/trnulja.com\/shop\/izdelek\/ekolosko-hladno-stiskano-soncnicno-olje-250-ml\/\" \/>\n<meta property=\"og:locale\" content=\"sl_SI\" \/>\n<meta property=\"og:type\" content=\"article\" \/>\n<meta property=\"og:title\" content=\"Hladno stiskano son\u010dni\u010dno olje 250 ml - Trnulja.com\" \/>\n<meta property=\"og:description\" content=\"Trnuljino hladno stiskano son\u010dni\u010dno olje je ekolo\u0161ko, nerafinirano ter popolnoma trajnostno pridelano. Preizkusite ga na ko\u017ei ali v jedeh!\" \/>\n<meta property=\"og:url\" content=\"https:\/\/trnulja.com\/shop\/izdelek\/ekolosko-hladno-stiskano-soncnicno-olje-250-ml\/\" \/>\n<meta property=\"og:site_name\" content=\"Trnuljina spletna trgovina\" \/>\n<meta property=\"article:modified_time\" content=\"2025-11-18T09:52:18+00:00\" \/>\n<meta property=\"og:image\" content=\"https:\/\/trnulja.com\/shop\/wp-content\/uploads\/2023\/01\/Soncnicno-olje-250ml.jpg\" \/>\n\t<meta property=\"og:image:width\" content=\"756\" \/>\n\t<meta property=\"og:image:height\" content=\"756\" \/>\n\t<meta property=\"og:image:type\" content=\"image\/jpeg\" \/>\n<meta name=\"twitter:card\" content=\"summary_large_image\" \/>\n<meta name=\"twitter:label1\" content=\"Est. reading time\" \/>\n\t<meta name=\"twitter:data1\" content=\"3 minute\" \/>\n<script type=\"application\/ld+json\" class=\"yoast-schema-graph\">{\"@context\":\"https:\/\/schema.org\",\"@graph\":[{\"@type\":\"WebPage\",\"@id\":\"https:\/\/trnulja.com\/shop\/izdelek\/ekolosko-hladno-stiskano-soncnicno-olje-250-ml\/\",\"url\":\"https:\/\/trnulja.com\/shop\/izdelek\/ekolosko-hladno-stiskano-soncnicno-olje-250-ml\/\",\"name\":\"Hladno stiskano son\u010dni\u010dno olje 250 ml - Trnulja.com\",\"isPartOf\":{\"@id\":\"https:\/\/trnulja.com\/shop\/#website\"},\"primaryImageOfPage\":{\"@id\":\"https:\/\/trnulja.com\/shop\/izdelek\/ekolosko-hladno-stiskano-soncnicno-olje-250-ml\/#primaryimage\"},\"image\":{\"@id\":\"https:\/\/trnulja.com\/shop\/izdelek\/ekolosko-hladno-stiskano-soncnicno-olje-250-ml\/#primaryimage\"},\"thumbnailUrl\":\"https:\/\/trnulja.com\/shop\/wp-content\/uploads\/2023\/01\/Soncnicno-olje-250ml.jpg\",\"datePublished\":\"2023-01-23T08:25:17+00:00\",\"dateModified\":\"2025-11-18T09:52:18+00:00\",\"description\":\"Trnuljino hladno stiskano son\u010dni\u010dno olje je ekolo\u0161ko, nerafinirano ter popolnoma trajnostno pridelano. Preizkusite ga na ko\u017ei ali v jedeh!\",\"breadcrumb\":{\"@id\":\"https:\/\/trnulja.com\/shop\/izdelek\/ekolosko-hladno-stiskano-soncnicno-olje-250-ml\/#breadcrumb\"},\"inLanguage\":\"sl-SI\",\"potentialAction\":[{\"@type\":\"ReadAction\",\"target\":[\"https:\/\/trnulja.com\/shop\/izdelek\/ekolosko-hladno-stiskano-soncnicno-olje-250-ml\/\"]}]},{\"@type\":\"ImageObject\",\"inLanguage\":\"sl-SI\",\"@id\":\"https:\/\/trnulja.com\/shop\/izdelek\/ekolosko-hladno-stiskano-soncnicno-olje-250-ml\/#primaryimage\",\"url\":\"https:\/\/trnulja.com\/shop\/wp-content\/uploads\/2023\/01\/Soncnicno-olje-250ml.jpg\",\"contentUrl\":\"https:\/\/trnulja.com\/shop\/wp-content\/uploads\/2023\/01\/Soncnicno-olje-250ml.jpg\",\"width\":756,\"height\":756},{\"@type\":\"BreadcrumbList\",\"@id\":\"https:\/\/trnulja.com\/shop\/izdelek\/ekolosko-hladno-stiskano-soncnicno-olje-250-ml\/#breadcrumb\",\"itemListElement\":[{\"@type\":\"ListItem\",\"position\":1,\"name\":\"Home\",\"item\":\"https:\/\/trnulja.com\/shop\/\"},{\"@type\":\"ListItem\",\"position\":2,\"name\":\"Trgovina\",\"item\":\"https:\/\/trnulja.com\/shop\/?page_id=6\"},{\"@type\":\"ListItem\",\"position\":3,\"name\":\"Ekolo\u0161ko hladno stiskano son\u010dni\u010dno olje, 250 ml\"}]},{\"@type\":\"WebSite\",\"@id\":\"https:\/\/trnulja.com\/shop\/#website\",\"url\":\"https:\/\/trnulja.com\/shop\/\",\"name\":\"Trnuljina spletna trgovina\",\"description\":\"\u0160e eno spleti\u0161\u010de WordPress\",\"potentialAction\":[{\"@type\":\"SearchAction\",\"target\":{\"@type\":\"EntryPoint\",\"urlTemplate\":\"https:\/\/trnulja.com\/shop\/?s={search_term_string}\"},\"query-input\":{\"@type\":\"PropertyValueSpecification\",\"valueRequired\":true,\"valueName\":\"search_term_string\"}}],\"inLanguage\":\"sl-SI\"}]}<\/script>\n<!-- \/ Yoast SEO plugin. -->","yoast_head_json":{"title":"Hladno stiskano son\u010dni\u010dno olje 250 ml - Trnulja.com","description":"Trnuljino hladno stiskano son\u010dni\u010dno olje je ekolo\u0161ko, nerafinirano ter popolnoma trajnostno pridelano. Preizkusite ga na ko\u017ei ali v jedeh!","robots":{"index":"index","follow":"follow","max-snippet":"max-snippet:-1","max-image-preview":"max-image-preview:large","max-video-preview":"max-video-preview:-1"},"canonical":"https:\/\/trnulja.com\/shop\/izdelek\/ekolosko-hladno-stiskano-soncnicno-olje-250-ml\/","og_locale":"sl_SI","og_type":"article","og_title":"Hladno stiskano son\u010dni\u010dno olje 250 ml - Trnulja.com","og_description":"Trnuljino hladno stiskano son\u010dni\u010dno olje je ekolo\u0161ko, nerafinirano ter popolnoma trajnostno pridelano. Preizkusite ga na ko\u017ei ali v jedeh!","og_url":"https:\/\/trnulja.com\/shop\/izdelek\/ekolosko-hladno-stiskano-soncnicno-olje-250-ml\/","og_site_name":"Trnuljina spletna trgovina","article_modified_time":"2025-11-18T09:52:18+00:00","og_image":[{"width":756,"height":756,"url":"https:\/\/trnulja.com\/shop\/wp-content\/uploads\/2023\/01\/Soncnicno-olje-250ml.jpg","type":"image\/jpeg"}],"twitter_card":"summary_large_image","twitter_misc":{"Est. reading time":"3 minute"},"schema":{"@context":"https:\/\/schema.org","@graph":[{"@type":"WebPage","@id":"https:\/\/trnulja.com\/shop\/izdelek\/ekolosko-hladno-stiskano-soncnicno-olje-250-ml\/","url":"https:\/\/trnulja.com\/shop\/izdelek\/ekolosko-hladno-stiskano-soncnicno-olje-250-ml\/","name":"Hladno stiskano son\u010dni\u010dno olje 250 ml - Trnulja.com","isPartOf":{"@id":"https:\/\/trnulja.com\/shop\/#website"},"primaryImageOfPage":{"@id":"https:\/\/trnulja.com\/shop\/izdelek\/ekolosko-hladno-stiskano-soncnicno-olje-250-ml\/#primaryimage"},"image":{"@id":"https:\/\/trnulja.com\/shop\/izdelek\/ekolosko-hladno-stiskano-soncnicno-olje-250-ml\/#primaryimage"},"thumbnailUrl":"https:\/\/trnulja.com\/shop\/wp-content\/uploads\/2023\/01\/Soncnicno-olje-250ml.jpg","datePublished":"2023-01-23T08:25:17+00:00","dateModified":"2025-11-18T09:52:18+00:00","description":"Trnuljino hladno stiskano son\u010dni\u010dno olje je ekolo\u0161ko, nerafinirano ter popolnoma trajnostno pridelano. Preizkusite ga na ko\u017ei ali v jedeh!","breadcrumb":{"@id":"https:\/\/trnulja.com\/shop\/izdelek\/ekolosko-hladno-stiskano-soncnicno-olje-250-ml\/#breadcrumb"},"inLanguage":"sl-SI","potentialAction":[{"@type":"ReadAction","target":["https:\/\/trnulja.com\/shop\/izdelek\/ekolosko-hladno-stiskano-soncnicno-olje-250-ml\/"]}]},{"@type":"ImageObject","inLanguage":"sl-SI","@id":"https:\/\/trnulja.com\/shop\/izdelek\/ekolosko-hladno-stiskano-soncnicno-olje-250-ml\/#primaryimage","url":"https:\/\/trnulja.com\/shop\/wp-content\/uploads\/2023\/01\/Soncnicno-olje-250ml.jpg","contentUrl":"https:\/\/trnulja.com\/shop\/wp-content\/uploads\/2023\/01\/Soncnicno-olje-250ml.jpg","width":756,"height":756},{"@type":"BreadcrumbList","@id":"https:\/\/trnulja.com\/shop\/izdelek\/ekolosko-hladno-stiskano-soncnicno-olje-250-ml\/#breadcrumb","itemListElement":[{"@type":"ListItem","position":1,"name":"Home","item":"https:\/\/trnulja.com\/shop\/"},{"@type":"ListItem","position":2,"name":"Trgovina","item":"https:\/\/trnulja.com\/shop\/?page_id=6"},{"@type":"ListItem","position":3,"name":"Ekolo\u0161ko hladno stiskano son\u010dni\u010dno olje, 250 ml"}]},{"@type":"WebSite","@id":"https:\/\/trnulja.com\/shop\/#website","url":"https:\/\/trnulja.com\/shop\/","name":"Trnuljina spletna trgovina","description":"\u0160e eno spleti\u0161\u010de WordPress","potentialAction":[{"@type":"SearchAction","target":{"@type":"EntryPoint","urlTemplate":"https:\/\/trnulja.com\/shop\/?s={search_term_string}"},"query-input":{"@type":"PropertyValueSpecification","valueRequired":true,"valueName":"search_term_string"}}],"inLanguage":"sl-SI"}]}},"_links":{"self":[{"href":"https:\/\/trnulja.com\/shop\/wp-json\/wp\/v2\/product\/898","targetHints":{"allow":["GET"]}}],"collection":[{"href":"https:\/\/trnulja.com\/shop\/wp-json\/wp\/v2\/product"}],"about":[{"href":"https:\/\/trnulja.com\/shop\/wp-json\/wp\/v2\/types\/product"}],"replies":[{"embeddable":true,"href":"https:\/\/trnulja.com\/shop\/wp-json\/wp\/v2\/comments?post=898"}],"wp:featuredmedia":[{"embeddable":true,"href":"https:\/\/trnulja.com\/shop\/wp-json\/wp\/v2\/media\/899"}],"wp:attachment":[{"href":"https:\/\/trnulja.com\/shop\/wp-json\/wp\/v2\/media?parent=898"}],"wp:term":[{"taxonomy":"product_brand","embeddable":true,"href":"https:\/\/trnulja.com\/shop\/wp-json\/wp\/v2\/product_brand?post=898"},{"taxonomy":"product_cat","embeddable":true,"href":"https:\/\/trnulja.com\/shop\/wp-json\/wp\/v2\/product_cat?post=898"},{"taxonomy":"product_tag","embeddable":true,"href":"https:\/\/trnulja.com\/shop\/wp-json\/wp\/v2\/product_tag?post=898"}],"curies":[{"name":"wp","href":"https:\/\/api.w.org\/{rel}","templated":true}]}}