{"id":902,"date":"2023-01-23T09:42:15","date_gmt":"2023-01-23T08:42:15","guid":{"rendered":"https:\/\/trnulja.com\/shop\/?post_type=product&#038;p=902"},"modified":"2025-11-18T10:50:16","modified_gmt":"2025-11-18T09:50:16","slug":"ekolosko-hladno-stiskano-soncnicno-olje-750-ml","status":"publish","type":"product","link":"https:\/\/trnulja.com\/shop\/izdelek\/ekolosko-hladno-stiskano-soncnicno-olje-750-ml\/","title":{"rendered":"Ekolo\u0161ko hladno stiskano son\u010dni\u010dno olje, 750 ml"},"content":{"rendered":"<p><span style=\"font-weight: 400\">Okoli na\u0161ega posestva pozno poleti vse raste, cveti in bren\u010di. A \u0161e posebej zaigra srce ob pogledu na \u010dudovite son\u010dnice, ki obra\u010dajo svoje cvetove proti soncu in vpijajo energijo. In ravno ta son\u010dna energija se iz ekolo\u0161kih semen na\u0161ih son\u010dnic prelije direktno v na\u0161e aromati\u010dno hladno stiskano son\u010dni\u010dno olje znamke Trnulja.\u00a0<\/span><\/p>\n<p><span style=\"font-weight: 400\">Son\u010dni\u010dno olje na na\u0161em posestvu predelujemo iz lastno pridelanih son\u010dni\u010dnih semen. Son\u010dnice s Trnulje uspevajo popolnoma v so\u017eitju z naravo, brez gensko spremenjenih organizmov (brez GSO) ali uporabe \u0161kropiv. Pri gojenju se ravnamo po naravnih zakonitostih in starodavnih modrostih na\u0161ih prednikov.<\/span><\/p>\n<p><span style=\"font-weight: 400\">In ko re\u010demo, da je na\u0161 slogan \u201cod njive do mize\u201d, to mislimo popolnoma dobesedno. Transparentno sledljivost zagotavljamo za ves na\u0161 pridelek in enako velja tudi za son\u010dni\u010dna semena in olje, iztisnjeno iz njih.<\/span><\/p>\n<p>&nbsp;<\/p>\n<h2><b>Kako son\u010dni\u010dna semena stisnemo v son\u010dni\u010dno olje?<\/b><\/h2>\n<p><span style=\"font-weight: 400\">A kaj pomeni, da je na\u0161e son\u010dni\u010dno olje hladno stiskano? Pravzaprav je vse jasno \u017ee iz samega imena izdelka. Pri hladno stiskanem olju med predelavo temperatura nikoli ne prese\u017ee 40 stopinj Celzija. Tako olje je naravno, nerafinirano, postopki predelave pa so zgolj mehanski, dodajanju kemi\u010dnih sredstev oz. konzervansov se strogo izogibamo. Na ta na\u010din nastane son\u010dni\u010dno olje, bogato z aromami in antioksidanti, ki varujejo olje in na\u0161e celice pred oksidacijskimi procesi.<\/span><\/p>\n<p>&nbsp;<\/p>\n<h2><b>Katera hranila vsebuje hladno stiskano son\u010dni\u010dno olje?<\/b><\/h2>\n<p><span style=\"font-weight: 400\">V eni \u017elici son\u010dni\u010dnega olja je okoli 120 kalorij. Bogato je z nenasi\u010denimi ma\u0161\u010dobnimi kislinami, manj zdravih nasi\u010denih ma\u0161\u010dobnih kislin vsebuje zelo malo.<\/span><\/p>\n<p><span style=\"font-weight: 400\">Poleg tega je v njem tudi precej vitaminov E in K. Vitamin E v na\u0161em telesu deluje kot antioksidant, kar pomeni, da \u0161\u010diti celice pred oksidativnim stresom. Vitamin K pa ima pomembno vlogo pri strjevanju krvi in zdravju kosti.<\/span><\/p>\n<p>&nbsp;<\/p>\n<h2><b>Son\u010dni\u010dno olje in uporaba v kulinariki ali kozmetiki<\/b><\/h2>\n<p><span style=\"font-weight: 400\">Pri poku\u0161anju na\u0161ega hladno stiskanega son\u010dni\u010dnega olja boste takoj zaznali prijeten in aromati\u010den okus, podoben son\u010dni\u010dnim semenom. Posebej ga priporo\u010damo za uporabo v hladnih jedeh, kjer bo ohranilo svoje arome, npr. v solatnih prelivih. Seveda pa ga lahko brez pomisleka segrejete in dodate kateri koli jedi po va\u0161em izboru, tudi pecivu.<\/span><\/p>\n<p><span style=\"font-weight: 400\">Na\u0161e ekolo\u0161ko hladno stiskano son\u010dni\u010dno olje lahko uporabljate tudi v kozmeti\u010dne namene. Dobro je vedeti, da ne ma\u0161i por, saj je lahko in nemastno. Hitro se vpije v ko\u017eo ali lase ter ju navla\u017ei in zmeh\u010da, zato prija predvsem vsem s suho in ob\u010dutljivo ko\u017eo oz. lasmi.<\/span><\/p>\n<p>&nbsp;<\/p>\n<p><i><span style=\"font-weight: 400\">A resni\u010den okus in prave koristi son\u010dni\u010dnega olja boste ob\u010dutili samo, \u010de izberete ekolo\u0161ki izdelek, pripravljen s hladnim stiskanjem. Za nove dimenzije okusa preizkusite hladno stiskano son\u010dni\u010dno olje posestva Trnulja. Preverite tudi na\u0161e hladno stiskano son\u010dni\u010dno olje v <a href=\"https:\/\/trnulja.com\/shop\/izdelek\/ekolosko-hladno-stiskano-soncnicno-olje-250-ml\/\">250-ml stekleni\u010dki<\/a> in <a href=\"https:\/\/trnulja.com\/shop\/izdelek\/ekolosko-hladno-stiskano-soncnicno-olje-500-ml\/\">500-ml stekleni\u010dki<\/a>.<\/span><\/i><\/p>\n","protected":false},"excerpt":{"rendered":"<ul>\n<li>ekolo\u0161ko<\/li>\n<li>hladno stiskano<\/li>\n<li>jedilno<\/li>\n<li>nerafinirano, nefiltrirano<\/li>\n<li>trajnostno pridelano<\/li>\n<li>lokalna lastna pridelava in predelava<\/li>\n<li>brez dodanih konzervansov<\/li>\n<li>zelo okusno<\/li>\n<li>bogato z vitamini<\/li>\n<\/ul>\n","protected":false},"featured_media":903,"comment_status":"open","ping_status":"closed","template":"","meta":{"_et_pb_use_builder":"","_et_pb_old_content":"","_et_gb_content_width":""},"product_brand":[],"product_cat":[15],"product_tag":[],"class_list":{"0":"post-902","1":"product","2":"type-product","3":"status-publish","4":"has-post-thumbnail","6":"product_cat-ostalo","8":"first","9":"outofstock","10":"shipping-taxable","11":"purchasable","12":"product-type-simple"},"yoast_head":"<!-- This site is optimized with the Yoast SEO plugin v26.4 - https:\/\/yoast.com\/wordpress\/plugins\/seo\/ -->\n<title>Hladno stiskano son\u010dni\u010dno olje 750 ml - Trnulja.com<\/title>\n<meta name=\"description\" content=\"Ekolo\u0161ko hladno stiskano son\u010dni\u010dno olje s posestva Trnulja je nerafinirano, nefiltrirano in trajnostno pridelano. Preverite lastnosti in uporabo\" \/>\n<meta name=\"robots\" content=\"index, follow, max-snippet:-1, max-image-preview:large, max-video-preview:-1\" \/>\n<link rel=\"canonical\" href=\"https:\/\/trnulja.com\/shop\/izdelek\/ekolosko-hladno-stiskano-soncnicno-olje-750-ml\/\" \/>\n<meta property=\"og:locale\" content=\"sl_SI\" \/>\n<meta property=\"og:type\" content=\"article\" \/>\n<meta property=\"og:title\" content=\"Hladno stiskano son\u010dni\u010dno olje 750 ml - Trnulja.com\" \/>\n<meta property=\"og:description\" content=\"Ekolo\u0161ko hladno stiskano son\u010dni\u010dno olje s posestva Trnulja je nerafinirano, nefiltrirano in trajnostno pridelano. Preverite lastnosti in uporabo\" \/>\n<meta property=\"og:url\" content=\"https:\/\/trnulja.com\/shop\/izdelek\/ekolosko-hladno-stiskano-soncnicno-olje-750-ml\/\" \/>\n<meta property=\"og:site_name\" content=\"Trnuljina spletna trgovina\" \/>\n<meta property=\"article:modified_time\" content=\"2025-11-18T09:50:16+00:00\" \/>\n<meta property=\"og:image\" content=\"https:\/\/trnulja.com\/shop\/wp-content\/uploads\/2023\/01\/Soncnicno-olje-750ml.jpg\" \/>\n\t<meta property=\"og:image:width\" content=\"756\" \/>\n\t<meta property=\"og:image:height\" content=\"756\" \/>\n\t<meta property=\"og:image:type\" content=\"image\/jpeg\" \/>\n<meta name=\"twitter:card\" content=\"summary_large_image\" \/>\n<meta name=\"twitter:label1\" content=\"Est. reading time\" \/>\n\t<meta name=\"twitter:data1\" content=\"3 minute\" \/>\n<script type=\"application\/ld+json\" class=\"yoast-schema-graph\">{\"@context\":\"https:\/\/schema.org\",\"@graph\":[{\"@type\":\"WebPage\",\"@id\":\"https:\/\/trnulja.com\/shop\/izdelek\/ekolosko-hladno-stiskano-soncnicno-olje-750-ml\/\",\"url\":\"https:\/\/trnulja.com\/shop\/izdelek\/ekolosko-hladno-stiskano-soncnicno-olje-750-ml\/\",\"name\":\"Hladno stiskano son\u010dni\u010dno olje 750 ml - Trnulja.com\",\"isPartOf\":{\"@id\":\"https:\/\/trnulja.com\/shop\/#website\"},\"primaryImageOfPage\":{\"@id\":\"https:\/\/trnulja.com\/shop\/izdelek\/ekolosko-hladno-stiskano-soncnicno-olje-750-ml\/#primaryimage\"},\"image\":{\"@id\":\"https:\/\/trnulja.com\/shop\/izdelek\/ekolosko-hladno-stiskano-soncnicno-olje-750-ml\/#primaryimage\"},\"thumbnailUrl\":\"https:\/\/trnulja.com\/shop\/wp-content\/uploads\/2023\/01\/Soncnicno-olje-750ml.jpg\",\"datePublished\":\"2023-01-23T08:42:15+00:00\",\"dateModified\":\"2025-11-18T09:50:16+00:00\",\"description\":\"Ekolo\u0161ko hladno stiskano son\u010dni\u010dno olje s posestva Trnulja je nerafinirano, nefiltrirano in trajnostno pridelano. Preverite lastnosti in uporabo\",\"breadcrumb\":{\"@id\":\"https:\/\/trnulja.com\/shop\/izdelek\/ekolosko-hladno-stiskano-soncnicno-olje-750-ml\/#breadcrumb\"},\"inLanguage\":\"sl-SI\",\"potentialAction\":[{\"@type\":\"ReadAction\",\"target\":[\"https:\/\/trnulja.com\/shop\/izdelek\/ekolosko-hladno-stiskano-soncnicno-olje-750-ml\/\"]}]},{\"@type\":\"ImageObject\",\"inLanguage\":\"sl-SI\",\"@id\":\"https:\/\/trnulja.com\/shop\/izdelek\/ekolosko-hladno-stiskano-soncnicno-olje-750-ml\/#primaryimage\",\"url\":\"https:\/\/trnulja.com\/shop\/wp-content\/uploads\/2023\/01\/Soncnicno-olje-750ml.jpg\",\"contentUrl\":\"https:\/\/trnulja.com\/shop\/wp-content\/uploads\/2023\/01\/Soncnicno-olje-750ml.jpg\",\"width\":756,\"height\":756},{\"@type\":\"BreadcrumbList\",\"@id\":\"https:\/\/trnulja.com\/shop\/izdelek\/ekolosko-hladno-stiskano-soncnicno-olje-750-ml\/#breadcrumb\",\"itemListElement\":[{\"@type\":\"ListItem\",\"position\":1,\"name\":\"Home\",\"item\":\"https:\/\/trnulja.com\/shop\/\"},{\"@type\":\"ListItem\",\"position\":2,\"name\":\"Trgovina\",\"item\":\"https:\/\/trnulja.com\/shop\/?page_id=6\"},{\"@type\":\"ListItem\",\"position\":3,\"name\":\"Ekolo\u0161ko hladno stiskano son\u010dni\u010dno olje, 750 ml\"}]},{\"@type\":\"WebSite\",\"@id\":\"https:\/\/trnulja.com\/shop\/#website\",\"url\":\"https:\/\/trnulja.com\/shop\/\",\"name\":\"Trnuljina spletna trgovina\",\"description\":\"\u0160e eno spleti\u0161\u010de WordPress\",\"potentialAction\":[{\"@type\":\"SearchAction\",\"target\":{\"@type\":\"EntryPoint\",\"urlTemplate\":\"https:\/\/trnulja.com\/shop\/?s={search_term_string}\"},\"query-input\":{\"@type\":\"PropertyValueSpecification\",\"valueRequired\":true,\"valueName\":\"search_term_string\"}}],\"inLanguage\":\"sl-SI\"}]}<\/script>\n<!-- \/ Yoast SEO plugin. -->","yoast_head_json":{"title":"Hladno stiskano son\u010dni\u010dno olje 750 ml - Trnulja.com","description":"Ekolo\u0161ko hladno stiskano son\u010dni\u010dno olje s posestva Trnulja je nerafinirano, nefiltrirano in trajnostno pridelano. Preverite lastnosti in uporabo","robots":{"index":"index","follow":"follow","max-snippet":"max-snippet:-1","max-image-preview":"max-image-preview:large","max-video-preview":"max-video-preview:-1"},"canonical":"https:\/\/trnulja.com\/shop\/izdelek\/ekolosko-hladno-stiskano-soncnicno-olje-750-ml\/","og_locale":"sl_SI","og_type":"article","og_title":"Hladno stiskano son\u010dni\u010dno olje 750 ml - Trnulja.com","og_description":"Ekolo\u0161ko hladno stiskano son\u010dni\u010dno olje s posestva Trnulja je nerafinirano, nefiltrirano in trajnostno pridelano. Preverite lastnosti in uporabo","og_url":"https:\/\/trnulja.com\/shop\/izdelek\/ekolosko-hladno-stiskano-soncnicno-olje-750-ml\/","og_site_name":"Trnuljina spletna trgovina","article_modified_time":"2025-11-18T09:50:16+00:00","og_image":[{"width":756,"height":756,"url":"https:\/\/trnulja.com\/shop\/wp-content\/uploads\/2023\/01\/Soncnicno-olje-750ml.jpg","type":"image\/jpeg"}],"twitter_card":"summary_large_image","twitter_misc":{"Est. reading time":"3 minute"},"schema":{"@context":"https:\/\/schema.org","@graph":[{"@type":"WebPage","@id":"https:\/\/trnulja.com\/shop\/izdelek\/ekolosko-hladno-stiskano-soncnicno-olje-750-ml\/","url":"https:\/\/trnulja.com\/shop\/izdelek\/ekolosko-hladno-stiskano-soncnicno-olje-750-ml\/","name":"Hladno stiskano son\u010dni\u010dno olje 750 ml - Trnulja.com","isPartOf":{"@id":"https:\/\/trnulja.com\/shop\/#website"},"primaryImageOfPage":{"@id":"https:\/\/trnulja.com\/shop\/izdelek\/ekolosko-hladno-stiskano-soncnicno-olje-750-ml\/#primaryimage"},"image":{"@id":"https:\/\/trnulja.com\/shop\/izdelek\/ekolosko-hladno-stiskano-soncnicno-olje-750-ml\/#primaryimage"},"thumbnailUrl":"https:\/\/trnulja.com\/shop\/wp-content\/uploads\/2023\/01\/Soncnicno-olje-750ml.jpg","datePublished":"2023-01-23T08:42:15+00:00","dateModified":"2025-11-18T09:50:16+00:00","description":"Ekolo\u0161ko hladno stiskano son\u010dni\u010dno olje s posestva Trnulja je nerafinirano, nefiltrirano in trajnostno pridelano. Preverite lastnosti in uporabo","breadcrumb":{"@id":"https:\/\/trnulja.com\/shop\/izdelek\/ekolosko-hladno-stiskano-soncnicno-olje-750-ml\/#breadcrumb"},"inLanguage":"sl-SI","potentialAction":[{"@type":"ReadAction","target":["https:\/\/trnulja.com\/shop\/izdelek\/ekolosko-hladno-stiskano-soncnicno-olje-750-ml\/"]}]},{"@type":"ImageObject","inLanguage":"sl-SI","@id":"https:\/\/trnulja.com\/shop\/izdelek\/ekolosko-hladno-stiskano-soncnicno-olje-750-ml\/#primaryimage","url":"https:\/\/trnulja.com\/shop\/wp-content\/uploads\/2023\/01\/Soncnicno-olje-750ml.jpg","contentUrl":"https:\/\/trnulja.com\/shop\/wp-content\/uploads\/2023\/01\/Soncnicno-olje-750ml.jpg","width":756,"height":756},{"@type":"BreadcrumbList","@id":"https:\/\/trnulja.com\/shop\/izdelek\/ekolosko-hladno-stiskano-soncnicno-olje-750-ml\/#breadcrumb","itemListElement":[{"@type":"ListItem","position":1,"name":"Home","item":"https:\/\/trnulja.com\/shop\/"},{"@type":"ListItem","position":2,"name":"Trgovina","item":"https:\/\/trnulja.com\/shop\/?page_id=6"},{"@type":"ListItem","position":3,"name":"Ekolo\u0161ko hladno stiskano son\u010dni\u010dno olje, 750 ml"}]},{"@type":"WebSite","@id":"https:\/\/trnulja.com\/shop\/#website","url":"https:\/\/trnulja.com\/shop\/","name":"Trnuljina spletna trgovina","description":"\u0160e eno spleti\u0161\u010de WordPress","potentialAction":[{"@type":"SearchAction","target":{"@type":"EntryPoint","urlTemplate":"https:\/\/trnulja.com\/shop\/?s={search_term_string}"},"query-input":{"@type":"PropertyValueSpecification","valueRequired":true,"valueName":"search_term_string"}}],"inLanguage":"sl-SI"}]}},"_links":{"self":[{"href":"https:\/\/trnulja.com\/shop\/wp-json\/wp\/v2\/product\/902","targetHints":{"allow":["GET"]}}],"collection":[{"href":"https:\/\/trnulja.com\/shop\/wp-json\/wp\/v2\/product"}],"about":[{"href":"https:\/\/trnulja.com\/shop\/wp-json\/wp\/v2\/types\/product"}],"replies":[{"embeddable":true,"href":"https:\/\/trnulja.com\/shop\/wp-json\/wp\/v2\/comments?post=902"}],"wp:featuredmedia":[{"embeddable":true,"href":"https:\/\/trnulja.com\/shop\/wp-json\/wp\/v2\/media\/903"}],"wp:attachment":[{"href":"https:\/\/trnulja.com\/shop\/wp-json\/wp\/v2\/media?parent=902"}],"wp:term":[{"taxonomy":"product_brand","embeddable":true,"href":"https:\/\/trnulja.com\/shop\/wp-json\/wp\/v2\/product_brand?post=902"},{"taxonomy":"product_cat","embeddable":true,"href":"https:\/\/trnulja.com\/shop\/wp-json\/wp\/v2\/product_cat?post=902"},{"taxonomy":"product_tag","embeddable":true,"href":"https:\/\/trnulja.com\/shop\/wp-json\/wp\/v2\/product_tag?post=902"}],"curies":[{"name":"wp","href":"https:\/\/api.w.org\/{rel}","templated":true}]}}