{"id":904,"date":"2023-01-23T10:42:59","date_gmt":"2023-01-23T09:42:59","guid":{"rendered":"https:\/\/trnulja.com\/shop\/?post_type=product&#038;p=904"},"modified":"2025-02-24T14:23:40","modified_gmt":"2025-02-24T13:23:40","slug":"basic-dreams-250-ml","status":"publish","type":"product","link":"https:\/\/trnulja.com\/shop\/izdelek\/basic-dreams-250-ml\/","title":{"rendered":"BASIC DREAMS, 250 ml"},"content":{"rendered":"<h2><\/h2>\n<h2><strong>Spoznajte Trnuljino eko koruzno \u017eganje Basic Dreams<\/strong><\/h2>\n<p>Na Trnulji se po novem to\u010dno na 46. zemeljskem vzporedniku kuha tudi \u017eganje iz <a href=\"https:\/\/trnulja.com\/shop\/kategorija-izdelka\/koruzni-proizvodi\/\"><strong>ekolo\u0161ke koruze<\/strong><\/a>. Koruza je polj\u0161\u010dina, ki jo na na\u0161ih njivah na Ljubljanskem barju pridelujemo \u017ee leta. Po zdrobu, moki in pi\u0161kotih zdaj slu\u017ei tudi kot surovina za \u017eganje, ki smo ga poimenovali Basic Dreams.<\/p>\n<p>Vsa koruza, ki raste na na\u0161em posestvu, je pridelana v skladu z ekolo\u0161kimi standardi in popolnoma v sozvo\u010dju z naravo. Prepri\u010dani smo namre\u010d, da bolj kot je zemlja \u017eiva, ve\u010d nam daje. Zavedamo se, da je to mogo\u010de le z ekolo\u0161kim kmetijstvom, ki ohranja starodavna ravnovesja v naravi in omogo\u010da, da se v pridelku zrcali poseben zapis zlatega sonca in \u010duje\u010de nege.<\/p>\n<p>In vse to pu\u0161\u010da pe\u010dat tudi v izdelkih, ki prepri\u010dajo s pristnim in nezamenljivim okusom. Ta je v primeru na\u0161ega \u017eganja Basic Dreams ravno prav nevtralen in nevsiljiv, da slu\u017ei kot odli\u010dna osnova za vsa druga \u017eganja iz na\u0161e ponudbe, ki smo jim dodali razli\u010dne, za Trnuljo tipi\u010dne dodatke. Seveda pa vam Basic Dreams lahko slu\u017ei tudi kot osnova za lastno ustvarjanje \u017eganih pija\u010d: dodate mu lahko sadje oz. zeli\u0161\u010da po svojem okusu in \u017eeljah.<\/p>\n<h2><\/h2>\n<h2><strong>Zakaj je eko koruzno \u017eganje Basic Dreams pripravljeno s posebno vodo<\/strong><\/h2>\n<p>Ker smo \u017eeleli, da je pitje na\u0161ega \u017eganja vrhunska kulinari\u010dna izku\u0161nja, ekolo\u0161ka koruza ni edina visokokakovostna sestavina v njih. Tudi voda, s katero se \u017eganje pripravlja, je nekaj posebnega.<\/p>\n<p>Gre za tako imenovano \u017eivo oz. revitalizirano vodo, ki je energijsko obogatena in pravilno strukturirana. Nastane tako, da se s pomo\u010djo posebnega nastavka na pipi v vodovodni napeljavi ustvarja turbulenca, ki poskrbi za mehkej\u0161o in blago alkalno vodo bolj\u0161ega okusa.<\/p>\n<h2><\/h2>\n<h2><strong>Na Trnulji pri \u017eganjekuhi mislimo na vsako podrobnost<\/strong><\/h2>\n<p>Pri \u017eganjekuhi stavimo na kakovostne sestavine, odli\u010dno vodo in ljubezen do dela, ki ustvari vrhunski izdelek. A vedno \u017eelimo biti tudi trajnostni, zato energijo za destilacijo pridobivamo iz obnovljivih virov \u2013 lesnih sekancev, ki jih pridobimo pri \u010di\u0161\u010denju lastnih povr\u0161in.<\/p>\n","protected":false},"excerpt":{"rendered":"<ul>\n<li><span style=\"font-weight: 400\">eko koruzno \u017eganje lastne pridelave in predelave<\/span><\/li>\n<li><span style=\"font-weight: 400\">iz ekolo\u0161ke koruze, pridelane na lastnih povr\u0161inah na Ljubljanskem barju<\/span><\/li>\n<li>alk. 46 % vol.<\/li>\n<li><span style=\"font-weight: 400\">z \u017eivo oz. revitalizirano vodo<\/span><\/li>\n<li><span style=\"font-weight: 400\">z ekolo\u0161kim certifikatom<\/span><\/li>\n<li><span style=\"font-weight: 400\">nevtralnega okusa in vonja<\/span><\/li>\n<\/ul>\n<p>Minister za zdravje opozarja: Prekomerno pitje alkohola \u0161koduje zdravju!<\/p>\n<p>&nbsp;<\/p>\n","protected":false},"featured_media":1086,"comment_status":"open","ping_status":"closed","template":"","meta":{"_et_pb_use_builder":"","_et_pb_old_content":"","_et_gb_content_width":""},"product_brand":[],"product_cat":[32,27],"product_tag":[],"class_list":{"0":"post-904","1":"product","2":"type-product","3":"status-publish","4":"has-post-thumbnail","6":"product_cat-darilni-program","7":"product_cat-zgane-pijace","9":"first","10":"instock","11":"shipping-taxable","12":"purchasable","13":"product-type-simple"},"yoast_head":"<!-- This site is optimized with the Yoast SEO plugin v26.4 - https:\/\/yoast.com\/wordpress\/plugins\/seo\/ -->\n<title>Basic Dreams: eko koruzno \u017eganje \u2013 Trnulja.com<\/title>\n<meta name=\"description\" content=\"Eko koruzno \u017eganje Basic Dreams s posestva Trnulja: iz ekolo\u0161ke koruze in posebne \u017eive, revitalizirane vode \u2013 za\u010dutite dar narave!\" \/>\n<meta name=\"robots\" content=\"index, follow, max-snippet:-1, max-image-preview:large, max-video-preview:-1\" \/>\n<link rel=\"canonical\" href=\"https:\/\/trnulja.com\/shop\/izdelek\/basic-dreams-250-ml\/\" \/>\n<meta property=\"og:locale\" content=\"sl_SI\" \/>\n<meta property=\"og:type\" content=\"article\" \/>\n<meta property=\"og:title\" content=\"Basic Dreams: eko koruzno \u017eganje \u2013 Trnulja.com\" \/>\n<meta property=\"og:description\" content=\"Eko koruzno \u017eganje Basic Dreams s posestva Trnulja: iz ekolo\u0161ke koruze in posebne \u017eive, revitalizirane vode \u2013 za\u010dutite dar narave!\" \/>\n<meta property=\"og:url\" content=\"https:\/\/trnulja.com\/shop\/izdelek\/basic-dreams-250-ml\/\" \/>\n<meta property=\"og:site_name\" content=\"Trnuljina spletna trgovina\" \/>\n<meta property=\"article:modified_time\" content=\"2025-02-24T13:23:40+00:00\" \/>\n<meta property=\"og:image\" content=\"https:\/\/trnulja.com\/shop\/wp-content\/uploads\/2023\/01\/BASIC-DREAMS-250-ML-1-scaled.jpg\" \/>\n\t<meta property=\"og:image:width\" content=\"2560\" \/>\n\t<meta property=\"og:image:height\" content=\"1707\" \/>\n\t<meta property=\"og:image:type\" content=\"image\/jpeg\" \/>\n<meta name=\"twitter:card\" content=\"summary_large_image\" \/>\n<meta name=\"twitter:label1\" content=\"Est. reading time\" \/>\n\t<meta name=\"twitter:data1\" content=\"2 minuti\" \/>\n<script type=\"application\/ld+json\" class=\"yoast-schema-graph\">{\"@context\":\"https:\/\/schema.org\",\"@graph\":[{\"@type\":\"WebPage\",\"@id\":\"https:\/\/trnulja.com\/shop\/izdelek\/basic-dreams-250-ml\/\",\"url\":\"https:\/\/trnulja.com\/shop\/izdelek\/basic-dreams-250-ml\/\",\"name\":\"Basic Dreams: eko koruzno \u017eganje \u2013 Trnulja.com\",\"isPartOf\":{\"@id\":\"https:\/\/trnulja.com\/shop\/#website\"},\"primaryImageOfPage\":{\"@id\":\"https:\/\/trnulja.com\/shop\/izdelek\/basic-dreams-250-ml\/#primaryimage\"},\"image\":{\"@id\":\"https:\/\/trnulja.com\/shop\/izdelek\/basic-dreams-250-ml\/#primaryimage\"},\"thumbnailUrl\":\"https:\/\/trnulja.com\/shop\/wp-content\/uploads\/2023\/01\/BASIC-DREAMS-250-ML-1-scaled.jpg\",\"datePublished\":\"2023-01-23T09:42:59+00:00\",\"dateModified\":\"2025-02-24T13:23:40+00:00\",\"description\":\"Eko koruzno \u017eganje Basic Dreams s posestva Trnulja: iz ekolo\u0161ke koruze in posebne \u017eive, revitalizirane vode \u2013 za\u010dutite dar narave!\",\"breadcrumb\":{\"@id\":\"https:\/\/trnulja.com\/shop\/izdelek\/basic-dreams-250-ml\/#breadcrumb\"},\"inLanguage\":\"sl-SI\",\"potentialAction\":[{\"@type\":\"ReadAction\",\"target\":[\"https:\/\/trnulja.com\/shop\/izdelek\/basic-dreams-250-ml\/\"]}]},{\"@type\":\"ImageObject\",\"inLanguage\":\"sl-SI\",\"@id\":\"https:\/\/trnulja.com\/shop\/izdelek\/basic-dreams-250-ml\/#primaryimage\",\"url\":\"https:\/\/trnulja.com\/shop\/wp-content\/uploads\/2023\/01\/BASIC-DREAMS-250-ML-1-scaled.jpg\",\"contentUrl\":\"https:\/\/trnulja.com\/shop\/wp-content\/uploads\/2023\/01\/BASIC-DREAMS-250-ML-1-scaled.jpg\",\"width\":2560,\"height\":1707},{\"@type\":\"BreadcrumbList\",\"@id\":\"https:\/\/trnulja.com\/shop\/izdelek\/basic-dreams-250-ml\/#breadcrumb\",\"itemListElement\":[{\"@type\":\"ListItem\",\"position\":1,\"name\":\"Home\",\"item\":\"https:\/\/trnulja.com\/shop\/\"},{\"@type\":\"ListItem\",\"position\":2,\"name\":\"Trgovina\",\"item\":\"https:\/\/trnulja.com\/shop\/?page_id=6\"},{\"@type\":\"ListItem\",\"position\":3,\"name\":\"BASIC DREAMS, 250 ml\"}]},{\"@type\":\"WebSite\",\"@id\":\"https:\/\/trnulja.com\/shop\/#website\",\"url\":\"https:\/\/trnulja.com\/shop\/\",\"name\":\"Trnuljina spletna trgovina\",\"description\":\"\u0160e eno spleti\u0161\u010de WordPress\",\"potentialAction\":[{\"@type\":\"SearchAction\",\"target\":{\"@type\":\"EntryPoint\",\"urlTemplate\":\"https:\/\/trnulja.com\/shop\/?s={search_term_string}\"},\"query-input\":{\"@type\":\"PropertyValueSpecification\",\"valueRequired\":true,\"valueName\":\"search_term_string\"}}],\"inLanguage\":\"sl-SI\"}]}<\/script>\n<!-- \/ Yoast SEO plugin. -->","yoast_head_json":{"title":"Basic Dreams: eko koruzno \u017eganje \u2013 Trnulja.com","description":"Eko koruzno \u017eganje Basic Dreams s posestva Trnulja: iz ekolo\u0161ke koruze in posebne \u017eive, revitalizirane vode \u2013 za\u010dutite dar narave!","robots":{"index":"index","follow":"follow","max-snippet":"max-snippet:-1","max-image-preview":"max-image-preview:large","max-video-preview":"max-video-preview:-1"},"canonical":"https:\/\/trnulja.com\/shop\/izdelek\/basic-dreams-250-ml\/","og_locale":"sl_SI","og_type":"article","og_title":"Basic Dreams: eko koruzno \u017eganje \u2013 Trnulja.com","og_description":"Eko koruzno \u017eganje Basic Dreams s posestva Trnulja: iz ekolo\u0161ke koruze in posebne \u017eive, revitalizirane vode \u2013 za\u010dutite dar narave!","og_url":"https:\/\/trnulja.com\/shop\/izdelek\/basic-dreams-250-ml\/","og_site_name":"Trnuljina spletna trgovina","article_modified_time":"2025-02-24T13:23:40+00:00","og_image":[{"width":2560,"height":1707,"url":"https:\/\/trnulja.com\/shop\/wp-content\/uploads\/2023\/01\/BASIC-DREAMS-250-ML-1-scaled.jpg","type":"image\/jpeg"}],"twitter_card":"summary_large_image","twitter_misc":{"Est. reading time":"2 minuti"},"schema":{"@context":"https:\/\/schema.org","@graph":[{"@type":"WebPage","@id":"https:\/\/trnulja.com\/shop\/izdelek\/basic-dreams-250-ml\/","url":"https:\/\/trnulja.com\/shop\/izdelek\/basic-dreams-250-ml\/","name":"Basic Dreams: eko koruzno \u017eganje \u2013 Trnulja.com","isPartOf":{"@id":"https:\/\/trnulja.com\/shop\/#website"},"primaryImageOfPage":{"@id":"https:\/\/trnulja.com\/shop\/izdelek\/basic-dreams-250-ml\/#primaryimage"},"image":{"@id":"https:\/\/trnulja.com\/shop\/izdelek\/basic-dreams-250-ml\/#primaryimage"},"thumbnailUrl":"https:\/\/trnulja.com\/shop\/wp-content\/uploads\/2023\/01\/BASIC-DREAMS-250-ML-1-scaled.jpg","datePublished":"2023-01-23T09:42:59+00:00","dateModified":"2025-02-24T13:23:40+00:00","description":"Eko koruzno \u017eganje Basic Dreams s posestva Trnulja: iz ekolo\u0161ke koruze in posebne \u017eive, revitalizirane vode \u2013 za\u010dutite dar narave!","breadcrumb":{"@id":"https:\/\/trnulja.com\/shop\/izdelek\/basic-dreams-250-ml\/#breadcrumb"},"inLanguage":"sl-SI","potentialAction":[{"@type":"ReadAction","target":["https:\/\/trnulja.com\/shop\/izdelek\/basic-dreams-250-ml\/"]}]},{"@type":"ImageObject","inLanguage":"sl-SI","@id":"https:\/\/trnulja.com\/shop\/izdelek\/basic-dreams-250-ml\/#primaryimage","url":"https:\/\/trnulja.com\/shop\/wp-content\/uploads\/2023\/01\/BASIC-DREAMS-250-ML-1-scaled.jpg","contentUrl":"https:\/\/trnulja.com\/shop\/wp-content\/uploads\/2023\/01\/BASIC-DREAMS-250-ML-1-scaled.jpg","width":2560,"height":1707},{"@type":"BreadcrumbList","@id":"https:\/\/trnulja.com\/shop\/izdelek\/basic-dreams-250-ml\/#breadcrumb","itemListElement":[{"@type":"ListItem","position":1,"name":"Home","item":"https:\/\/trnulja.com\/shop\/"},{"@type":"ListItem","position":2,"name":"Trgovina","item":"https:\/\/trnulja.com\/shop\/?page_id=6"},{"@type":"ListItem","position":3,"name":"BASIC DREAMS, 250 ml"}]},{"@type":"WebSite","@id":"https:\/\/trnulja.com\/shop\/#website","url":"https:\/\/trnulja.com\/shop\/","name":"Trnuljina spletna trgovina","description":"\u0160e eno spleti\u0161\u010de WordPress","potentialAction":[{"@type":"SearchAction","target":{"@type":"EntryPoint","urlTemplate":"https:\/\/trnulja.com\/shop\/?s={search_term_string}"},"query-input":{"@type":"PropertyValueSpecification","valueRequired":true,"valueName":"search_term_string"}}],"inLanguage":"sl-SI"}]}},"_links":{"self":[{"href":"https:\/\/trnulja.com\/shop\/wp-json\/wp\/v2\/product\/904","targetHints":{"allow":["GET"]}}],"collection":[{"href":"https:\/\/trnulja.com\/shop\/wp-json\/wp\/v2\/product"}],"about":[{"href":"https:\/\/trnulja.com\/shop\/wp-json\/wp\/v2\/types\/product"}],"replies":[{"embeddable":true,"href":"https:\/\/trnulja.com\/shop\/wp-json\/wp\/v2\/comments?post=904"}],"wp:featuredmedia":[{"embeddable":true,"href":"https:\/\/trnulja.com\/shop\/wp-json\/wp\/v2\/media\/1086"}],"wp:attachment":[{"href":"https:\/\/trnulja.com\/shop\/wp-json\/wp\/v2\/media?parent=904"}],"wp:term":[{"taxonomy":"product_brand","embeddable":true,"href":"https:\/\/trnulja.com\/shop\/wp-json\/wp\/v2\/product_brand?post=904"},{"taxonomy":"product_cat","embeddable":true,"href":"https:\/\/trnulja.com\/shop\/wp-json\/wp\/v2\/product_cat?post=904"},{"taxonomy":"product_tag","embeddable":true,"href":"https:\/\/trnulja.com\/shop\/wp-json\/wp\/v2\/product_tag?post=904"}],"curies":[{"name":"wp","href":"https:\/\/api.w.org\/{rel}","templated":true}]}}