{"id":910,"date":"2023-01-23T11:11:15","date_gmt":"2023-01-23T10:11:15","guid":{"rendered":"https:\/\/trnulja.com\/shop\/?post_type=product&#038;p=910"},"modified":"2025-09-24T14:20:35","modified_gmt":"2025-09-24T13:20:35","slug":"darilni-bon-razkosni-paket","status":"publish","type":"product","link":"https:\/\/trnulja.com\/shop\/izdelek\/darilni-bon-razkosni-paket\/","title":{"rendered":"Darilni bon SPROSTITVENI PAKET"},"content":{"rendered":"<p>\u201d V Trnuljini savni \u017ee prasketa ogenj, ker se segreva na drva. Mi vam zakurimo, vi pa vzdr\u017eujete ogenj in toploto po va\u0161i \u017eelji. Ker je na\u0161a savna odprta samo za vaju. Celo leto. \u201c<\/p>\n<p>SPROSTITVENI PAKET<\/p>\n<p>&#8211; dobrodo\u0161lica<br \/>\n&#8211; ekskluzivna uporaba savne 3 ure<br \/>\n&#8211; zeli\u0161\u010dna kopel<br \/>\n&#8211; refleksna masa\u017ea stopal 2&#215;20 minut<br \/>\n&#8211; 2x kopalni pla\u0161\u010d<br \/>\n&#8211; 2x natika\u010di<br \/>\n&#8211; 2x velika brisa\u010da<br \/>\n&#8211; 2x mala brisa\u010da<br \/>\n&#8211; bio \u010daj<br \/>\n&#8211; bio ore\u0161\u010dki<br \/>\n&#8211; bio sadje<br \/>\n&#8211; bio Trnuljina sladica<br \/>\n&#8211; zasebna garderoba s prostorom za preobla\u010denje in toaleto<br \/>\n&#8211; darilce iz Trnuljine zakladnice bio proizvodov<\/p>\n<p>Darilni bon velja za dve osebi za individualno uporabo savne in wellnessa za 3 ure. Darilni bon po\u0161iljamo v e-obliki po elektronski po\u0161ti.<\/p>\n<p><strong><a href=\"https:\/\/trnulja.com\/wellness#paketi\">Ve\u010d informacij &gt;<\/a><\/strong><\/p>\n","protected":false},"excerpt":{"rendered":"<p>\u201d V Trnuljini savni \u017ee prasketa ogenj, ker se segreva na drva. Mi vam zakurimo, vi pa vzdr\u017eujete ogenj in toploto po va\u0161i \u017eelji. Ker je na\u0161a savna odprta samo za vaju. Celo leto. \u201c SPROSTITVENI PAKET &#8211; dobrodo\u0161lica &#8211; ekskluzivna uporaba savne 3 ure &#8211; zeli\u0161\u010dna kopel &#8211; refleksna masa\u017ea stopal 2&#215;20 minut &#8211; [&hellip;]<\/p>\n","protected":false},"featured_media":1002,"comment_status":"open","ping_status":"closed","template":"","meta":{"_et_pb_use_builder":"","_et_pb_old_content":"","_et_gb_content_width":""},"product_brand":[],"product_cat":[28,32],"product_tag":[],"class_list":{"0":"post-910","1":"product","2":"type-product","3":"status-publish","4":"has-post-thumbnail","6":"product_cat-darilni-boni","7":"product_cat-darilni-program","9":"first","10":"instock","11":"shipping-taxable","12":"purchasable","13":"product-type-simple"},"yoast_head":"<!-- This site is optimized with the Yoast SEO plugin v26.4 - https:\/\/yoast.com\/wordpress\/plugins\/seo\/ -->\n<title>Darilni bon SPROSTITVENI PAKET - Trnuljina spletna trgovina<\/title>\n<meta name=\"robots\" content=\"index, follow, max-snippet:-1, max-image-preview:large, max-video-preview:-1\" \/>\n<link rel=\"canonical\" href=\"https:\/\/trnulja.com\/shop\/izdelek\/darilni-bon-razkosni-paket\/\" \/>\n<meta property=\"og:locale\" content=\"sl_SI\" \/>\n<meta property=\"og:type\" content=\"article\" \/>\n<meta property=\"og:title\" content=\"Darilni bon SPROSTITVENI PAKET - Trnuljina spletna trgovina\" \/>\n<meta property=\"og:description\" content=\"\u201d V Trnuljini savni \u017ee prasketa ogenj, ker se segreva na drva. Mi vam zakurimo, vi pa vzdr\u017eujete ogenj in toploto po va\u0161i \u017eelji. Ker je na\u0161a savna odprta samo za vaju. Celo leto. \u201c SPROSTITVENI PAKET &#8211; dobrodo\u0161lica &#8211; ekskluzivna uporaba savne 3 ure &#8211; zeli\u0161\u010dna kopel &#8211; refleksna masa\u017ea stopal 2&#215;20 minut &#8211; [&hellip;]\" \/>\n<meta property=\"og:url\" content=\"https:\/\/trnulja.com\/shop\/izdelek\/darilni-bon-razkosni-paket\/\" \/>\n<meta property=\"og:site_name\" content=\"Trnuljina spletna trgovina\" \/>\n<meta property=\"article:modified_time\" content=\"2025-09-24T13:20:35+00:00\" \/>\n<meta property=\"og:image\" content=\"https:\/\/trnulja.com\/shop\/wp-content\/uploads\/2023\/01\/sprostitveni-paket.jpg\" \/>\n\t<meta property=\"og:image:width\" content=\"1000\" \/>\n\t<meta property=\"og:image:height\" content=\"1000\" \/>\n\t<meta property=\"og:image:type\" content=\"image\/jpeg\" \/>\n<meta name=\"twitter:card\" content=\"summary_large_image\" \/>\n<meta name=\"twitter:label1\" content=\"Est. reading time\" \/>\n\t<meta name=\"twitter:data1\" content=\"1 minuta\" \/>\n<script type=\"application\/ld+json\" class=\"yoast-schema-graph\">{\"@context\":\"https:\/\/schema.org\",\"@graph\":[{\"@type\":\"WebPage\",\"@id\":\"https:\/\/trnulja.com\/shop\/izdelek\/darilni-bon-razkosni-paket\/\",\"url\":\"https:\/\/trnulja.com\/shop\/izdelek\/darilni-bon-razkosni-paket\/\",\"name\":\"Darilni bon SPROSTITVENI PAKET - Trnuljina spletna trgovina\",\"isPartOf\":{\"@id\":\"https:\/\/trnulja.com\/shop\/#website\"},\"primaryImageOfPage\":{\"@id\":\"https:\/\/trnulja.com\/shop\/izdelek\/darilni-bon-razkosni-paket\/#primaryimage\"},\"image\":{\"@id\":\"https:\/\/trnulja.com\/shop\/izdelek\/darilni-bon-razkosni-paket\/#primaryimage\"},\"thumbnailUrl\":\"https:\/\/trnulja.com\/shop\/wp-content\/uploads\/2023\/01\/sprostitveni-paket.jpg\",\"datePublished\":\"2023-01-23T10:11:15+00:00\",\"dateModified\":\"2025-09-24T13:20:35+00:00\",\"breadcrumb\":{\"@id\":\"https:\/\/trnulja.com\/shop\/izdelek\/darilni-bon-razkosni-paket\/#breadcrumb\"},\"inLanguage\":\"sl-SI\",\"potentialAction\":[{\"@type\":\"ReadAction\",\"target\":[\"https:\/\/trnulja.com\/shop\/izdelek\/darilni-bon-razkosni-paket\/\"]}]},{\"@type\":\"ImageObject\",\"inLanguage\":\"sl-SI\",\"@id\":\"https:\/\/trnulja.com\/shop\/izdelek\/darilni-bon-razkosni-paket\/#primaryimage\",\"url\":\"https:\/\/trnulja.com\/shop\/wp-content\/uploads\/2023\/01\/sprostitveni-paket.jpg\",\"contentUrl\":\"https:\/\/trnulja.com\/shop\/wp-content\/uploads\/2023\/01\/sprostitveni-paket.jpg\",\"width\":1000,\"height\":1000},{\"@type\":\"BreadcrumbList\",\"@id\":\"https:\/\/trnulja.com\/shop\/izdelek\/darilni-bon-razkosni-paket\/#breadcrumb\",\"itemListElement\":[{\"@type\":\"ListItem\",\"position\":1,\"name\":\"Home\",\"item\":\"https:\/\/trnulja.com\/shop\/\"},{\"@type\":\"ListItem\",\"position\":2,\"name\":\"Trgovina\",\"item\":\"https:\/\/trnulja.com\/shop\/?page_id=6\"},{\"@type\":\"ListItem\",\"position\":3,\"name\":\"Darilni bon SPROSTITVENI PAKET\"}]},{\"@type\":\"WebSite\",\"@id\":\"https:\/\/trnulja.com\/shop\/#website\",\"url\":\"https:\/\/trnulja.com\/shop\/\",\"name\":\"Trnuljina spletna trgovina\",\"description\":\"\u0160e eno spleti\u0161\u010de WordPress\",\"potentialAction\":[{\"@type\":\"SearchAction\",\"target\":{\"@type\":\"EntryPoint\",\"urlTemplate\":\"https:\/\/trnulja.com\/shop\/?s={search_term_string}\"},\"query-input\":{\"@type\":\"PropertyValueSpecification\",\"valueRequired\":true,\"valueName\":\"search_term_string\"}}],\"inLanguage\":\"sl-SI\"}]}<\/script>\n<!-- \/ Yoast SEO plugin. -->","yoast_head_json":{"title":"Darilni bon SPROSTITVENI PAKET - Trnuljina spletna trgovina","robots":{"index":"index","follow":"follow","max-snippet":"max-snippet:-1","max-image-preview":"max-image-preview:large","max-video-preview":"max-video-preview:-1"},"canonical":"https:\/\/trnulja.com\/shop\/izdelek\/darilni-bon-razkosni-paket\/","og_locale":"sl_SI","og_type":"article","og_title":"Darilni bon SPROSTITVENI PAKET - Trnuljina spletna trgovina","og_description":"\u201d V Trnuljini savni \u017ee prasketa ogenj, ker se segreva na drva. Mi vam zakurimo, vi pa vzdr\u017eujete ogenj in toploto po va\u0161i \u017eelji. Ker je na\u0161a savna odprta samo za vaju. Celo leto. \u201c SPROSTITVENI PAKET &#8211; dobrodo\u0161lica &#8211; ekskluzivna uporaba savne 3 ure &#8211; zeli\u0161\u010dna kopel &#8211; refleksna masa\u017ea stopal 2&#215;20 minut &#8211; [&hellip;]","og_url":"https:\/\/trnulja.com\/shop\/izdelek\/darilni-bon-razkosni-paket\/","og_site_name":"Trnuljina spletna trgovina","article_modified_time":"2025-09-24T13:20:35+00:00","og_image":[{"width":1000,"height":1000,"url":"https:\/\/trnulja.com\/shop\/wp-content\/uploads\/2023\/01\/sprostitveni-paket.jpg","type":"image\/jpeg"}],"twitter_card":"summary_large_image","twitter_misc":{"Est. reading time":"1 minuta"},"schema":{"@context":"https:\/\/schema.org","@graph":[{"@type":"WebPage","@id":"https:\/\/trnulja.com\/shop\/izdelek\/darilni-bon-razkosni-paket\/","url":"https:\/\/trnulja.com\/shop\/izdelek\/darilni-bon-razkosni-paket\/","name":"Darilni bon SPROSTITVENI PAKET - Trnuljina spletna trgovina","isPartOf":{"@id":"https:\/\/trnulja.com\/shop\/#website"},"primaryImageOfPage":{"@id":"https:\/\/trnulja.com\/shop\/izdelek\/darilni-bon-razkosni-paket\/#primaryimage"},"image":{"@id":"https:\/\/trnulja.com\/shop\/izdelek\/darilni-bon-razkosni-paket\/#primaryimage"},"thumbnailUrl":"https:\/\/trnulja.com\/shop\/wp-content\/uploads\/2023\/01\/sprostitveni-paket.jpg","datePublished":"2023-01-23T10:11:15+00:00","dateModified":"2025-09-24T13:20:35+00:00","breadcrumb":{"@id":"https:\/\/trnulja.com\/shop\/izdelek\/darilni-bon-razkosni-paket\/#breadcrumb"},"inLanguage":"sl-SI","potentialAction":[{"@type":"ReadAction","target":["https:\/\/trnulja.com\/shop\/izdelek\/darilni-bon-razkosni-paket\/"]}]},{"@type":"ImageObject","inLanguage":"sl-SI","@id":"https:\/\/trnulja.com\/shop\/izdelek\/darilni-bon-razkosni-paket\/#primaryimage","url":"https:\/\/trnulja.com\/shop\/wp-content\/uploads\/2023\/01\/sprostitveni-paket.jpg","contentUrl":"https:\/\/trnulja.com\/shop\/wp-content\/uploads\/2023\/01\/sprostitveni-paket.jpg","width":1000,"height":1000},{"@type":"BreadcrumbList","@id":"https:\/\/trnulja.com\/shop\/izdelek\/darilni-bon-razkosni-paket\/#breadcrumb","itemListElement":[{"@type":"ListItem","position":1,"name":"Home","item":"https:\/\/trnulja.com\/shop\/"},{"@type":"ListItem","position":2,"name":"Trgovina","item":"https:\/\/trnulja.com\/shop\/?page_id=6"},{"@type":"ListItem","position":3,"name":"Darilni bon SPROSTITVENI PAKET"}]},{"@type":"WebSite","@id":"https:\/\/trnulja.com\/shop\/#website","url":"https:\/\/trnulja.com\/shop\/","name":"Trnuljina spletna trgovina","description":"\u0160e eno spleti\u0161\u010de WordPress","potentialAction":[{"@type":"SearchAction","target":{"@type":"EntryPoint","urlTemplate":"https:\/\/trnulja.com\/shop\/?s={search_term_string}"},"query-input":{"@type":"PropertyValueSpecification","valueRequired":true,"valueName":"search_term_string"}}],"inLanguage":"sl-SI"}]}},"_links":{"self":[{"href":"https:\/\/trnulja.com\/shop\/wp-json\/wp\/v2\/product\/910","targetHints":{"allow":["GET"]}}],"collection":[{"href":"https:\/\/trnulja.com\/shop\/wp-json\/wp\/v2\/product"}],"about":[{"href":"https:\/\/trnulja.com\/shop\/wp-json\/wp\/v2\/types\/product"}],"replies":[{"embeddable":true,"href":"https:\/\/trnulja.com\/shop\/wp-json\/wp\/v2\/comments?post=910"}],"wp:featuredmedia":[{"embeddable":true,"href":"https:\/\/trnulja.com\/shop\/wp-json\/wp\/v2\/media\/1002"}],"wp:attachment":[{"href":"https:\/\/trnulja.com\/shop\/wp-json\/wp\/v2\/media?parent=910"}],"wp:term":[{"taxonomy":"product_brand","embeddable":true,"href":"https:\/\/trnulja.com\/shop\/wp-json\/wp\/v2\/product_brand?post=910"},{"taxonomy":"product_cat","embeddable":true,"href":"https:\/\/trnulja.com\/shop\/wp-json\/wp\/v2\/product_cat?post=910"},{"taxonomy":"product_tag","embeddable":true,"href":"https:\/\/trnulja.com\/shop\/wp-json\/wp\/v2\/product_tag?post=910"}],"curies":[{"name":"wp","href":"https:\/\/api.w.org\/{rel}","templated":true}]}}