{"id":911,"date":"2023-01-23T11:16:29","date_gmt":"2023-01-23T10:16:29","guid":{"rendered":"https:\/\/trnulja.com\/shop\/?post_type=product&#038;p=911"},"modified":"2025-09-24T14:17:44","modified_gmt":"2025-09-24T13:17:44","slug":"darilni-bon-razkosni-paket-2","status":"publish","type":"product","link":"https:\/\/trnulja.com\/shop\/izdelek\/darilni-bon-razkosni-paket-2\/","title":{"rendered":"Darilni bon RAZKO\u0160NI PAKET"},"content":{"rendered":"<p>\u201d V Trnuljini savni \u017ee prasketa ogenj, ker se segreva na drva. Mi vam zakurimo, vi pa vzdr\u017eujete ogenj in toploto po va\u0161i \u017eelji. Ker je na\u0161a savna odprta samo za vaju. Celo leto. \u201c<\/p>\n<p>RAZKO\u0160NI PAKET<br \/>\n\u010ce imate na razpolago cel ve\u010der in \u0161e nekaj jutranjih uric, bo za vas razko\u0161ni paket ravno prav\u0161nji.<br \/>\nPo manj\u0161em prigrizku in degustaciji Trnuljinih \u017eganj se boste v kopalnem pla\u0161\u010du iz konopljinih vlaken odpravili v savno, \u010daka pa vas \u0161e zeli\u0161\u010dna kopel in refleksna masa\u017ea stopal.<br \/>\nOb povratku v apartma vas bo pri\u010dakala dobro ohlajena steklenica penine iz ene najbolj\u0161ih ekolo\u0161kih kleti v Sloveniji in posebna Trnuljina ekolo\u0161ka sladica, ki bo zaokro\u017eila ve\u010der.<br \/>\nPo spro\u0161\u010dujo\u010dem spancu na konopljinih vzmetnicah in v konopljini posteljnini boste u\u017eivali v bio zajtrku in polni energije za\u010deli nov dan.<\/p>\n<p>&#8211; dobrodo\u0161lica<br \/>\n&#8211; bio prigrizek<br \/>\n&#8211; ekskluzivna uporaba savne 3 ure<br \/>\n&#8211; zeli\u0161\u010dna kopel<br \/>\n&#8211; refleksna masa\u017ea stopal 2&#215;30 minut<br \/>\n&#8211; 2x konopljin kopalni pla\u0161\u010di<br \/>\n&#8211; 2x natika\u010di<br \/>\n&#8211; 2x velika konopljina brisa\u010da<br \/>\n&#8211; 2x mala konopljina brisa\u010da<br \/>\n&#8211; bio \u010daj<br \/>\n&#8211; bio ore\u0161\u010dki<br \/>\n&#8211; bio sadje<br \/>\n&#8211; bio Trnuljina sladica<br \/>\n&#8211; bio penina<br \/>\n&#8211; darilce iz Trnuljine zakladnice bio proizvodov<br \/>\n&#8211; bio kontinentalni zajtrk v apartmaju<\/p>\n<p>Darilni bon velja za dve osebi za individualno uporabo savne in wellnessa za 3 ure in no\u010ditev v trajnostnem apartmaju z bio kontinentalnim zajtrkom.<\/p>\n<p>V ceno darilnega bona ni v\u0161teta turisti\u010dna taksa, ki se poravna ob prihodu v znesku 3,13 EUR\/osebo\/no\u010d.<\/p>\n<p>Darilni bon po\u0161iljamo v e-obliki po elektronski po\u0161ti.<\/p>\n<p><strong><a href=\"https:\/\/trnulja.com\/wellness#paketi\">Ve\u010d informacij &gt;<\/a><\/strong><\/p>\n","protected":false},"excerpt":{"rendered":"<p>\u201d V Trnuljini savni \u017ee prasketa ogenj, ker se segreva na drva. Mi vam zakurimo, vi pa vzdr\u017eujete ogenj in toploto po va\u0161i \u017eelji. Ker je na\u0161a savna odprta samo za vaju. Celo leto. \u201c RAZKO\u0160NI PAKET \u010ce imate na razpolago cel ve\u010der in \u0161e nekaj jutranjih uric, bo za vas razko\u0161ni paket ravno prav\u0161nji. [&hellip;]<\/p>\n","protected":false},"featured_media":1001,"comment_status":"open","ping_status":"closed","template":"","meta":{"_et_pb_use_builder":"","_et_pb_old_content":"","_et_gb_content_width":""},"product_brand":[],"product_cat":[28,32],"product_tag":[],"class_list":{"0":"post-911","1":"product","2":"type-product","3":"status-publish","4":"has-post-thumbnail","6":"product_cat-darilni-boni","7":"product_cat-darilni-program","9":"first","10":"instock","11":"shipping-taxable","12":"purchasable","13":"product-type-simple"},"yoast_head":"<!-- This site is optimized with the Yoast SEO plugin v26.4 - https:\/\/yoast.com\/wordpress\/plugins\/seo\/ -->\n<title>Darilni bon RAZKO\u0160NI PAKET - Trnuljina spletna trgovina<\/title>\n<meta name=\"robots\" content=\"index, follow, max-snippet:-1, max-image-preview:large, max-video-preview:-1\" \/>\n<link rel=\"canonical\" href=\"https:\/\/trnulja.com\/shop\/izdelek\/darilni-bon-razkosni-paket-2\/\" \/>\n<meta property=\"og:locale\" content=\"sl_SI\" \/>\n<meta property=\"og:type\" content=\"article\" \/>\n<meta property=\"og:title\" content=\"Darilni bon RAZKO\u0160NI PAKET - Trnuljina spletna trgovina\" \/>\n<meta property=\"og:description\" content=\"\u201d V Trnuljini savni \u017ee prasketa ogenj, ker se segreva na drva. Mi vam zakurimo, vi pa vzdr\u017eujete ogenj in toploto po va\u0161i \u017eelji. Ker je na\u0161a savna odprta samo za vaju. Celo leto. \u201c RAZKO\u0160NI PAKET \u010ce imate na razpolago cel ve\u010der in \u0161e nekaj jutranjih uric, bo za vas razko\u0161ni paket ravno prav\u0161nji. [&hellip;]\" \/>\n<meta property=\"og:url\" content=\"https:\/\/trnulja.com\/shop\/izdelek\/darilni-bon-razkosni-paket-2\/\" \/>\n<meta property=\"og:site_name\" content=\"Trnuljina spletna trgovina\" \/>\n<meta property=\"article:modified_time\" content=\"2025-09-24T13:17:44+00:00\" \/>\n<meta property=\"og:image\" content=\"https:\/\/trnulja.com\/shop\/wp-content\/uploads\/2023\/01\/razkosni-paket.jpg\" \/>\n\t<meta property=\"og:image:width\" content=\"1000\" \/>\n\t<meta property=\"og:image:height\" content=\"1000\" \/>\n\t<meta property=\"og:image:type\" content=\"image\/jpeg\" \/>\n<meta name=\"twitter:card\" content=\"summary_large_image\" \/>\n<meta name=\"twitter:label1\" content=\"Est. reading time\" \/>\n\t<meta name=\"twitter:data1\" content=\"2 minuti\" \/>\n<script type=\"application\/ld+json\" class=\"yoast-schema-graph\">{\"@context\":\"https:\/\/schema.org\",\"@graph\":[{\"@type\":\"WebPage\",\"@id\":\"https:\/\/trnulja.com\/shop\/izdelek\/darilni-bon-razkosni-paket-2\/\",\"url\":\"https:\/\/trnulja.com\/shop\/izdelek\/darilni-bon-razkosni-paket-2\/\",\"name\":\"Darilni bon RAZKO\u0160NI PAKET - Trnuljina spletna trgovina\",\"isPartOf\":{\"@id\":\"https:\/\/trnulja.com\/shop\/#website\"},\"primaryImageOfPage\":{\"@id\":\"https:\/\/trnulja.com\/shop\/izdelek\/darilni-bon-razkosni-paket-2\/#primaryimage\"},\"image\":{\"@id\":\"https:\/\/trnulja.com\/shop\/izdelek\/darilni-bon-razkosni-paket-2\/#primaryimage\"},\"thumbnailUrl\":\"https:\/\/trnulja.com\/shop\/wp-content\/uploads\/2023\/01\/razkosni-paket.jpg\",\"datePublished\":\"2023-01-23T10:16:29+00:00\",\"dateModified\":\"2025-09-24T13:17:44+00:00\",\"breadcrumb\":{\"@id\":\"https:\/\/trnulja.com\/shop\/izdelek\/darilni-bon-razkosni-paket-2\/#breadcrumb\"},\"inLanguage\":\"sl-SI\",\"potentialAction\":[{\"@type\":\"ReadAction\",\"target\":[\"https:\/\/trnulja.com\/shop\/izdelek\/darilni-bon-razkosni-paket-2\/\"]}]},{\"@type\":\"ImageObject\",\"inLanguage\":\"sl-SI\",\"@id\":\"https:\/\/trnulja.com\/shop\/izdelek\/darilni-bon-razkosni-paket-2\/#primaryimage\",\"url\":\"https:\/\/trnulja.com\/shop\/wp-content\/uploads\/2023\/01\/razkosni-paket.jpg\",\"contentUrl\":\"https:\/\/trnulja.com\/shop\/wp-content\/uploads\/2023\/01\/razkosni-paket.jpg\",\"width\":1000,\"height\":1000},{\"@type\":\"BreadcrumbList\",\"@id\":\"https:\/\/trnulja.com\/shop\/izdelek\/darilni-bon-razkosni-paket-2\/#breadcrumb\",\"itemListElement\":[{\"@type\":\"ListItem\",\"position\":1,\"name\":\"Home\",\"item\":\"https:\/\/trnulja.com\/shop\/\"},{\"@type\":\"ListItem\",\"position\":2,\"name\":\"Trgovina\",\"item\":\"https:\/\/trnulja.com\/shop\/?page_id=6\"},{\"@type\":\"ListItem\",\"position\":3,\"name\":\"Darilni bon RAZKO\u0160NI PAKET\"}]},{\"@type\":\"WebSite\",\"@id\":\"https:\/\/trnulja.com\/shop\/#website\",\"url\":\"https:\/\/trnulja.com\/shop\/\",\"name\":\"Trnuljina spletna trgovina\",\"description\":\"\u0160e eno spleti\u0161\u010de WordPress\",\"potentialAction\":[{\"@type\":\"SearchAction\",\"target\":{\"@type\":\"EntryPoint\",\"urlTemplate\":\"https:\/\/trnulja.com\/shop\/?s={search_term_string}\"},\"query-input\":{\"@type\":\"PropertyValueSpecification\",\"valueRequired\":true,\"valueName\":\"search_term_string\"}}],\"inLanguage\":\"sl-SI\"}]}<\/script>\n<!-- \/ Yoast SEO plugin. -->","yoast_head_json":{"title":"Darilni bon RAZKO\u0160NI PAKET - Trnuljina spletna trgovina","robots":{"index":"index","follow":"follow","max-snippet":"max-snippet:-1","max-image-preview":"max-image-preview:large","max-video-preview":"max-video-preview:-1"},"canonical":"https:\/\/trnulja.com\/shop\/izdelek\/darilni-bon-razkosni-paket-2\/","og_locale":"sl_SI","og_type":"article","og_title":"Darilni bon RAZKO\u0160NI PAKET - Trnuljina spletna trgovina","og_description":"\u201d V Trnuljini savni \u017ee prasketa ogenj, ker se segreva na drva. Mi vam zakurimo, vi pa vzdr\u017eujete ogenj in toploto po va\u0161i \u017eelji. Ker je na\u0161a savna odprta samo za vaju. Celo leto. \u201c RAZKO\u0160NI PAKET \u010ce imate na razpolago cel ve\u010der in \u0161e nekaj jutranjih uric, bo za vas razko\u0161ni paket ravno prav\u0161nji. [&hellip;]","og_url":"https:\/\/trnulja.com\/shop\/izdelek\/darilni-bon-razkosni-paket-2\/","og_site_name":"Trnuljina spletna trgovina","article_modified_time":"2025-09-24T13:17:44+00:00","og_image":[{"width":1000,"height":1000,"url":"https:\/\/trnulja.com\/shop\/wp-content\/uploads\/2023\/01\/razkosni-paket.jpg","type":"image\/jpeg"}],"twitter_card":"summary_large_image","twitter_misc":{"Est. reading time":"2 minuti"},"schema":{"@context":"https:\/\/schema.org","@graph":[{"@type":"WebPage","@id":"https:\/\/trnulja.com\/shop\/izdelek\/darilni-bon-razkosni-paket-2\/","url":"https:\/\/trnulja.com\/shop\/izdelek\/darilni-bon-razkosni-paket-2\/","name":"Darilni bon RAZKO\u0160NI PAKET - Trnuljina spletna trgovina","isPartOf":{"@id":"https:\/\/trnulja.com\/shop\/#website"},"primaryImageOfPage":{"@id":"https:\/\/trnulja.com\/shop\/izdelek\/darilni-bon-razkosni-paket-2\/#primaryimage"},"image":{"@id":"https:\/\/trnulja.com\/shop\/izdelek\/darilni-bon-razkosni-paket-2\/#primaryimage"},"thumbnailUrl":"https:\/\/trnulja.com\/shop\/wp-content\/uploads\/2023\/01\/razkosni-paket.jpg","datePublished":"2023-01-23T10:16:29+00:00","dateModified":"2025-09-24T13:17:44+00:00","breadcrumb":{"@id":"https:\/\/trnulja.com\/shop\/izdelek\/darilni-bon-razkosni-paket-2\/#breadcrumb"},"inLanguage":"sl-SI","potentialAction":[{"@type":"ReadAction","target":["https:\/\/trnulja.com\/shop\/izdelek\/darilni-bon-razkosni-paket-2\/"]}]},{"@type":"ImageObject","inLanguage":"sl-SI","@id":"https:\/\/trnulja.com\/shop\/izdelek\/darilni-bon-razkosni-paket-2\/#primaryimage","url":"https:\/\/trnulja.com\/shop\/wp-content\/uploads\/2023\/01\/razkosni-paket.jpg","contentUrl":"https:\/\/trnulja.com\/shop\/wp-content\/uploads\/2023\/01\/razkosni-paket.jpg","width":1000,"height":1000},{"@type":"BreadcrumbList","@id":"https:\/\/trnulja.com\/shop\/izdelek\/darilni-bon-razkosni-paket-2\/#breadcrumb","itemListElement":[{"@type":"ListItem","position":1,"name":"Home","item":"https:\/\/trnulja.com\/shop\/"},{"@type":"ListItem","position":2,"name":"Trgovina","item":"https:\/\/trnulja.com\/shop\/?page_id=6"},{"@type":"ListItem","position":3,"name":"Darilni bon RAZKO\u0160NI PAKET"}]},{"@type":"WebSite","@id":"https:\/\/trnulja.com\/shop\/#website","url":"https:\/\/trnulja.com\/shop\/","name":"Trnuljina spletna trgovina","description":"\u0160e eno spleti\u0161\u010de WordPress","potentialAction":[{"@type":"SearchAction","target":{"@type":"EntryPoint","urlTemplate":"https:\/\/trnulja.com\/shop\/?s={search_term_string}"},"query-input":{"@type":"PropertyValueSpecification","valueRequired":true,"valueName":"search_term_string"}}],"inLanguage":"sl-SI"}]}},"_links":{"self":[{"href":"https:\/\/trnulja.com\/shop\/wp-json\/wp\/v2\/product\/911","targetHints":{"allow":["GET"]}}],"collection":[{"href":"https:\/\/trnulja.com\/shop\/wp-json\/wp\/v2\/product"}],"about":[{"href":"https:\/\/trnulja.com\/shop\/wp-json\/wp\/v2\/types\/product"}],"replies":[{"embeddable":true,"href":"https:\/\/trnulja.com\/shop\/wp-json\/wp\/v2\/comments?post=911"}],"wp:featuredmedia":[{"embeddable":true,"href":"https:\/\/trnulja.com\/shop\/wp-json\/wp\/v2\/media\/1001"}],"wp:attachment":[{"href":"https:\/\/trnulja.com\/shop\/wp-json\/wp\/v2\/media?parent=911"}],"wp:term":[{"taxonomy":"product_brand","embeddable":true,"href":"https:\/\/trnulja.com\/shop\/wp-json\/wp\/v2\/product_brand?post=911"},{"taxonomy":"product_cat","embeddable":true,"href":"https:\/\/trnulja.com\/shop\/wp-json\/wp\/v2\/product_cat?post=911"},{"taxonomy":"product_tag","embeddable":true,"href":"https:\/\/trnulja.com\/shop\/wp-json\/wp\/v2\/product_tag?post=911"}],"curies":[{"name":"wp","href":"https:\/\/api.w.org\/{rel}","templated":true}]}}