{"id":914,"date":"2023-01-23T11:31:25","date_gmt":"2023-01-23T10:31:25","guid":{"rendered":"https:\/\/trnulja.com\/shop\/?post_type=product&#038;p=914"},"modified":"2023-11-20T19:41:49","modified_gmt":"2023-11-20T18:41:49","slug":"thorn-wood-500-ml","status":"publish","type":"product","link":"https:\/\/trnulja.com\/shop\/izdelek\/thorn-wood-500-ml\/","title":{"rendered":"THORN WOOD, 500 ml"},"content":{"rendered":"<h2><\/h2>\n<h2><strong>Zakaj \u010drni trn, namo\u010den v \u017eganje?<\/strong><\/h2>\n<p>Na\u0161e posestvo Trnulja je mo\u010dno zaznamoval \u010drni trn. Gre za do pet metrov visok grm, ki je zna\u010dilen za Ljubljansko barje ter je doma tudi na na\u0161em posestvu. Pravzaprav ga je pred leti tako mo\u010dno prera\u0161\u010dal, da je slu\u017eil kot navdih za na\u0161e ime. \u010crni trn namre\u010d obrodi borovnici podoben sade\u017e z imenom trnulja, ki je postala za\u0161\u010ditni znak na\u0161ega posestva.<\/p>\n<p>Ko smo na na\u0161em posestvu pripravili <a href=\"https:\/\/trnulja.com\/shop\/izdelek\/basic-dreams-500-ml\/\"><strong>eko koruzno \u017eganje<\/strong><\/a>, se nam je zato takoj porodila zamisel, da bi ga shranjevali v sodu iz \u010drnega trna. A to se \u017eal ni iz\u0161lo, saj je iz njega nemogo\u010de izdelati sod za hrambo in prevzetje arom, kakr\u0161en je na primer sod iz hrasta.<\/p>\n<p>Zato smo naredili oblance iz lesa \u010drnega trna, ki smo ga posekali izklju\u010dno na povr\u0161inah ekolo\u0161kega posestva Trnulja glede na lunin koledar. Namo\u010dili smo ga v eko koruzno \u017eganje in nastal je Thorn Wood \u2013 eko koruzno \u017eganje s \u010drnim trnom.<\/p>\n<h2><\/h2>\n<h2><strong>Kako smo pripravili eko koruzno \u017eganje Thorn Wood?<\/strong><\/h2>\n<p>Osnovno \u017eganje, v katerega je namo\u010den \u010drni trn, je pripravljeno iz ekolo\u0161ke koruze z na\u0161ega posestva, ki je pridelana v skladu s strogimi ekolo\u0161kimi standardi in popolnoma v sozvo\u010dju z naravo.<\/p>\n<p>Tudi voda, ki se uporablja pri \u017eganjekuhi, je nekaj posebnega. Gre za tako imenovano \u017eivo oz. revitalizirano vodo, ki je energijsko obogatena, mehkej\u0161a, blago alkalna in odli\u010dnega okusa.<\/p>\n<p>Ker \u017eelimo biti trajnostni, energijo za destilacijo pridobivamo iz obnovljivih virov. Gre za lesne sekance, ki jih pridobimo pri \u010di\u0161\u010denju lastnih povr\u0161in \u2013 tudi grmov \u010drnega trna.<\/p>\n<h2><\/h2>\n<h2><strong>Kaj je pravzaprav zna\u010dilno za \u010drni trn?<\/strong><\/h2>\n<p><strong><a href=\"https:\/\/trnulja.com\/crni-trn\/\">\u010crni trn<\/a><\/strong> (<em>Prunus spinosa<\/em>), ki bogati na\u0161e eko koruzno \u017eganje Thorn Wood, je razvejan grm, ki lahko zraste tudi do pet metrov visoko. Na koncu stranskih vej se nahajajo ostri trni. Lubje je obarvano \u010drno rjavo, listi pa so nazob\u010dani in ovalne oblike. Ste vedeli, da je po njem dobila ime pravlji\u010dna junakinja Trnulj\u010dica? Njen grad je prera\u0161\u010dalo ravno grmovje \u010drnega trna.<\/p>\n<p>\u010crni trn bujno cveti \u2013 \u010dudoviti beli cvetovi se na grmu pojavijo od marca do maja \u017ee pred olistanjem. Plod \u010drnega trna, ki spominja na borovnice, se imenuje trnulja in dokon\u010dno dozori po prvi slani in zmrzali, ko ni ve\u010d trpek.<\/p>\n<p>\u010crni trn je cenjena rastlina v ljudskem zdravilstvu. Uporabni so predvsem cvetovi, ki naj bi v razli\u010dnih \u010dajnih me\u0161anicah pomagali proti nespe\u010dnosti ali pri kroni\u010dnem zaprtju.<\/p>\n<p><em>Pokusite edinstveno eko koruzno \u017eganje Thorn Wood in za\u010dutite mo\u010d narave!<\/em><\/p>\n","protected":false},"excerpt":{"rendered":"<ul>\n<li><span style=\"font-weight: 400\">eko koruzno \u017eganje z dodanimi oblanci iz lesa \u010drnega trna<\/span><\/li>\n<li><span style=\"font-weight: 400\">eko koruzno \u017eganje lastne pridelave in predelave kot osnova<\/span><\/li>\n<li><span style=\"font-weight: 400\">destilirano iz ekolo\u0161ke koruze, pridelane na lastnih povr\u0161inah na Ljubljanskem barju<\/span><\/li>\n<li>alk. 46 % vol.<\/li>\n<li><span style=\"font-weight: 400\">z \u017eivo oz. revitalizirano vodo<\/span><\/li>\n<li><span style=\"font-weight: 400\">z ekolo\u0161kim certifikatom<\/span><\/li>\n<\/ul>\n<p>Minister za zdravje opozarja: Prekomerno pitje alkohola \u0161koduje zdravju!<\/p>\n<p>&nbsp;<\/p>\n","protected":false},"featured_media":1083,"comment_status":"open","ping_status":"closed","template":"","meta":{"_et_pb_use_builder":"","_et_pb_old_content":"","_et_gb_content_width":""},"product_brand":[],"product_cat":[32,27],"product_tag":[],"class_list":{"0":"post-914","1":"product","2":"type-product","3":"status-publish","4":"has-post-thumbnail","6":"product_cat-darilni-program","7":"product_cat-zgane-pijace","9":"first","10":"instock","11":"shipping-taxable","12":"purchasable","13":"product-type-simple"},"yoast_head":"<!-- This site is optimized with the Yoast SEO plugin v26.4 - https:\/\/yoast.com\/wordpress\/plugins\/seo\/ -->\n<title>Thorn Wood: eko koruzno \u017eganje s \u010drnim trnom \u2013 Trnulja.com<\/title>\n<meta name=\"description\" content=\"Eko koruzno \u017eganje Thorn Wood s \u010drnim trnom s posestva Trnulja: oblanci \u010drnega trna, namo\u010deni v prvovrstno ekolo\u0161ko \u017eganje \u2013 edinstven dar narave!\" \/>\n<meta name=\"robots\" content=\"index, follow, max-snippet:-1, max-image-preview:large, max-video-preview:-1\" \/>\n<link rel=\"canonical\" href=\"https:\/\/trnulja.com\/shop\/izdelek\/thorn-wood-500-ml\/\" \/>\n<meta property=\"og:locale\" content=\"sl_SI\" \/>\n<meta property=\"og:type\" content=\"article\" \/>\n<meta property=\"og:title\" content=\"Thorn Wood: eko koruzno \u017eganje s \u010drnim trnom \u2013 Trnulja.com\" \/>\n<meta property=\"og:description\" content=\"Eko koruzno \u017eganje Thorn Wood s \u010drnim trnom s posestva Trnulja: oblanci \u010drnega trna, namo\u010deni v prvovrstno ekolo\u0161ko \u017eganje \u2013 edinstven dar narave!\" \/>\n<meta property=\"og:url\" content=\"https:\/\/trnulja.com\/shop\/izdelek\/thorn-wood-500-ml\/\" \/>\n<meta property=\"og:site_name\" content=\"Trnuljina spletna trgovina\" \/>\n<meta property=\"article:modified_time\" content=\"2023-11-20T18:41:49+00:00\" \/>\n<meta property=\"og:image\" content=\"https:\/\/trnulja.com\/shop\/wp-content\/uploads\/2023\/01\/THORN-WOOD-500-ML-scaled.jpg\" \/>\n\t<meta property=\"og:image:width\" content=\"2560\" \/>\n\t<meta property=\"og:image:height\" content=\"1707\" \/>\n\t<meta property=\"og:image:type\" content=\"image\/jpeg\" \/>\n<meta name=\"twitter:card\" content=\"summary_large_image\" \/>\n<meta name=\"twitter:label1\" content=\"Est. reading time\" \/>\n\t<meta name=\"twitter:data1\" content=\"3 minute\" \/>\n<script type=\"application\/ld+json\" class=\"yoast-schema-graph\">{\"@context\":\"https:\/\/schema.org\",\"@graph\":[{\"@type\":\"WebPage\",\"@id\":\"https:\/\/trnulja.com\/shop\/izdelek\/thorn-wood-500-ml\/\",\"url\":\"https:\/\/trnulja.com\/shop\/izdelek\/thorn-wood-500-ml\/\",\"name\":\"Thorn Wood: eko koruzno \u017eganje s \u010drnim trnom \u2013 Trnulja.com\",\"isPartOf\":{\"@id\":\"https:\/\/trnulja.com\/shop\/#website\"},\"primaryImageOfPage\":{\"@id\":\"https:\/\/trnulja.com\/shop\/izdelek\/thorn-wood-500-ml\/#primaryimage\"},\"image\":{\"@id\":\"https:\/\/trnulja.com\/shop\/izdelek\/thorn-wood-500-ml\/#primaryimage\"},\"thumbnailUrl\":\"https:\/\/trnulja.com\/shop\/wp-content\/uploads\/2023\/01\/THORN-WOOD-500-ML-scaled.jpg\",\"datePublished\":\"2023-01-23T10:31:25+00:00\",\"dateModified\":\"2023-11-20T18:41:49+00:00\",\"description\":\"Eko koruzno \u017eganje Thorn Wood s \u010drnim trnom s posestva Trnulja: oblanci \u010drnega trna, namo\u010deni v prvovrstno ekolo\u0161ko \u017eganje \u2013 edinstven dar narave!\",\"breadcrumb\":{\"@id\":\"https:\/\/trnulja.com\/shop\/izdelek\/thorn-wood-500-ml\/#breadcrumb\"},\"inLanguage\":\"sl-SI\",\"potentialAction\":[{\"@type\":\"ReadAction\",\"target\":[\"https:\/\/trnulja.com\/shop\/izdelek\/thorn-wood-500-ml\/\"]}]},{\"@type\":\"ImageObject\",\"inLanguage\":\"sl-SI\",\"@id\":\"https:\/\/trnulja.com\/shop\/izdelek\/thorn-wood-500-ml\/#primaryimage\",\"url\":\"https:\/\/trnulja.com\/shop\/wp-content\/uploads\/2023\/01\/THORN-WOOD-500-ML-scaled.jpg\",\"contentUrl\":\"https:\/\/trnulja.com\/shop\/wp-content\/uploads\/2023\/01\/THORN-WOOD-500-ML-scaled.jpg\",\"width\":2560,\"height\":1707},{\"@type\":\"BreadcrumbList\",\"@id\":\"https:\/\/trnulja.com\/shop\/izdelek\/thorn-wood-500-ml\/#breadcrumb\",\"itemListElement\":[{\"@type\":\"ListItem\",\"position\":1,\"name\":\"Home\",\"item\":\"https:\/\/trnulja.com\/shop\/\"},{\"@type\":\"ListItem\",\"position\":2,\"name\":\"Trgovina\",\"item\":\"https:\/\/trnulja.com\/shop\/?page_id=6\"},{\"@type\":\"ListItem\",\"position\":3,\"name\":\"THORN WOOD, 500 ml\"}]},{\"@type\":\"WebSite\",\"@id\":\"https:\/\/trnulja.com\/shop\/#website\",\"url\":\"https:\/\/trnulja.com\/shop\/\",\"name\":\"Trnuljina spletna trgovina\",\"description\":\"\u0160e eno spleti\u0161\u010de WordPress\",\"potentialAction\":[{\"@type\":\"SearchAction\",\"target\":{\"@type\":\"EntryPoint\",\"urlTemplate\":\"https:\/\/trnulja.com\/shop\/?s={search_term_string}\"},\"query-input\":{\"@type\":\"PropertyValueSpecification\",\"valueRequired\":true,\"valueName\":\"search_term_string\"}}],\"inLanguage\":\"sl-SI\"}]}<\/script>\n<!-- \/ Yoast SEO plugin. -->","yoast_head_json":{"title":"Thorn Wood: eko koruzno \u017eganje s \u010drnim trnom \u2013 Trnulja.com","description":"Eko koruzno \u017eganje Thorn Wood s \u010drnim trnom s posestva Trnulja: oblanci \u010drnega trna, namo\u010deni v prvovrstno ekolo\u0161ko \u017eganje \u2013 edinstven dar narave!","robots":{"index":"index","follow":"follow","max-snippet":"max-snippet:-1","max-image-preview":"max-image-preview:large","max-video-preview":"max-video-preview:-1"},"canonical":"https:\/\/trnulja.com\/shop\/izdelek\/thorn-wood-500-ml\/","og_locale":"sl_SI","og_type":"article","og_title":"Thorn Wood: eko koruzno \u017eganje s \u010drnim trnom \u2013 Trnulja.com","og_description":"Eko koruzno \u017eganje Thorn Wood s \u010drnim trnom s posestva Trnulja: oblanci \u010drnega trna, namo\u010deni v prvovrstno ekolo\u0161ko \u017eganje \u2013 edinstven dar narave!","og_url":"https:\/\/trnulja.com\/shop\/izdelek\/thorn-wood-500-ml\/","og_site_name":"Trnuljina spletna trgovina","article_modified_time":"2023-11-20T18:41:49+00:00","og_image":[{"width":2560,"height":1707,"url":"https:\/\/trnulja.com\/shop\/wp-content\/uploads\/2023\/01\/THORN-WOOD-500-ML-scaled.jpg","type":"image\/jpeg"}],"twitter_card":"summary_large_image","twitter_misc":{"Est. reading time":"3 minute"},"schema":{"@context":"https:\/\/schema.org","@graph":[{"@type":"WebPage","@id":"https:\/\/trnulja.com\/shop\/izdelek\/thorn-wood-500-ml\/","url":"https:\/\/trnulja.com\/shop\/izdelek\/thorn-wood-500-ml\/","name":"Thorn Wood: eko koruzno \u017eganje s \u010drnim trnom \u2013 Trnulja.com","isPartOf":{"@id":"https:\/\/trnulja.com\/shop\/#website"},"primaryImageOfPage":{"@id":"https:\/\/trnulja.com\/shop\/izdelek\/thorn-wood-500-ml\/#primaryimage"},"image":{"@id":"https:\/\/trnulja.com\/shop\/izdelek\/thorn-wood-500-ml\/#primaryimage"},"thumbnailUrl":"https:\/\/trnulja.com\/shop\/wp-content\/uploads\/2023\/01\/THORN-WOOD-500-ML-scaled.jpg","datePublished":"2023-01-23T10:31:25+00:00","dateModified":"2023-11-20T18:41:49+00:00","description":"Eko koruzno \u017eganje Thorn Wood s \u010drnim trnom s posestva Trnulja: oblanci \u010drnega trna, namo\u010deni v prvovrstno ekolo\u0161ko \u017eganje \u2013 edinstven dar narave!","breadcrumb":{"@id":"https:\/\/trnulja.com\/shop\/izdelek\/thorn-wood-500-ml\/#breadcrumb"},"inLanguage":"sl-SI","potentialAction":[{"@type":"ReadAction","target":["https:\/\/trnulja.com\/shop\/izdelek\/thorn-wood-500-ml\/"]}]},{"@type":"ImageObject","inLanguage":"sl-SI","@id":"https:\/\/trnulja.com\/shop\/izdelek\/thorn-wood-500-ml\/#primaryimage","url":"https:\/\/trnulja.com\/shop\/wp-content\/uploads\/2023\/01\/THORN-WOOD-500-ML-scaled.jpg","contentUrl":"https:\/\/trnulja.com\/shop\/wp-content\/uploads\/2023\/01\/THORN-WOOD-500-ML-scaled.jpg","width":2560,"height":1707},{"@type":"BreadcrumbList","@id":"https:\/\/trnulja.com\/shop\/izdelek\/thorn-wood-500-ml\/#breadcrumb","itemListElement":[{"@type":"ListItem","position":1,"name":"Home","item":"https:\/\/trnulja.com\/shop\/"},{"@type":"ListItem","position":2,"name":"Trgovina","item":"https:\/\/trnulja.com\/shop\/?page_id=6"},{"@type":"ListItem","position":3,"name":"THORN WOOD, 500 ml"}]},{"@type":"WebSite","@id":"https:\/\/trnulja.com\/shop\/#website","url":"https:\/\/trnulja.com\/shop\/","name":"Trnuljina spletna trgovina","description":"\u0160e eno spleti\u0161\u010de WordPress","potentialAction":[{"@type":"SearchAction","target":{"@type":"EntryPoint","urlTemplate":"https:\/\/trnulja.com\/shop\/?s={search_term_string}"},"query-input":{"@type":"PropertyValueSpecification","valueRequired":true,"valueName":"search_term_string"}}],"inLanguage":"sl-SI"}]}},"_links":{"self":[{"href":"https:\/\/trnulja.com\/shop\/wp-json\/wp\/v2\/product\/914","targetHints":{"allow":["GET"]}}],"collection":[{"href":"https:\/\/trnulja.com\/shop\/wp-json\/wp\/v2\/product"}],"about":[{"href":"https:\/\/trnulja.com\/shop\/wp-json\/wp\/v2\/types\/product"}],"replies":[{"embeddable":true,"href":"https:\/\/trnulja.com\/shop\/wp-json\/wp\/v2\/comments?post=914"}],"wp:featuredmedia":[{"embeddable":true,"href":"https:\/\/trnulja.com\/shop\/wp-json\/wp\/v2\/media\/1083"}],"wp:attachment":[{"href":"https:\/\/trnulja.com\/shop\/wp-json\/wp\/v2\/media?parent=914"}],"wp:term":[{"taxonomy":"product_brand","embeddable":true,"href":"https:\/\/trnulja.com\/shop\/wp-json\/wp\/v2\/product_brand?post=914"},{"taxonomy":"product_cat","embeddable":true,"href":"https:\/\/trnulja.com\/shop\/wp-json\/wp\/v2\/product_cat?post=914"},{"taxonomy":"product_tag","embeddable":true,"href":"https:\/\/trnulja.com\/shop\/wp-json\/wp\/v2\/product_tag?post=914"}],"curies":[{"name":"wp","href":"https:\/\/api.w.org\/{rel}","templated":true}]}}