{"id":918,"date":"2023-01-23T11:40:48","date_gmt":"2023-01-23T10:40:48","guid":{"rendered":"https:\/\/trnulja.com\/shop\/?post_type=product&#038;p=918"},"modified":"2025-03-17T19:34:19","modified_gmt":"2025-03-17T18:34:19","slug":"sleeping-sloe-500-ml","status":"publish","type":"product","link":"https:\/\/trnulja.com\/shop\/izdelek\/sleeping-sloe-500-ml\/","title":{"rendered":"SLEEPING SLOE, 500 ml"},"content":{"rendered":"<h2><\/h2>\n<h2><strong>Zakaj trnulja, namo\u010dena v \u017eganje?<\/strong><\/h2>\n<p>Zgodba na\u0161ega posestva Trnulja je tesno povezana s trnuljo \u2013 plodom <a href=\"https:\/\/trnulja.com\/crni-trn\/\"><strong>\u010drnega trna<\/strong><\/a>, ki spominja na borovnice, le da raste na grmu, ki lahko v vi\u0161ino dose\u017ee tudi do pet metrov. To grmi\u010devje, po katerem je ime dobila pravlji\u010dna junakinja Trnulj\u010dica, je zna\u010dilno za Ljubljansko barje in raste tudi na na\u0161em posestvu. Pravzaprav ga je pred leti tako mo\u010dno prera\u0161\u010dalo, da je slu\u017eilo kot navdih tudi za na\u0161e ime.<\/p>\n<p>Trnulja je postala na\u0161 za\u0161\u010ditni znak in za\u010deli smo jo uporabljati v na\u0161i kuhinji. Najprej pri izdelavi marmelade, nato kot prilogo k mesu. Nazadnje smo jo namo\u010dili tudi v na\u0161e <a href=\"https:\/\/trnulja.com\/shop\/izdelek\/basic-dreams-500-ml\/\"><strong>eko koruzno \u017eganje Basic Dreams<\/strong><\/a> in tako se je rodila izjemna pija\u010da z imenom Sleeping Sloe.<\/p>\n<h2><\/h2>\n<h2><strong>Kako nastane eko koruzno \u017eganje Sleeping Sloe?<\/strong><\/h2>\n<p>Osnovno \u017eganje je pripravljeno iz ekolo\u0161ke koruze z na\u0161ega posestva, ki je pridelana v skladu s strogimi ekolo\u0161kimi standardi in popolnoma v sozvo\u010dju z naravo.<\/p>\n<p>Tudi voda, ki se uporablja pri \u017eganjekuhi, je nekaj posebnega. Gre za tako imenovano \u017eivo oz. revitalizirano vodo, ki je energijsko obogatena, mehkej\u0161a, blago alkalna in odli\u010dnega okusa.<\/p>\n<p>Ker \u017eelimo biti trajnostni, energijo za destilacijo pridobivamo iz obnovljivih virov. Gre za lesne sekance, ki jih pridobimo pri \u010di\u0161\u010denju lastnih povr\u0161in \u2013 tudi grmov \u010drnega trna.<\/p>\n<h2><\/h2>\n<h2><strong>Kak\u0161na sploh je trnulja?<\/strong><\/h2>\n<p>Omenili smo \u017ee, da trnulja ali prasliva zraste na \u010drnem trnu (<em>Prunus spinosa<\/em>) \u2013 razvejanem grmu s trni, in na videz spominja na debele borovnice. A \u017eal veliko ljudi ne ve, da so ti plodovi u\u017eitni. \u0160e ve\u010d, celo zelo okusni so ter polni vitamina C, rudnin in antioksidantov.<\/p>\n<p>Trnulje, ki bogatijo na\u0161e eko koruzno \u017eganje Sleeping Sloe, so nabrane na lastnih povr\u0161inah na\u0161ega ekolo\u0161kega posestva na Ljubljanskem barju, in to po prvi zmrzali, ko dose\u017eejo zrelost ter s prvo slano in zmrzaljo izgubijo trpkost. To se obi\u010dajno zgodi \u0161ele konec oktobra ali \u0161e pozneje.<\/p>\n<p><em>Pokusite edinstveno eko koruzno \u017eganje Sleeping Sloe in za\u010dutite mo\u010d narave!<\/em><\/p>\n","protected":false},"excerpt":{"rendered":"<ul>\n<li>eko koruzno \u017eganje z dodanimi plodovi \u010drnega trna trnuljami<\/li>\n<li>eko koruzno \u017eganje lastne pridelave in predelave kot osnova<\/li>\n<li>destilirano iz ekolo\u0161ke koruze, pridelane na lastnih povr\u0161inah na Ljubljanskem barju<\/li>\n<li>alk. 46 % vol.<\/li>\n<li>z \u017eivo oz. revitalizirano vodo<\/li>\n<li>z ekolo\u0161kim certifikatom<\/li>\n<\/ul>\n<p>Minister za zdravje opozarja: Prekomerno pitje alkohola \u0161koduje zdravju!<\/p>\n<p>&nbsp;<\/p>\n","protected":false},"featured_media":1080,"comment_status":"open","ping_status":"closed","template":"","meta":{"_et_pb_use_builder":"","_et_pb_old_content":"","_et_gb_content_width":""},"product_brand":[],"product_cat":[32,27],"product_tag":[],"class_list":{"0":"post-918","1":"product","2":"type-product","3":"status-publish","4":"has-post-thumbnail","6":"product_cat-darilni-program","7":"product_cat-zgane-pijace","9":"first","10":"instock","11":"shipping-taxable","12":"purchasable","13":"product-type-simple"},"yoast_head":"<!-- This site is optimized with the Yoast SEO plugin v26.4 - https:\/\/yoast.com\/wordpress\/plugins\/seo\/ -->\n<title>Sleeping Sloe: eko koruzno \u017eganje s trnuljami \u2013 Trnulja.com<\/title>\n<meta name=\"description\" content=\"Eko koruzno \u017eganje Sleeping Sloe s trnuljami s posestva Trnulja: plodovi \u010drnega trna, namo\u010deni v prvovrstno ekolo\u0161ko \u017eganje \u2013 edinstven dar narave!\" \/>\n<meta name=\"robots\" content=\"index, follow, max-snippet:-1, max-image-preview:large, max-video-preview:-1\" \/>\n<link rel=\"canonical\" href=\"https:\/\/trnulja.com\/shop\/izdelek\/sleeping-sloe-500-ml\/\" \/>\n<meta property=\"og:locale\" content=\"sl_SI\" \/>\n<meta property=\"og:type\" content=\"article\" \/>\n<meta property=\"og:title\" content=\"Sleeping Sloe: eko koruzno \u017eganje s trnuljami \u2013 Trnulja.com\" \/>\n<meta property=\"og:description\" content=\"Eko koruzno \u017eganje Sleeping Sloe s trnuljami s posestva Trnulja: plodovi \u010drnega trna, namo\u010deni v prvovrstno ekolo\u0161ko \u017eganje \u2013 edinstven dar narave!\" \/>\n<meta property=\"og:url\" content=\"https:\/\/trnulja.com\/shop\/izdelek\/sleeping-sloe-500-ml\/\" \/>\n<meta property=\"og:site_name\" content=\"Trnuljina spletna trgovina\" \/>\n<meta property=\"article:modified_time\" content=\"2025-03-17T18:34:19+00:00\" \/>\n<meta property=\"og:image\" content=\"https:\/\/trnulja.com\/shop\/wp-content\/uploads\/2023\/01\/SLEEPING-SLOE-500-ML-scaled.jpg\" \/>\n\t<meta property=\"og:image:width\" content=\"2560\" \/>\n\t<meta property=\"og:image:height\" content=\"1707\" \/>\n\t<meta property=\"og:image:type\" content=\"image\/jpeg\" \/>\n<meta name=\"twitter:card\" content=\"summary_large_image\" \/>\n<meta name=\"twitter:label1\" content=\"Est. reading time\" \/>\n\t<meta name=\"twitter:data1\" content=\"2 minuti\" \/>\n<script type=\"application\/ld+json\" class=\"yoast-schema-graph\">{\"@context\":\"https:\/\/schema.org\",\"@graph\":[{\"@type\":\"WebPage\",\"@id\":\"https:\/\/trnulja.com\/shop\/izdelek\/sleeping-sloe-500-ml\/\",\"url\":\"https:\/\/trnulja.com\/shop\/izdelek\/sleeping-sloe-500-ml\/\",\"name\":\"Sleeping Sloe: eko koruzno \u017eganje s trnuljami \u2013 Trnulja.com\",\"isPartOf\":{\"@id\":\"https:\/\/trnulja.com\/shop\/#website\"},\"primaryImageOfPage\":{\"@id\":\"https:\/\/trnulja.com\/shop\/izdelek\/sleeping-sloe-500-ml\/#primaryimage\"},\"image\":{\"@id\":\"https:\/\/trnulja.com\/shop\/izdelek\/sleeping-sloe-500-ml\/#primaryimage\"},\"thumbnailUrl\":\"https:\/\/trnulja.com\/shop\/wp-content\/uploads\/2023\/01\/SLEEPING-SLOE-500-ML-scaled.jpg\",\"datePublished\":\"2023-01-23T10:40:48+00:00\",\"dateModified\":\"2025-03-17T18:34:19+00:00\",\"description\":\"Eko koruzno \u017eganje Sleeping Sloe s trnuljami s posestva Trnulja: plodovi \u010drnega trna, namo\u010deni v prvovrstno ekolo\u0161ko \u017eganje \u2013 edinstven dar narave!\",\"breadcrumb\":{\"@id\":\"https:\/\/trnulja.com\/shop\/izdelek\/sleeping-sloe-500-ml\/#breadcrumb\"},\"inLanguage\":\"sl-SI\",\"potentialAction\":[{\"@type\":\"ReadAction\",\"target\":[\"https:\/\/trnulja.com\/shop\/izdelek\/sleeping-sloe-500-ml\/\"]}]},{\"@type\":\"ImageObject\",\"inLanguage\":\"sl-SI\",\"@id\":\"https:\/\/trnulja.com\/shop\/izdelek\/sleeping-sloe-500-ml\/#primaryimage\",\"url\":\"https:\/\/trnulja.com\/shop\/wp-content\/uploads\/2023\/01\/SLEEPING-SLOE-500-ML-scaled.jpg\",\"contentUrl\":\"https:\/\/trnulja.com\/shop\/wp-content\/uploads\/2023\/01\/SLEEPING-SLOE-500-ML-scaled.jpg\",\"width\":2560,\"height\":1707},{\"@type\":\"BreadcrumbList\",\"@id\":\"https:\/\/trnulja.com\/shop\/izdelek\/sleeping-sloe-500-ml\/#breadcrumb\",\"itemListElement\":[{\"@type\":\"ListItem\",\"position\":1,\"name\":\"Home\",\"item\":\"https:\/\/trnulja.com\/shop\/\"},{\"@type\":\"ListItem\",\"position\":2,\"name\":\"Trgovina\",\"item\":\"https:\/\/trnulja.com\/shop\/?page_id=6\"},{\"@type\":\"ListItem\",\"position\":3,\"name\":\"SLEEPING SLOE, 500 ml\"}]},{\"@type\":\"WebSite\",\"@id\":\"https:\/\/trnulja.com\/shop\/#website\",\"url\":\"https:\/\/trnulja.com\/shop\/\",\"name\":\"Trnuljina spletna trgovina\",\"description\":\"\u0160e eno spleti\u0161\u010de WordPress\",\"potentialAction\":[{\"@type\":\"SearchAction\",\"target\":{\"@type\":\"EntryPoint\",\"urlTemplate\":\"https:\/\/trnulja.com\/shop\/?s={search_term_string}\"},\"query-input\":{\"@type\":\"PropertyValueSpecification\",\"valueRequired\":true,\"valueName\":\"search_term_string\"}}],\"inLanguage\":\"sl-SI\"}]}<\/script>\n<!-- \/ Yoast SEO plugin. -->","yoast_head_json":{"title":"Sleeping Sloe: eko koruzno \u017eganje s trnuljami \u2013 Trnulja.com","description":"Eko koruzno \u017eganje Sleeping Sloe s trnuljami s posestva Trnulja: plodovi \u010drnega trna, namo\u010deni v prvovrstno ekolo\u0161ko \u017eganje \u2013 edinstven dar narave!","robots":{"index":"index","follow":"follow","max-snippet":"max-snippet:-1","max-image-preview":"max-image-preview:large","max-video-preview":"max-video-preview:-1"},"canonical":"https:\/\/trnulja.com\/shop\/izdelek\/sleeping-sloe-500-ml\/","og_locale":"sl_SI","og_type":"article","og_title":"Sleeping Sloe: eko koruzno \u017eganje s trnuljami \u2013 Trnulja.com","og_description":"Eko koruzno \u017eganje Sleeping Sloe s trnuljami s posestva Trnulja: plodovi \u010drnega trna, namo\u010deni v prvovrstno ekolo\u0161ko \u017eganje \u2013 edinstven dar narave!","og_url":"https:\/\/trnulja.com\/shop\/izdelek\/sleeping-sloe-500-ml\/","og_site_name":"Trnuljina spletna trgovina","article_modified_time":"2025-03-17T18:34:19+00:00","og_image":[{"width":2560,"height":1707,"url":"https:\/\/trnulja.com\/shop\/wp-content\/uploads\/2023\/01\/SLEEPING-SLOE-500-ML-scaled.jpg","type":"image\/jpeg"}],"twitter_card":"summary_large_image","twitter_misc":{"Est. reading time":"2 minuti"},"schema":{"@context":"https:\/\/schema.org","@graph":[{"@type":"WebPage","@id":"https:\/\/trnulja.com\/shop\/izdelek\/sleeping-sloe-500-ml\/","url":"https:\/\/trnulja.com\/shop\/izdelek\/sleeping-sloe-500-ml\/","name":"Sleeping Sloe: eko koruzno \u017eganje s trnuljami \u2013 Trnulja.com","isPartOf":{"@id":"https:\/\/trnulja.com\/shop\/#website"},"primaryImageOfPage":{"@id":"https:\/\/trnulja.com\/shop\/izdelek\/sleeping-sloe-500-ml\/#primaryimage"},"image":{"@id":"https:\/\/trnulja.com\/shop\/izdelek\/sleeping-sloe-500-ml\/#primaryimage"},"thumbnailUrl":"https:\/\/trnulja.com\/shop\/wp-content\/uploads\/2023\/01\/SLEEPING-SLOE-500-ML-scaled.jpg","datePublished":"2023-01-23T10:40:48+00:00","dateModified":"2025-03-17T18:34:19+00:00","description":"Eko koruzno \u017eganje Sleeping Sloe s trnuljami s posestva Trnulja: plodovi \u010drnega trna, namo\u010deni v prvovrstno ekolo\u0161ko \u017eganje \u2013 edinstven dar narave!","breadcrumb":{"@id":"https:\/\/trnulja.com\/shop\/izdelek\/sleeping-sloe-500-ml\/#breadcrumb"},"inLanguage":"sl-SI","potentialAction":[{"@type":"ReadAction","target":["https:\/\/trnulja.com\/shop\/izdelek\/sleeping-sloe-500-ml\/"]}]},{"@type":"ImageObject","inLanguage":"sl-SI","@id":"https:\/\/trnulja.com\/shop\/izdelek\/sleeping-sloe-500-ml\/#primaryimage","url":"https:\/\/trnulja.com\/shop\/wp-content\/uploads\/2023\/01\/SLEEPING-SLOE-500-ML-scaled.jpg","contentUrl":"https:\/\/trnulja.com\/shop\/wp-content\/uploads\/2023\/01\/SLEEPING-SLOE-500-ML-scaled.jpg","width":2560,"height":1707},{"@type":"BreadcrumbList","@id":"https:\/\/trnulja.com\/shop\/izdelek\/sleeping-sloe-500-ml\/#breadcrumb","itemListElement":[{"@type":"ListItem","position":1,"name":"Home","item":"https:\/\/trnulja.com\/shop\/"},{"@type":"ListItem","position":2,"name":"Trgovina","item":"https:\/\/trnulja.com\/shop\/?page_id=6"},{"@type":"ListItem","position":3,"name":"SLEEPING SLOE, 500 ml"}]},{"@type":"WebSite","@id":"https:\/\/trnulja.com\/shop\/#website","url":"https:\/\/trnulja.com\/shop\/","name":"Trnuljina spletna trgovina","description":"\u0160e eno spleti\u0161\u010de WordPress","potentialAction":[{"@type":"SearchAction","target":{"@type":"EntryPoint","urlTemplate":"https:\/\/trnulja.com\/shop\/?s={search_term_string}"},"query-input":{"@type":"PropertyValueSpecification","valueRequired":true,"valueName":"search_term_string"}}],"inLanguage":"sl-SI"}]}},"_links":{"self":[{"href":"https:\/\/trnulja.com\/shop\/wp-json\/wp\/v2\/product\/918","targetHints":{"allow":["GET"]}}],"collection":[{"href":"https:\/\/trnulja.com\/shop\/wp-json\/wp\/v2\/product"}],"about":[{"href":"https:\/\/trnulja.com\/shop\/wp-json\/wp\/v2\/types\/product"}],"replies":[{"embeddable":true,"href":"https:\/\/trnulja.com\/shop\/wp-json\/wp\/v2\/comments?post=918"}],"wp:featuredmedia":[{"embeddable":true,"href":"https:\/\/trnulja.com\/shop\/wp-json\/wp\/v2\/media\/1080"}],"wp:attachment":[{"href":"https:\/\/trnulja.com\/shop\/wp-json\/wp\/v2\/media?parent=918"}],"wp:term":[{"taxonomy":"product_brand","embeddable":true,"href":"https:\/\/trnulja.com\/shop\/wp-json\/wp\/v2\/product_brand?post=918"},{"taxonomy":"product_cat","embeddable":true,"href":"https:\/\/trnulja.com\/shop\/wp-json\/wp\/v2\/product_cat?post=918"},{"taxonomy":"product_tag","embeddable":true,"href":"https:\/\/trnulja.com\/shop\/wp-json\/wp\/v2\/product_tag?post=918"}],"curies":[{"name":"wp","href":"https:\/\/api.w.org\/{rel}","templated":true}]}}