{"id":924,"date":"2023-01-23T11:48:56","date_gmt":"2023-01-23T10:48:56","guid":{"rendered":"https:\/\/trnulja.com\/shop\/?post_type=product&#038;p=924"},"modified":"2025-02-24T14:24:18","modified_gmt":"2025-02-24T13:24:18","slug":"green-secret-250-ml","status":"publish","type":"product","link":"https:\/\/trnulja.com\/shop\/izdelek\/green-secret-250-ml\/","title":{"rendered":"GREEN SECRET, 250 ml"},"content":{"rendered":"<h2><\/h2>\n<h2><b>Tako smo obogatili okus eko koruznega \u017eganja<\/b><\/h2>\n<p><span style=\"font-weight: 400\">Neverjetno, kako lahko nevtralen in ne\u017een okus na\u0161ega eko koruznega \u017eganja popestri dodana industrijska konoplja! Ta raste na povr\u0161inah na\u0161ega posestva Trnulja na Ljubljanskem barju in je polj\u0161\u010dina, ki nam je prav posebej pri srcu.<\/span><\/p>\n<p><span style=\"font-weight: 400\">Za na\u0161e \u017eganje smo uporabili samo posebej lepe ro\u010dno pobrane cvetove ekolo\u0161ke industrijske konoplje. Namo\u010dili smo jih v <strong><a href=\"https:\/\/trnulja.com\/shop\/izdelek\/basic-dreams-500-ml\/\">eko koruzno \u017eganje<\/a><\/strong> in nastal je Green Secret \u2013 eko koruzno \u017eganje z industrijsko konopljo brez THC. V industrijski konoplji namre\u010d ni nelegalnega THC, saj ga ta vsebuje zanemarljivo malo.<\/span><\/p>\n<h2><b><br \/>\nZakaj smo v eko koruzno \u017eganje namo\u010dili industrijsko konopljo?<\/b><\/h2>\n<p><span style=\"font-weight: 400\">Za\u010detki na\u0161ega kmetovanja na posestvu Trnulja segajo v leto 2004, ko smo posejali prvo njivo. Izbrali smo za tisti \u010das nekoliko nenavadno polj\u0161\u010dino: industrijsko konopljo.<\/span><\/p>\n<p><span style=\"font-weight: 400\">A zakaj industrijska konoplja? Leta 2004 je Slovenija pristopila k Evropski uniji, zaradi \u010desar je ob spremembah in dopolnitvah na\u0161e zakonodaje v Sloveniji prvi\u010d postalo legalno sejati industrijsko konopljo na kmetijskih povr\u0161inah, seveda s pridobljenim dovoljenjem za gojenje konoplje. To leto je bila Trnulja prva, skupaj s \u0161e tremi drugimi kmetijami v Sloveniji, ki je zasejala konopljo. \u010cisto prvi pa smo iz nje iztisnili hladno stiskano olje.<\/span><\/p>\n<p><span style=\"font-weight: 400\">Industrijska konoplja nas spremlja na celotnem posestvu: uporabljena je za izolacijo v objektih, iz nje so posteljnina, zavese, prti\u010dki in le\u017ei\u0161\u010da, odli\u010dna pa je tudi za pripravo hrane, \u010dajev in sladic. Seveda smo jo poskusili namo\u010diti tudi v na\u0161e eko koruzno \u017eganje in ustvarili smo pija\u010do Green Secret, ki prebudi telo in duha.<\/span><\/p>\n<h2><b><br \/>\nKako pripravimo na\u0161e eko koruzno \u017eganje Green Secret?<\/b><\/h2>\n<p><span style=\"font-weight: 400\">Osnovno \u017eganje je pripravljeno iz <strong><a href=\"https:\/\/trnulja.com\/shop\/kategorija-izdelka\/koruzni-proizvodi\/\">ekolo\u0161ke koruze<\/a><\/strong> z na\u0161ega posestva, ki je pridelana v skladu s strogimi ekolo\u0161kimi standardi. Vemo namre\u010d, da samo delo v sozvo\u010dju z naravo prina\u0161a kakovosten pridelek. Ekolo\u0161ka je torej tako koruza za destilacijo na\u0161ega osnovnega \u017eganja kot industrijska konoplja kot dodatek \u017eganju za aromo.<\/span><\/p>\n<p><span style=\"font-weight: 400\">A tudi voda, ki se uporablja pri \u017eganjekuhi, je nekaj posebnega. Gre za tako imenovano \u017eivo oz. revitalizirano vodo, ki je energijsko obogatena, mehkej\u0161a, blago alkalna in odli\u010dnega okusa.<\/span><\/p>\n<p><span style=\"font-weight: 400\">Ker \u017eelimo biti trajnostni, energijo za destilacijo pridobivamo iz obnovljivih virov. Gre za lesne sekance, ki jih pridobimo pri \u010di\u0161\u010denju lastnih povr\u0161in, npr. tudi odstranjevanju <a href=\"https:\/\/trnulja.com\/crni-trn\/\"><strong>\u010drnega trna<\/strong><\/a>.<\/span><\/p>\n<p><i><span style=\"font-weight: 400\">Pokusite edinstveno eko koruzno \u017eganje Green Secret in za\u010dutite mo\u010d narave!<\/span><\/i><\/p>\n","protected":false},"excerpt":{"rendered":"<ul>\n<li><span style=\"font-weight: 400\">eko koruzno \u017eganje z dodanimi cvetovi ekolo\u0161ke industrijske konoplje (brez vsebnosti THC)<\/span><\/li>\n<li><span style=\"font-weight: 400\">eko koruzno \u017eganje lastne pridelave in predelave kot osnova<\/span><\/li>\n<li><span style=\"font-weight: 400\">destilirano iz ekolo\u0161ke koruze, pridelane na lastnih povr\u0161inah na Ljubljanskem barju<\/span><\/li>\n<li><span style=\"font-weight: 400\">alk. 46 % vol.<\/span><\/li>\n<li><span style=\"font-weight: 400\">z \u017eivo oz. revitalizirano vodo<\/span><\/li>\n<li><span style=\"font-weight: 400\">z ekolo\u0161kim certifikatom<\/span><\/li>\n<\/ul>\n<p>Minister za zdravje opozarja: Prekomerno pitje alkohola \u0161koduje zdravju!<\/p>\n<p>&nbsp;<\/p>\n","protected":false},"featured_media":1078,"comment_status":"open","ping_status":"closed","template":"","meta":{"_et_pb_use_builder":"","_et_pb_old_content":"","_et_gb_content_width":""},"product_brand":[],"product_cat":[32,27],"product_tag":[],"class_list":{"0":"post-924","1":"product","2":"type-product","3":"status-publish","4":"has-post-thumbnail","6":"product_cat-darilni-program","7":"product_cat-zgane-pijace","9":"first","10":"instock","11":"shipping-taxable","12":"purchasable","13":"product-type-simple"},"yoast_head":"<!-- This site is optimized with the Yoast SEO plugin v26.4 - https:\/\/yoast.com\/wordpress\/plugins\/seo\/ -->\n<title>Green Secret: Trnuljino eko koruzno \u017eganje z industrijsko konopljo<\/title>\n<meta name=\"description\" content=\"Eko koruzno \u017eganje Green Secret z industrijsko konopljo brez THC je poklon prvi polj\u0161\u010dini na posestvu Trnulja \u2013 industrijski konoplji. Pokusite ga!\" \/>\n<meta name=\"robots\" content=\"index, follow, max-snippet:-1, max-image-preview:large, max-video-preview:-1\" \/>\n<link rel=\"canonical\" href=\"https:\/\/trnulja.com\/shop\/izdelek\/green-secret-250-ml\/\" \/>\n<meta property=\"og:locale\" content=\"sl_SI\" \/>\n<meta property=\"og:type\" content=\"article\" \/>\n<meta property=\"og:title\" content=\"Green Secret: Trnuljino eko koruzno \u017eganje z industrijsko konopljo\" \/>\n<meta property=\"og:description\" content=\"Eko koruzno \u017eganje Green Secret z industrijsko konopljo brez THC je poklon prvi polj\u0161\u010dini na posestvu Trnulja \u2013 industrijski konoplji. Pokusite ga!\" \/>\n<meta property=\"og:url\" content=\"https:\/\/trnulja.com\/shop\/izdelek\/green-secret-250-ml\/\" \/>\n<meta property=\"og:site_name\" content=\"Trnuljina spletna trgovina\" \/>\n<meta property=\"article:modified_time\" content=\"2025-02-24T13:24:18+00:00\" \/>\n<meta property=\"og:image\" content=\"https:\/\/trnulja.com\/shop\/wp-content\/uploads\/2023\/01\/GREEN-SECRET-250-ML-scaled.jpg\" \/>\n\t<meta property=\"og:image:width\" content=\"2560\" \/>\n\t<meta property=\"og:image:height\" content=\"1707\" \/>\n\t<meta property=\"og:image:type\" content=\"image\/jpeg\" \/>\n<meta name=\"twitter:card\" content=\"summary_large_image\" \/>\n<meta name=\"twitter:label1\" content=\"Est. reading time\" \/>\n\t<meta name=\"twitter:data1\" content=\"3 minute\" \/>\n<script type=\"application\/ld+json\" class=\"yoast-schema-graph\">{\"@context\":\"https:\/\/schema.org\",\"@graph\":[{\"@type\":\"WebPage\",\"@id\":\"https:\/\/trnulja.com\/shop\/izdelek\/green-secret-250-ml\/\",\"url\":\"https:\/\/trnulja.com\/shop\/izdelek\/green-secret-250-ml\/\",\"name\":\"Green Secret: Trnuljino eko koruzno \u017eganje z industrijsko konopljo\",\"isPartOf\":{\"@id\":\"https:\/\/trnulja.com\/shop\/#website\"},\"primaryImageOfPage\":{\"@id\":\"https:\/\/trnulja.com\/shop\/izdelek\/green-secret-250-ml\/#primaryimage\"},\"image\":{\"@id\":\"https:\/\/trnulja.com\/shop\/izdelek\/green-secret-250-ml\/#primaryimage\"},\"thumbnailUrl\":\"https:\/\/trnulja.com\/shop\/wp-content\/uploads\/2023\/01\/GREEN-SECRET-250-ML-scaled.jpg\",\"datePublished\":\"2023-01-23T10:48:56+00:00\",\"dateModified\":\"2025-02-24T13:24:18+00:00\",\"description\":\"Eko koruzno \u017eganje Green Secret z industrijsko konopljo brez THC je poklon prvi polj\u0161\u010dini na posestvu Trnulja \u2013 industrijski konoplji. Pokusite ga!\",\"breadcrumb\":{\"@id\":\"https:\/\/trnulja.com\/shop\/izdelek\/green-secret-250-ml\/#breadcrumb\"},\"inLanguage\":\"sl-SI\",\"potentialAction\":[{\"@type\":\"ReadAction\",\"target\":[\"https:\/\/trnulja.com\/shop\/izdelek\/green-secret-250-ml\/\"]}]},{\"@type\":\"ImageObject\",\"inLanguage\":\"sl-SI\",\"@id\":\"https:\/\/trnulja.com\/shop\/izdelek\/green-secret-250-ml\/#primaryimage\",\"url\":\"https:\/\/trnulja.com\/shop\/wp-content\/uploads\/2023\/01\/GREEN-SECRET-250-ML-scaled.jpg\",\"contentUrl\":\"https:\/\/trnulja.com\/shop\/wp-content\/uploads\/2023\/01\/GREEN-SECRET-250-ML-scaled.jpg\",\"width\":2560,\"height\":1707},{\"@type\":\"BreadcrumbList\",\"@id\":\"https:\/\/trnulja.com\/shop\/izdelek\/green-secret-250-ml\/#breadcrumb\",\"itemListElement\":[{\"@type\":\"ListItem\",\"position\":1,\"name\":\"Home\",\"item\":\"https:\/\/trnulja.com\/shop\/\"},{\"@type\":\"ListItem\",\"position\":2,\"name\":\"Trgovina\",\"item\":\"https:\/\/trnulja.com\/shop\/?page_id=6\"},{\"@type\":\"ListItem\",\"position\":3,\"name\":\"GREEN SECRET, 250 ml\"}]},{\"@type\":\"WebSite\",\"@id\":\"https:\/\/trnulja.com\/shop\/#website\",\"url\":\"https:\/\/trnulja.com\/shop\/\",\"name\":\"Trnuljina spletna trgovina\",\"description\":\"\u0160e eno spleti\u0161\u010de WordPress\",\"potentialAction\":[{\"@type\":\"SearchAction\",\"target\":{\"@type\":\"EntryPoint\",\"urlTemplate\":\"https:\/\/trnulja.com\/shop\/?s={search_term_string}\"},\"query-input\":{\"@type\":\"PropertyValueSpecification\",\"valueRequired\":true,\"valueName\":\"search_term_string\"}}],\"inLanguage\":\"sl-SI\"}]}<\/script>\n<!-- \/ Yoast SEO plugin. -->","yoast_head_json":{"title":"Green Secret: Trnuljino eko koruzno \u017eganje z industrijsko konopljo","description":"Eko koruzno \u017eganje Green Secret z industrijsko konopljo brez THC je poklon prvi polj\u0161\u010dini na posestvu Trnulja \u2013 industrijski konoplji. Pokusite ga!","robots":{"index":"index","follow":"follow","max-snippet":"max-snippet:-1","max-image-preview":"max-image-preview:large","max-video-preview":"max-video-preview:-1"},"canonical":"https:\/\/trnulja.com\/shop\/izdelek\/green-secret-250-ml\/","og_locale":"sl_SI","og_type":"article","og_title":"Green Secret: Trnuljino eko koruzno \u017eganje z industrijsko konopljo","og_description":"Eko koruzno \u017eganje Green Secret z industrijsko konopljo brez THC je poklon prvi polj\u0161\u010dini na posestvu Trnulja \u2013 industrijski konoplji. Pokusite ga!","og_url":"https:\/\/trnulja.com\/shop\/izdelek\/green-secret-250-ml\/","og_site_name":"Trnuljina spletna trgovina","article_modified_time":"2025-02-24T13:24:18+00:00","og_image":[{"width":2560,"height":1707,"url":"https:\/\/trnulja.com\/shop\/wp-content\/uploads\/2023\/01\/GREEN-SECRET-250-ML-scaled.jpg","type":"image\/jpeg"}],"twitter_card":"summary_large_image","twitter_misc":{"Est. reading time":"3 minute"},"schema":{"@context":"https:\/\/schema.org","@graph":[{"@type":"WebPage","@id":"https:\/\/trnulja.com\/shop\/izdelek\/green-secret-250-ml\/","url":"https:\/\/trnulja.com\/shop\/izdelek\/green-secret-250-ml\/","name":"Green Secret: Trnuljino eko koruzno \u017eganje z industrijsko konopljo","isPartOf":{"@id":"https:\/\/trnulja.com\/shop\/#website"},"primaryImageOfPage":{"@id":"https:\/\/trnulja.com\/shop\/izdelek\/green-secret-250-ml\/#primaryimage"},"image":{"@id":"https:\/\/trnulja.com\/shop\/izdelek\/green-secret-250-ml\/#primaryimage"},"thumbnailUrl":"https:\/\/trnulja.com\/shop\/wp-content\/uploads\/2023\/01\/GREEN-SECRET-250-ML-scaled.jpg","datePublished":"2023-01-23T10:48:56+00:00","dateModified":"2025-02-24T13:24:18+00:00","description":"Eko koruzno \u017eganje Green Secret z industrijsko konopljo brez THC je poklon prvi polj\u0161\u010dini na posestvu Trnulja \u2013 industrijski konoplji. Pokusite ga!","breadcrumb":{"@id":"https:\/\/trnulja.com\/shop\/izdelek\/green-secret-250-ml\/#breadcrumb"},"inLanguage":"sl-SI","potentialAction":[{"@type":"ReadAction","target":["https:\/\/trnulja.com\/shop\/izdelek\/green-secret-250-ml\/"]}]},{"@type":"ImageObject","inLanguage":"sl-SI","@id":"https:\/\/trnulja.com\/shop\/izdelek\/green-secret-250-ml\/#primaryimage","url":"https:\/\/trnulja.com\/shop\/wp-content\/uploads\/2023\/01\/GREEN-SECRET-250-ML-scaled.jpg","contentUrl":"https:\/\/trnulja.com\/shop\/wp-content\/uploads\/2023\/01\/GREEN-SECRET-250-ML-scaled.jpg","width":2560,"height":1707},{"@type":"BreadcrumbList","@id":"https:\/\/trnulja.com\/shop\/izdelek\/green-secret-250-ml\/#breadcrumb","itemListElement":[{"@type":"ListItem","position":1,"name":"Home","item":"https:\/\/trnulja.com\/shop\/"},{"@type":"ListItem","position":2,"name":"Trgovina","item":"https:\/\/trnulja.com\/shop\/?page_id=6"},{"@type":"ListItem","position":3,"name":"GREEN SECRET, 250 ml"}]},{"@type":"WebSite","@id":"https:\/\/trnulja.com\/shop\/#website","url":"https:\/\/trnulja.com\/shop\/","name":"Trnuljina spletna trgovina","description":"\u0160e eno spleti\u0161\u010de WordPress","potentialAction":[{"@type":"SearchAction","target":{"@type":"EntryPoint","urlTemplate":"https:\/\/trnulja.com\/shop\/?s={search_term_string}"},"query-input":{"@type":"PropertyValueSpecification","valueRequired":true,"valueName":"search_term_string"}}],"inLanguage":"sl-SI"}]}},"_links":{"self":[{"href":"https:\/\/trnulja.com\/shop\/wp-json\/wp\/v2\/product\/924","targetHints":{"allow":["GET"]}}],"collection":[{"href":"https:\/\/trnulja.com\/shop\/wp-json\/wp\/v2\/product"}],"about":[{"href":"https:\/\/trnulja.com\/shop\/wp-json\/wp\/v2\/types\/product"}],"replies":[{"embeddable":true,"href":"https:\/\/trnulja.com\/shop\/wp-json\/wp\/v2\/comments?post=924"}],"wp:featuredmedia":[{"embeddable":true,"href":"https:\/\/trnulja.com\/shop\/wp-json\/wp\/v2\/media\/1078"}],"wp:attachment":[{"href":"https:\/\/trnulja.com\/shop\/wp-json\/wp\/v2\/media?parent=924"}],"wp:term":[{"taxonomy":"product_brand","embeddable":true,"href":"https:\/\/trnulja.com\/shop\/wp-json\/wp\/v2\/product_brand?post=924"},{"taxonomy":"product_cat","embeddable":true,"href":"https:\/\/trnulja.com\/shop\/wp-json\/wp\/v2\/product_cat?post=924"},{"taxonomy":"product_tag","embeddable":true,"href":"https:\/\/trnulja.com\/shop\/wp-json\/wp\/v2\/product_tag?post=924"}],"curies":[{"name":"wp","href":"https:\/\/api.w.org\/{rel}","templated":true}]}}