{"id":925,"date":"2023-01-23T11:49:03","date_gmt":"2023-01-23T10:49:03","guid":{"rendered":"https:\/\/trnulja.com\/shop\/?post_type=product&#038;p=925"},"modified":"2025-11-18T11:27:56","modified_gmt":"2025-11-18T10:27:56","slug":"black-beauty-500-ml","status":"publish","type":"product","link":"https:\/\/trnulja.com\/shop\/izdelek\/black-beauty-500-ml\/","title":{"rendered":"BLACK BEAUTY, 500 ml"},"content":{"rendered":"<h2><\/h2>\n<h2><strong>Zakaj trnulje in \u010drn trn, namo\u010dena v \u017eganje?<\/strong><\/h2>\n<p>Na\u0161e posestvo je odlo\u010dilno zaznamovala trnulja \u2013 plod <strong><a href=\"https:\/\/trnulja.com\/crni-trn\/\">\u010drnega trna<\/a><\/strong>, ki na videz spominja na debele borovnice, le da raste na grmu, ki lahko v vi\u0161ino dose\u017ee tudi do pet metrov. To grmi\u010devje, po katerem je ime dobila pravlji\u010dna junakinja Trnulj\u010dica, je zna\u010dilno za Ljubljansko barje in raste tudi na na\u0161em posestvu. Ko smo ga pred leti kupili in za\u010deli urejati, ga je tako mo\u010dno prera\u0161\u010dalo, da je tudi nam slu\u017eilo kot navdih za na\u0161e ime. Tako sta \u010drn trn in predvsem trnulja postala na\u0161 za\u0161\u010ditni znak.<\/p>\n<p>Pri predelavi koruze v eko koruzno \u017eganje sta bila zato \u010drn trn in njegovi plodovi logi\u010dna izbira za popestritev okusa.<\/p>\n<p>\u010ceprav bi bilo eko koruzno \u017eganje idealno shraniti v sod iz lesa \u010drnega trna, da bi se navzelo arom, je to seveda tehni\u010dno nemogo\u010de. Zato smo vanj namo\u010dili oblance iz sve\u017eega lesa \u010drnega trna, ki smo ga posekali izklju\u010dno na povr\u0161inah ekolo\u0161kega posestva Trnulja glede na lunin koledar. Dodali smo \u0161e trnulje, nabrane po prvi zmrzali za popolno zrelost, in nastal je Black Beauty \u2013 eko koruzno \u017eganje s \u010drnim trnom in trnuljami.<\/p>\n<h2><\/h2>\n<h2><strong>Kako nastane eko koruzno \u017eganje Black Beauty?<\/strong><\/h2>\n<p>Eko koruzno \u017eganje Black Beauty je edinstvena kombinacija lesa in sade\u017ea iste rastline. \u010crn trn mu podari nezamenljivo aromo, trnulje pa sve\u017eino in saden okus.<\/p>\n<p>Seveda pa je veliko odvisno tudi od same kakovosti osnovnega \u017eganja, v katerega namakamo izbrane dobrote. Pri vseh na\u0161ih alkoholnih pija\u010dah je <a href=\"https:\/\/trnulja.com\/shop\/izdelek\/basic-dreams-500-ml\/\"><strong>osnovno \u017eganje<\/strong><\/a> destilirano iz <strong><a href=\"https:\/\/trnulja.com\/shop\/kategorija-izdelka\/koruzni-proizvodi\/\">ekolo\u0161ke koruze<\/a><\/strong> z na\u0161ega posestva, ki je pridelana v skladu s strogimi ekolo\u0161kimi standardi. Vemo namre\u010d, da samo delo v sozvo\u010dju z naravo prina\u0161a kakovosten pridelek in tega se dr\u017eimo pri vseh vidikih na\u0161ega dela.<\/p>\n<p>Zato je tudi voda, ki se uporablja pri \u017eganjekuhi, nekaj posebnega. Gre za tako imenovano \u017eivo oz. revitalizirano vodo, ki je energijsko obogatena, mehkej\u0161a, blago alkalna in odli\u010dnega okusa.<\/p>\n<p><em>Pokusite edinstveno eko koruzno \u017eganje Black Beauty in za\u010dutite mo\u010d narave!<\/em><\/p>\n","protected":false},"excerpt":{"rendered":"<ul>\n<li><span style=\"font-weight: 400\">eko koruzno \u017eganje z dodanimi oblanci \u010drnega trna in trnuljami \u2013 plodovi \u010drnega trna<\/span><\/li>\n<li><span style=\"font-weight: 400\">eko koruzno \u017eganje lastne pridelave in predelave kot osnova<\/span><\/li>\n<li><span style=\"font-weight: 400\">destilirano iz ekolo\u0161ke koruze, pridelane na lastnih povr\u0161inah na Ljubljanskem barju<\/span><\/li>\n<li>alk. 46 % vol.<\/li>\n<li><span style=\"font-weight: 400\">z \u017eivo oz. revitalizirano vodo<\/span><\/li>\n<li><span style=\"font-weight: 400\">z ekolo\u0161kim certifikatom<\/span><\/li>\n<\/ul>\n<p>Minister za zdravje opozarja: Prekomerno pitje alkohola \u0161koduje zdravju!<\/p>\n<p>&nbsp;<\/p>\n","protected":false},"featured_media":1077,"comment_status":"open","ping_status":"closed","template":"","meta":{"_et_pb_use_builder":"","_et_pb_old_content":"","_et_gb_content_width":""},"product_brand":[],"product_cat":[32,27],"product_tag":[],"class_list":{"0":"post-925","1":"product","2":"type-product","3":"status-publish","4":"has-post-thumbnail","6":"product_cat-darilni-program","7":"product_cat-zgane-pijace","9":"first","10":"instock","11":"shipping-taxable","12":"purchasable","13":"product-type-simple"},"yoast_head":"<!-- This site is optimized with the Yoast SEO plugin v26.4 - https:\/\/yoast.com\/wordpress\/plugins\/seo\/ -->\n<title>Black Beauty: eko koruzno \u017eganje s \u010drnim trnom in trnuljami<\/title>\n<meta name=\"description\" content=\"Eko koruzno \u017eganje Black Beauty s \u010drnim trnom in trnuljami s posestva Trnulja: oblanci \u010drnega trna in trnulja v prvovrstnem ekolo\u0161kem \u017eganju \u2013 pokusite!\" \/>\n<meta name=\"robots\" content=\"index, follow, max-snippet:-1, max-image-preview:large, max-video-preview:-1\" \/>\n<link rel=\"canonical\" href=\"https:\/\/trnulja.com\/shop\/izdelek\/black-beauty-500-ml\/\" \/>\n<meta property=\"og:locale\" content=\"sl_SI\" \/>\n<meta property=\"og:type\" content=\"article\" \/>\n<meta property=\"og:title\" content=\"Black Beauty: eko koruzno \u017eganje s \u010drnim trnom in trnuljami\" \/>\n<meta property=\"og:description\" content=\"Eko koruzno \u017eganje Black Beauty s \u010drnim trnom in trnuljami s posestva Trnulja: oblanci \u010drnega trna in trnulja v prvovrstnem ekolo\u0161kem \u017eganju \u2013 pokusite!\" \/>\n<meta property=\"og:url\" content=\"https:\/\/trnulja.com\/shop\/izdelek\/black-beauty-500-ml\/\" \/>\n<meta property=\"og:site_name\" content=\"Trnuljina spletna trgovina\" \/>\n<meta property=\"article:modified_time\" content=\"2025-11-18T10:27:56+00:00\" \/>\n<meta property=\"og:image\" content=\"https:\/\/trnulja.com\/shop\/wp-content\/uploads\/2023\/01\/BLACK-BEAUTY-500-ML-2-scaled.jpg\" \/>\n\t<meta property=\"og:image:width\" content=\"2560\" \/>\n\t<meta property=\"og:image:height\" content=\"1707\" \/>\n\t<meta property=\"og:image:type\" content=\"image\/jpeg\" \/>\n<meta name=\"twitter:card\" content=\"summary_large_image\" \/>\n<meta name=\"twitter:label1\" content=\"Est. reading time\" \/>\n\t<meta name=\"twitter:data1\" content=\"2 minuti\" \/>\n<script type=\"application\/ld+json\" class=\"yoast-schema-graph\">{\"@context\":\"https:\/\/schema.org\",\"@graph\":[{\"@type\":\"WebPage\",\"@id\":\"https:\/\/trnulja.com\/shop\/izdelek\/black-beauty-500-ml\/\",\"url\":\"https:\/\/trnulja.com\/shop\/izdelek\/black-beauty-500-ml\/\",\"name\":\"Black Beauty: eko koruzno \u017eganje s \u010drnim trnom in trnuljami\",\"isPartOf\":{\"@id\":\"https:\/\/trnulja.com\/shop\/#website\"},\"primaryImageOfPage\":{\"@id\":\"https:\/\/trnulja.com\/shop\/izdelek\/black-beauty-500-ml\/#primaryimage\"},\"image\":{\"@id\":\"https:\/\/trnulja.com\/shop\/izdelek\/black-beauty-500-ml\/#primaryimage\"},\"thumbnailUrl\":\"https:\/\/trnulja.com\/shop\/wp-content\/uploads\/2023\/01\/BLACK-BEAUTY-500-ML-2-scaled.jpg\",\"datePublished\":\"2023-01-23T10:49:03+00:00\",\"dateModified\":\"2025-11-18T10:27:56+00:00\",\"description\":\"Eko koruzno \u017eganje Black Beauty s \u010drnim trnom in trnuljami s posestva Trnulja: oblanci \u010drnega trna in trnulja v prvovrstnem ekolo\u0161kem \u017eganju \u2013 pokusite!\",\"breadcrumb\":{\"@id\":\"https:\/\/trnulja.com\/shop\/izdelek\/black-beauty-500-ml\/#breadcrumb\"},\"inLanguage\":\"sl-SI\",\"potentialAction\":[{\"@type\":\"ReadAction\",\"target\":[\"https:\/\/trnulja.com\/shop\/izdelek\/black-beauty-500-ml\/\"]}]},{\"@type\":\"ImageObject\",\"inLanguage\":\"sl-SI\",\"@id\":\"https:\/\/trnulja.com\/shop\/izdelek\/black-beauty-500-ml\/#primaryimage\",\"url\":\"https:\/\/trnulja.com\/shop\/wp-content\/uploads\/2023\/01\/BLACK-BEAUTY-500-ML-2-scaled.jpg\",\"contentUrl\":\"https:\/\/trnulja.com\/shop\/wp-content\/uploads\/2023\/01\/BLACK-BEAUTY-500-ML-2-scaled.jpg\",\"width\":2560,\"height\":1707},{\"@type\":\"BreadcrumbList\",\"@id\":\"https:\/\/trnulja.com\/shop\/izdelek\/black-beauty-500-ml\/#breadcrumb\",\"itemListElement\":[{\"@type\":\"ListItem\",\"position\":1,\"name\":\"Home\",\"item\":\"https:\/\/trnulja.com\/shop\/\"},{\"@type\":\"ListItem\",\"position\":2,\"name\":\"Trgovina\",\"item\":\"https:\/\/trnulja.com\/shop\/?page_id=6\"},{\"@type\":\"ListItem\",\"position\":3,\"name\":\"BLACK BEAUTY, 500 ml\"}]},{\"@type\":\"WebSite\",\"@id\":\"https:\/\/trnulja.com\/shop\/#website\",\"url\":\"https:\/\/trnulja.com\/shop\/\",\"name\":\"Trnuljina spletna trgovina\",\"description\":\"\u0160e eno spleti\u0161\u010de WordPress\",\"potentialAction\":[{\"@type\":\"SearchAction\",\"target\":{\"@type\":\"EntryPoint\",\"urlTemplate\":\"https:\/\/trnulja.com\/shop\/?s={search_term_string}\"},\"query-input\":{\"@type\":\"PropertyValueSpecification\",\"valueRequired\":true,\"valueName\":\"search_term_string\"}}],\"inLanguage\":\"sl-SI\"}]}<\/script>\n<!-- \/ Yoast SEO plugin. -->","yoast_head_json":{"title":"Black Beauty: eko koruzno \u017eganje s \u010drnim trnom in trnuljami","description":"Eko koruzno \u017eganje Black Beauty s \u010drnim trnom in trnuljami s posestva Trnulja: oblanci \u010drnega trna in trnulja v prvovrstnem ekolo\u0161kem \u017eganju \u2013 pokusite!","robots":{"index":"index","follow":"follow","max-snippet":"max-snippet:-1","max-image-preview":"max-image-preview:large","max-video-preview":"max-video-preview:-1"},"canonical":"https:\/\/trnulja.com\/shop\/izdelek\/black-beauty-500-ml\/","og_locale":"sl_SI","og_type":"article","og_title":"Black Beauty: eko koruzno \u017eganje s \u010drnim trnom in trnuljami","og_description":"Eko koruzno \u017eganje Black Beauty s \u010drnim trnom in trnuljami s posestva Trnulja: oblanci \u010drnega trna in trnulja v prvovrstnem ekolo\u0161kem \u017eganju \u2013 pokusite!","og_url":"https:\/\/trnulja.com\/shop\/izdelek\/black-beauty-500-ml\/","og_site_name":"Trnuljina spletna trgovina","article_modified_time":"2025-11-18T10:27:56+00:00","og_image":[{"width":2560,"height":1707,"url":"https:\/\/trnulja.com\/shop\/wp-content\/uploads\/2023\/01\/BLACK-BEAUTY-500-ML-2-scaled.jpg","type":"image\/jpeg"}],"twitter_card":"summary_large_image","twitter_misc":{"Est. reading time":"2 minuti"},"schema":{"@context":"https:\/\/schema.org","@graph":[{"@type":"WebPage","@id":"https:\/\/trnulja.com\/shop\/izdelek\/black-beauty-500-ml\/","url":"https:\/\/trnulja.com\/shop\/izdelek\/black-beauty-500-ml\/","name":"Black Beauty: eko koruzno \u017eganje s \u010drnim trnom in trnuljami","isPartOf":{"@id":"https:\/\/trnulja.com\/shop\/#website"},"primaryImageOfPage":{"@id":"https:\/\/trnulja.com\/shop\/izdelek\/black-beauty-500-ml\/#primaryimage"},"image":{"@id":"https:\/\/trnulja.com\/shop\/izdelek\/black-beauty-500-ml\/#primaryimage"},"thumbnailUrl":"https:\/\/trnulja.com\/shop\/wp-content\/uploads\/2023\/01\/BLACK-BEAUTY-500-ML-2-scaled.jpg","datePublished":"2023-01-23T10:49:03+00:00","dateModified":"2025-11-18T10:27:56+00:00","description":"Eko koruzno \u017eganje Black Beauty s \u010drnim trnom in trnuljami s posestva Trnulja: oblanci \u010drnega trna in trnulja v prvovrstnem ekolo\u0161kem \u017eganju \u2013 pokusite!","breadcrumb":{"@id":"https:\/\/trnulja.com\/shop\/izdelek\/black-beauty-500-ml\/#breadcrumb"},"inLanguage":"sl-SI","potentialAction":[{"@type":"ReadAction","target":["https:\/\/trnulja.com\/shop\/izdelek\/black-beauty-500-ml\/"]}]},{"@type":"ImageObject","inLanguage":"sl-SI","@id":"https:\/\/trnulja.com\/shop\/izdelek\/black-beauty-500-ml\/#primaryimage","url":"https:\/\/trnulja.com\/shop\/wp-content\/uploads\/2023\/01\/BLACK-BEAUTY-500-ML-2-scaled.jpg","contentUrl":"https:\/\/trnulja.com\/shop\/wp-content\/uploads\/2023\/01\/BLACK-BEAUTY-500-ML-2-scaled.jpg","width":2560,"height":1707},{"@type":"BreadcrumbList","@id":"https:\/\/trnulja.com\/shop\/izdelek\/black-beauty-500-ml\/#breadcrumb","itemListElement":[{"@type":"ListItem","position":1,"name":"Home","item":"https:\/\/trnulja.com\/shop\/"},{"@type":"ListItem","position":2,"name":"Trgovina","item":"https:\/\/trnulja.com\/shop\/?page_id=6"},{"@type":"ListItem","position":3,"name":"BLACK BEAUTY, 500 ml"}]},{"@type":"WebSite","@id":"https:\/\/trnulja.com\/shop\/#website","url":"https:\/\/trnulja.com\/shop\/","name":"Trnuljina spletna trgovina","description":"\u0160e eno spleti\u0161\u010de WordPress","potentialAction":[{"@type":"SearchAction","target":{"@type":"EntryPoint","urlTemplate":"https:\/\/trnulja.com\/shop\/?s={search_term_string}"},"query-input":{"@type":"PropertyValueSpecification","valueRequired":true,"valueName":"search_term_string"}}],"inLanguage":"sl-SI"}]}},"_links":{"self":[{"href":"https:\/\/trnulja.com\/shop\/wp-json\/wp\/v2\/product\/925","targetHints":{"allow":["GET"]}}],"collection":[{"href":"https:\/\/trnulja.com\/shop\/wp-json\/wp\/v2\/product"}],"about":[{"href":"https:\/\/trnulja.com\/shop\/wp-json\/wp\/v2\/types\/product"}],"replies":[{"embeddable":true,"href":"https:\/\/trnulja.com\/shop\/wp-json\/wp\/v2\/comments?post=925"}],"wp:featuredmedia":[{"embeddable":true,"href":"https:\/\/trnulja.com\/shop\/wp-json\/wp\/v2\/media\/1077"}],"wp:attachment":[{"href":"https:\/\/trnulja.com\/shop\/wp-json\/wp\/v2\/media?parent=925"}],"wp:term":[{"taxonomy":"product_brand","embeddable":true,"href":"https:\/\/trnulja.com\/shop\/wp-json\/wp\/v2\/product_brand?post=925"},{"taxonomy":"product_cat","embeddable":true,"href":"https:\/\/trnulja.com\/shop\/wp-json\/wp\/v2\/product_cat?post=925"},{"taxonomy":"product_tag","embeddable":true,"href":"https:\/\/trnulja.com\/shop\/wp-json\/wp\/v2\/product_tag?post=925"}],"curies":[{"name":"wp","href":"https:\/\/api.w.org\/{rel}","templated":true}]}}